{"id":38466,"date":"2026-02-27T00:44:09","date_gmt":"2026-02-27T00:44:09","guid":{"rendered":"https:\/\/nordicmart.andreevmaster.com\/product\/songmics-kangaskaappi-rullaluukulla-beige\/"},"modified":"2026-02-27T09:59:39","modified_gmt":"2026-02-27T09:59:39","slug":"songmics-kangaskaappi-rullaluukulla-beige","status":"publish","type":"product","link":"https:\/\/nordicmart.andreevmaster.com\/fi\/tuote\/songmics-kangaskaappi-rullaluukulla-beige\/","title":{"rendered":"SONGMICS kangaskaappi rullaluukulla, beige"},"content":{"rendered":"<p>Oletko aina \u00e4rtynyt vaatteista, jotka ovat lev\u00e4ll\u00e4\u00e4n ymp\u00e4riins\u00e4? Eik\u00e4 sinulla ole koskaan tarpeeksi tilaa varusteille, kun vaihdat vaatekaappiasi vuodenajan mukaan? Songmics-vaatekaappi on t\u00e4ydellinen ratkaisu sinulle, jotta saat kodin takaisin j\u00e4rjestykseen. Kaappi tarjoaa paljon tilaa, se on todellinen &#8221;tilan ihme&#8221;, siihen mahtuu paljon ja se tarjoaa runsaasti s\u00e4ilytystilaa. Siihen voi s\u00e4il\u00f6\u00e4 kaikenlaista, kuten vuodevaatteet, talvi-\/kes\u00e4vaatteet, keng\u00e4t ja vastaavat. Vaatetanko ja hyllyk\u00f6t mahdollistavat my\u00f6s k\u00e4yt\u00e4nn\u00f6llisen jaon, mik\u00e4 tekee kaapista eritt\u00e4in toimivan. Oletko ep\u00e4ilev\u00e4inen siit\u00e4, onko ter\u00e4sputken ja muoviosien yhdistelm\u00e4 tarpeeksi kest\u00e4v\u00e4? Vankkan rakenteensa ansiosta voit unohtaa t\u00e4m\u00e4n huolen. Runko on vakaa ja kest\u00e4\u00e4 suurta painoa. Ovella varustettu vaatekaappi tarjoaa my\u00f6s p\u00f6lytt\u00f6m\u00e4n ja k\u00e4tev\u00e4n s\u00e4ilytystilan. Lis\u00e4ksi Songmics-vaatekaapin ulkon\u00e4k\u00f6 on yksinkertainen, ja sen muotoilu sopii hyvin huoneeseesi tai toimistoosi. K\u00e4ytetty materiaali on laadukasta, kest\u00e4v\u00e4\u00e4, ymp\u00e4rist\u00f6yst\u00e4v\u00e4llist\u00e4 ja terveydelle vaaratonta. Songmicsilt\u00e4 saat korkealaatuisia tuotteita, joilla on hyv\u00e4 hinta-laatusuhde. Huomautukset:- Tuotetta ei saa altistaa suoralle auringonvalolle, muuten sen k\u00e4ytt\u00f6ik\u00e4 voi lyhenty\u00e4. S\u00e4ilyt\u00e4 tuote viile\u00e4ss\u00e4 ja kuivassa paikassa homeen muodostumisen est\u00e4miseksi. &#8211; Kun liit\u00e4t rautaputket ja muoviset liitoskappaleet toisiinsa, \u00e4l\u00e4 paina rautaputkea v\u00e4kisin suoraan liitoskappaleen sis\u00e4\u00e4n, vaan kierr\u00e4 rautaputki hitaasti liitoskappaleeseen.- Jos putket on vaikea ty\u00f6nt\u00e4\u00e4 muoviliittimien sis\u00e4\u00e4n, kokeile upottaa muoviliittimet l\u00e4mpim\u00e4\u00e4n veteen. &#8211; Jos kohtaat ongelmia asennuksessa, ota yhteytt\u00e4 asiakaspalveluumme, autamme mielell\u00e4mme ongelmien ratkaisemisessa tai tarjoamme sinulle ilmaisia varaosia. &#8211; Fleece-kankaasta valmistettu p\u00e4\u00e4llinen ei ole vesipesunkest\u00e4v\u00e4.Tuotetiedot: &#8211; V\u00e4ri: beige &#8211; Mitat: 88 x 170 x 45 cm (L x K x S) &#8211; Materiaali: fleece-kangas + rautaputki &#8211; Pakkauksen mitat: 58 x 28 x 9 cm &#8211; Paino: 2,6 kg Toimitus sis\u00e4lt\u00e4\u00e4: &#8211; 1 x kangaspukukaappi<\/p>\n","protected":false},"excerpt":{"rendered":"<p>SONGMICS XL vaatekaappi kangaskaappi taitettava kaappi 2 vaatetangolla (kantavuus 25 kg) 7 asennustapaa, ihanteellinen olohuoneeseen, makuuhuoneeseen, autotalliin, kellariin 88 x 45 x 170 cm musta RYG84H<\/p>\n","protected":false},"featured_media":46258,"comment_status":"open","ping_status":"closed","template":"","meta":[],"product_brand":[],"product_cat":[32],"product_tag":[],"class_list":{"0":"post-38466","1":"product","2":"type-product","3":"status-publish","4":"has-post-thumbnail","6":"product_cat-uncategorized-fi","8":"first","9":"instock","10":"shipping-taxable","11":"purchasable","12":"product-type-simple"},"_links":{"self":[{"href":"https:\/\/nordicmart.andreevmaster.com\/fi\/wp-json\/wp\/v2\/product\/38466","targetHints":{"allow":["GET"]}}],"collection":[{"href":"https:\/\/nordicmart.andreevmaster.com\/fi\/wp-json\/wp\/v2\/product"}],"about":[{"href":"https:\/\/nordicmart.andreevmaster.com\/fi\/wp-json\/wp\/v2\/types\/product"}],"replies":[{"embeddable":true,"href":"https:\/\/nordicmart.andreevmaster.com\/fi\/wp-json\/wp\/v2\/comments?post=38466"}],"wp:featuredmedia":[{"embeddable":true,"href":"https:\/\/nordicmart.andreevmaster.com\/fi\/wp-json\/wp\/v2\/media\/46258"}],"wp:attachment":[{"href":"https:\/\/nordicmart.andreevmaster.com\/fi\/wp-json\/wp\/v2\/media?parent=38466"}],"wp:term":[{"taxonomy":"product_brand","embeddable":true,"href":"https:\/\/nordicmart.andreevmaster.com\/fi\/wp-json\/wp\/v2\/product_brand?post=38466"},{"taxonomy":"product_cat","embeddable":true,"href":"https:\/\/nordicmart.andreevmaster.com\/fi\/wp-json\/wp\/v2\/product_cat?post=38466"},{"taxonomy":"product_tag","embeddable":true,"href":"https:\/\/nordicmart.andreevmaster.com\/fi\/wp-json\/wp\/v2\/product_tag?post=38466"}],"curies":[{"name":"wp","href":"https:\/\/api.w.org\/{rel}","templated":true}]}}