{"id":38465,"date":"2026-02-27T00:44:09","date_gmt":"2026-02-27T00:44:09","guid":{"rendered":"https:\/\/nordicmart.andreevmaster.com\/product\/songmics-kangaskaappi-170-x-88-cm-musta\/"},"modified":"2026-02-27T09:59:39","modified_gmt":"2026-02-27T09:59:39","slug":"songmics-kangaskaappi-170-x-88-cm-musta","status":"publish","type":"product","link":"https:\/\/nordicmart.andreevmaster.com\/fi\/tuote\/songmics-kangaskaappi-170-x-88-cm-musta\/","title":{"rendered":"SONGMICS kangaskaappi 170 x 88 cm musta"},"content":{"rendered":"<p>Oletko aina \u00e4rtynyt vaatteista, jotka lojuvat ymp\u00e4riins\u00e4? Eik\u00f6 sinulla ole koskaan tarpeeksi tilaa varusteille, kun vaihdat vaatekaappiasi vuodenajan mukaan? Songmics-vaatekaappi on t\u00e4ydellinen ratkaisu sinulle, jotta saat kodin takaisin j\u00e4rjestykseen. Songmics-kangaspukukaapin ulkon\u00e4k\u00f6 on lis\u00e4ksi yksinkertainen, ja sen muotoilu sopii hyvin huoneeseesi tai toimistoosi. K\u00e4ytetty materiaali on laadukasta, kest\u00e4v\u00e4\u00e4, ymp\u00e4rist\u00f6yst\u00e4v\u00e4llist\u00e4 ja terveydelle vaaratonta. Songmicsilt\u00e4 saat korkealaatuisia tuotteita, joilla on hyv\u00e4 hinta-laatusuhde. Huomautukset: &#8211; Jos putket on vaikea ty\u00f6nt\u00e4\u00e4 muoviliittimiin, kokeile upottaa muoviliittimet l\u00e4mpim\u00e4\u00e4n veteen. &#8211; Tuotetta ei saa altistaa suoralle auringonvalolle, muuten sen k\u00e4ytt\u00f6ik\u00e4 voi lyhenty\u00e4. S\u00e4ilyt\u00e4 tuote viile\u00e4ss\u00e4 ja kuivassa paikassa homeen muodostumisen est\u00e4miseksi. &#8211; \u00c4l\u00e4 avaa ja kokoa tuotetta v\u00e4kisin. &#8211; Jos kohtaat ongelmia asennuksessa, ota yhteytt\u00e4 asiakaspalveluumme, autamme mielell\u00e4mme ongelmien ratkaisemisessa tai tarjoamme sinulle ilmaisia varaosia. &#8211; Fleece-kankaasta valmistettu p\u00e4\u00e4llinen ei ole vesipesunkest\u00e4v\u00e4. Tuotetiedot:- V\u00e4ri: musta &#8211; Mitat: noin 88 x 45 x 170 cm &#8211; Materiaali: p\u00e4\u00e4llinen: fleece-kangas, ter\u00e4sputki (\u00d8 15 mm) &#8211; Pakkauksen mitat: 58 x 28 x 9 cm &#8211; Paino: 2,6 kg Toimitus sis\u00e4lt\u00e4\u00e4: &#8211; 1 x kangaspukukaappi<\/p>\n","protected":false},"excerpt":{"rendered":"<p>SONGMICS XL vaatekaappi kangaskaappi taitettava kaappi 2 vaatetangolla (kantavuus 25 kg) 7 asennustapaa, ihanteellinen olohuoneeseen, makuuhuoneeseen, autotalliin, kellariin 88 x 45 x 170 cm musta RYG84H<\/p>\n","protected":false},"featured_media":46257,"comment_status":"open","ping_status":"closed","template":"","meta":[],"product_brand":[],"product_cat":[32],"product_tag":[],"class_list":{"0":"post-38465","1":"product","2":"type-product","3":"status-publish","4":"has-post-thumbnail","6":"product_cat-uncategorized-fi","8":"first","9":"instock","10":"shipping-taxable","11":"purchasable","12":"product-type-simple"},"_links":{"self":[{"href":"https:\/\/nordicmart.andreevmaster.com\/fi\/wp-json\/wp\/v2\/product\/38465","targetHints":{"allow":["GET"]}}],"collection":[{"href":"https:\/\/nordicmart.andreevmaster.com\/fi\/wp-json\/wp\/v2\/product"}],"about":[{"href":"https:\/\/nordicmart.andreevmaster.com\/fi\/wp-json\/wp\/v2\/types\/product"}],"replies":[{"embeddable":true,"href":"https:\/\/nordicmart.andreevmaster.com\/fi\/wp-json\/wp\/v2\/comments?post=38465"}],"wp:featuredmedia":[{"embeddable":true,"href":"https:\/\/nordicmart.andreevmaster.com\/fi\/wp-json\/wp\/v2\/media\/46257"}],"wp:attachment":[{"href":"https:\/\/nordicmart.andreevmaster.com\/fi\/wp-json\/wp\/v2\/media?parent=38465"}],"wp:term":[{"taxonomy":"product_brand","embeddable":true,"href":"https:\/\/nordicmart.andreevmaster.com\/fi\/wp-json\/wp\/v2\/product_brand?post=38465"},{"taxonomy":"product_cat","embeddable":true,"href":"https:\/\/nordicmart.andreevmaster.com\/fi\/wp-json\/wp\/v2\/product_cat?post=38465"},{"taxonomy":"product_tag","embeddable":true,"href":"https:\/\/nordicmart.andreevmaster.com\/fi\/wp-json\/wp\/v2\/product_tag?post=38465"}],"curies":[{"name":"wp","href":"https:\/\/api.w.org\/{rel}","templated":true}]}}