{"id":38464,"date":"2026-02-27T00:44:08","date_gmt":"2026-02-27T00:44:08","guid":{"rendered":"https:\/\/nordicmart.andreevmaster.com\/product\/songmics-kangaspukukaappi-rullaluukulla-harmaa\/"},"modified":"2026-02-27T09:59:39","modified_gmt":"2026-02-27T09:59:39","slug":"songmics-kangaspukukaappi-rullaluukulla-harmaa","status":"publish","type":"product","link":"https:\/\/nordicmart.andreevmaster.com\/fi\/tuote\/songmics-kangaspukukaappi-rullaluukulla-harmaa\/","title":{"rendered":"SONGMICS kangaspukukaappi rullaluukulla, harmaa"},"content":{"rendered":"<p>Useiden hyllyjen ansiosta vasemmalla puolella kangaspukukaappi on eritt\u00e4in vakaa. Vaatekaappi, jossa on vaatetanko ja hyllyt, mahdollistaa k\u00e4yt\u00e4nn\u00f6llisen jaon ja tekee kaapista eritt\u00e4in toimivan. Esimerkiksi housut, T-paidat ja paidat voidaan ripustaa rypistym\u00e4tt\u00e4, ja taskut, saappaat, huivit ja vastaavat voidaan lajitella tehokkaasti. Todellinen &#8221;tilan s\u00e4\u00e4st\u00e4j\u00e4&#8221;, joka sopii kaikkialle, kuten olohuoneeseen, makuuhuoneeseen, kodinhoitohuoneeseen jne. Tuotetiedot: -V\u00e4ri: harmaa -Mitat: 88 x 170 x 45 cm (L x K x S) -Materiaali: Hyllyt 75 g\/m\u00b2 laminoitua kuitukangasta, p\u00e4\u00e4llinen 75 g\/m\u00b2 kuitukangasta, rautaputki (\u00d8 15 mm) &#8211; Pakkauksen mitat: 58 x 28 x 9 cm &#8211; Paino: 2,6 kg Toimitus sis\u00e4lt\u00e4\u00e4: 1 x vaatekaappi<\/p>\n","protected":false},"excerpt":{"rendered":"<p>SONGMICS XL vaatekaappi kangaskaappi taitettava kaappi 2 vaatetangolla (kantavuus 25 kg) 7 asennustapaa, ihanteellinen olohuoneeseen, makuuhuoneeseen, autotalliin, kellariin 88 x 45 x 170 cm musta RYG84H<\/p>\n","protected":false},"featured_media":46256,"comment_status":"open","ping_status":"closed","template":"","meta":[],"product_brand":[],"product_cat":[32],"product_tag":[],"class_list":{"0":"post-38464","1":"product","2":"type-product","3":"status-publish","4":"has-post-thumbnail","6":"product_cat-uncategorized-fi","8":"first","9":"instock","10":"shipping-taxable","11":"purchasable","12":"product-type-simple"},"_links":{"self":[{"href":"https:\/\/nordicmart.andreevmaster.com\/fi\/wp-json\/wp\/v2\/product\/38464","targetHints":{"allow":["GET"]}}],"collection":[{"href":"https:\/\/nordicmart.andreevmaster.com\/fi\/wp-json\/wp\/v2\/product"}],"about":[{"href":"https:\/\/nordicmart.andreevmaster.com\/fi\/wp-json\/wp\/v2\/types\/product"}],"replies":[{"embeddable":true,"href":"https:\/\/nordicmart.andreevmaster.com\/fi\/wp-json\/wp\/v2\/comments?post=38464"}],"wp:featuredmedia":[{"embeddable":true,"href":"https:\/\/nordicmart.andreevmaster.com\/fi\/wp-json\/wp\/v2\/media\/46256"}],"wp:attachment":[{"href":"https:\/\/nordicmart.andreevmaster.com\/fi\/wp-json\/wp\/v2\/media?parent=38464"}],"wp:term":[{"taxonomy":"product_brand","embeddable":true,"href":"https:\/\/nordicmart.andreevmaster.com\/fi\/wp-json\/wp\/v2\/product_brand?post=38464"},{"taxonomy":"product_cat","embeddable":true,"href":"https:\/\/nordicmart.andreevmaster.com\/fi\/wp-json\/wp\/v2\/product_cat?post=38464"},{"taxonomy":"product_tag","embeddable":true,"href":"https:\/\/nordicmart.andreevmaster.com\/fi\/wp-json\/wp\/v2\/product_tag?post=38464"}],"curies":[{"name":"wp","href":"https:\/\/api.w.org\/{rel}","templated":true}]}}