{"id":38463,"date":"2026-02-27T00:44:08","date_gmt":"2026-02-27T00:44:08","guid":{"rendered":"https:\/\/nordicmart.andreevmaster.com\/product\/songmics-kangaskaappi-vetoketjulla-beige\/"},"modified":"2026-02-27T09:59:39","modified_gmt":"2026-02-27T09:59:39","slug":"songmics-kangaskaappi-vetoketjulla-beige","status":"publish","type":"product","link":"https:\/\/nordicmart.andreevmaster.com\/fi\/tuote\/songmics-kangaskaappi-vetoketjulla-beige\/","title":{"rendered":"SONGMICS kangaskaappi vetoketjulla, beige"},"content":{"rendered":"<p>Songmicsin tyylik\u00e4s taitettava kaappi on ihanteellinen ratkaisu nopeaan ja t\u00e4ydelliseen j\u00e4rjestykseen! Se koostuu tukevasta ter\u00e4sputkirungosta ja kest\u00e4v\u00e4st\u00e4 fleece-kankaasta. Se tarjoaa p\u00f6lytt\u00f6m\u00e4n ja puhtaan s\u00e4ilytystilan vaatteille. Eritt\u00e4in tilaa s\u00e4\u00e4st\u00e4v\u00e4, mahtuu jokaiseen nurkkaan! T\u00e4m\u00e4 erityisen suuri taitettava tekstiilikaappi hengitt\u00e4v\u00e4ll\u00e4 kankaalla tarjoaa runsaasti tilaa vaatteillesi, kengillesi jne.Kaappi on paitsi k\u00e4yt\u00e4nn\u00f6llinen vaatteiden s\u00e4ilytt\u00e4miseen, my\u00f6s koristeellinen ja luo muotia ja trendej\u00e4. Se luo kotiisi siistin ja j\u00e4rjestyksellisen ilmapiirin! Huomautukset: &#8211; Tuotetta ei saa altistaa suoralle auringonvalolle, muuten sen k\u00e4ytt\u00f6ik\u00e4 voi lyhenty\u00e4. S\u00e4ilyt\u00e4 viile\u00e4ss\u00e4 ja kuivassa paikassa homeen muodostumisen est\u00e4miseksi. &#8211; Kun liit\u00e4t rautaputket ja muoviset liitoskappaleet, \u00e4l\u00e4 paina rautaputkea v\u00e4kisin suoraan liitoskappaleen sis\u00e4\u00e4n, vaan kierr\u00e4 rautaputki hitaasti liitoskappaleeseen. &#8211; Varmista, ett\u00e4 putket on asetettu liitoskappaleeseen kokonaan. Jos muoviliittimien aukko on liian kapea, kokeile upottaa muoviliittimet l\u00e4mpim\u00e4\u00e4n veteen. &#8211; Jos kohtaat ongelmia asennuksessa, ota yhteytt\u00e4 asiakaspalveluumme, autamme mielell\u00e4mme ongelmien ratkaisemisessa tai tarjoamme sinulle ilmaisia varaosia. Tuotetiedot: &#8211; V\u00e4ri: beige &#8211; Mitat: 75 x 160 x 45 cm (L x K x S) &#8211; Materiaali: kuitukangas, ter\u00e4sputki (\u00d8 16 mm) &#8211; Pakkauksen mitat: 80 x 25 x 7 cm &#8211; Paino: 2,8 kg Toimitus sis\u00e4lt\u00e4\u00e4: &#8211; 1 x taitettava kaappi<\/p>\n","protected":false},"excerpt":{"rendered":"<p>SONGMICS vaatekaappi kangaskaappi taitettava kaappi vaatekaappi retkeilykaappi 160 x 75 x 45 cm musta RYG83H<\/p>\n","protected":false},"featured_media":46255,"comment_status":"open","ping_status":"closed","template":"","meta":[],"product_brand":[],"product_cat":[32],"product_tag":[],"class_list":{"0":"post-38463","1":"product","2":"type-product","3":"status-publish","4":"has-post-thumbnail","6":"product_cat-uncategorized-fi","8":"first","9":"instock","10":"shipping-taxable","11":"purchasable","12":"product-type-simple"},"_links":{"self":[{"href":"https:\/\/nordicmart.andreevmaster.com\/fi\/wp-json\/wp\/v2\/product\/38463","targetHints":{"allow":["GET"]}}],"collection":[{"href":"https:\/\/nordicmart.andreevmaster.com\/fi\/wp-json\/wp\/v2\/product"}],"about":[{"href":"https:\/\/nordicmart.andreevmaster.com\/fi\/wp-json\/wp\/v2\/types\/product"}],"replies":[{"embeddable":true,"href":"https:\/\/nordicmart.andreevmaster.com\/fi\/wp-json\/wp\/v2\/comments?post=38463"}],"wp:featuredmedia":[{"embeddable":true,"href":"https:\/\/nordicmart.andreevmaster.com\/fi\/wp-json\/wp\/v2\/media\/46255"}],"wp:attachment":[{"href":"https:\/\/nordicmart.andreevmaster.com\/fi\/wp-json\/wp\/v2\/media?parent=38463"}],"wp:term":[{"taxonomy":"product_brand","embeddable":true,"href":"https:\/\/nordicmart.andreevmaster.com\/fi\/wp-json\/wp\/v2\/product_brand?post=38463"},{"taxonomy":"product_cat","embeddable":true,"href":"https:\/\/nordicmart.andreevmaster.com\/fi\/wp-json\/wp\/v2\/product_cat?post=38463"},{"taxonomy":"product_tag","embeddable":true,"href":"https:\/\/nordicmart.andreevmaster.com\/fi\/wp-json\/wp\/v2\/product_tag?post=38463"}],"curies":[{"name":"wp","href":"https:\/\/api.w.org\/{rel}","templated":true}]}}