{"id":38460,"date":"2026-02-27T00:44:07","date_gmt":"2026-02-27T00:44:07","guid":{"rendered":"https:\/\/nordicmart.andreevmaster.com\/product\/songmics-kangaskaappi-168-x-180-cm-musta\/"},"modified":"2026-02-27T09:59:38","modified_gmt":"2026-02-27T09:59:38","slug":"songmics-kangaskaappi-168-x-180-cm-musta","status":"publish","type":"product","link":"https:\/\/nordicmart.andreevmaster.com\/fi\/tuote\/songmics-kangaskaappi-168-x-180-cm-musta\/","title":{"rendered":"SONGMICS kangaskaappi 168 x 180 cm musta"},"content":{"rendered":"<p>Oletko aina \u00e4rtynyt vaatteista, jotka lojuvat ymp\u00e4riins\u00e4?  Eik\u00e4 sinulla ole koskaan tarpeeksi tilaa varusteille, kun vaihdat vaatekaappia vuodenajan mukaan? Songmics-vaatekaappi on t\u00e4ydellinen ratkaisu sinulle, jotta saat kodin takaisin j\u00e4rjestykseen.  Kaappi tarjoaa paljon tilaa, se on todellinen &#8221;tilan ihme&#8221;, siihen mahtuu paljon ja se tarjoaa runsaasti s\u00e4ilytystilaa. Siihen voi s\u00e4il\u00f6\u00e4 kaikenlaista, kuten vuodevaatteet, talvi-\/kes\u00e4vaatteet, keng\u00e4t ja vastaavat. Vaateripustin ja hyllyjen ansiosta vaatekaappi on k\u00e4yt\u00e4nn\u00f6llinen ja eritt\u00e4in toimiva. Materiaali on laadukasta, kest\u00e4v\u00e4\u00e4, ymp\u00e4rist\u00f6yst\u00e4v\u00e4llist\u00e4 ja terveydelle vaaratonta. Songmicsilta saat korkealaatuisia tuotteita, joilla on hyv\u00e4 hinta-laatusuhde. Huomautukset: -Jos putket on vaikea ty\u00f6nt\u00e4\u00e4 muovisiin liitoskappaleisiin, kokeile upottaa muoviset liitoskappaleet l\u00e4mpim\u00e4\u00e4n veteen. &#8211; Tuotetta ei saa altistaa suoralle auringonvalolle, muuten sen k\u00e4ytt\u00f6ik\u00e4 voi lyhenty\u00e4. S\u00e4ilyt\u00e4 tuote viile\u00e4ss\u00e4 ja kuivassa paikassa homeen muodostumisen est\u00e4miseksi. &#8211; V\u00e4lt\u00e4 pakkauksen avaamista ja tuotteen kokoamista v\u00e4kisin. Jos kohtaat ongelmia kokoamisessa, ota yhteytt\u00e4 asiakaspalveluumme, autamme mielell\u00e4mme ongelmien ratkaisemisessa tai tarjoamme sinulle ilmaisia varaosia. Tuotetiedot: &#8211; V\u00e4ri: musta &#8211; Mitat: noin 168 x 180 x 45 cm (L x K x S) &#8211; Materiaali:kuitukangas, ter\u00e4sputki  &#8211; Vaatehylly: kuitukangas 95 g\/m\u00b2, laminoitu PE-kalvolla &#8211; Putki: rauta (\u00d8 16 mm) &#8211; Pakkauksen mitat: 58 x 34 x 11,5 cm &#8211; Paino: 4,32 kg Toimitus sis\u00e4lt\u00e4\u00e4: &#8211; 1 x kangaspukukaappi<\/p>\n","protected":false},"excerpt":{"rendered":"<p>SONGMICS XXXL Deluxe korkeus 180 cm vaatekaappi korkeat jalat taitettava kaappi kangaskaappi 2 vaatetangolla 4 taskua 180 x 45 x 168 cm musta RYG44H<\/p>\n","protected":false},"featured_media":46252,"comment_status":"open","ping_status":"closed","template":"","meta":[],"product_brand":[],"product_cat":[32],"product_tag":[],"class_list":{"0":"post-38460","1":"product","2":"type-product","3":"status-publish","4":"has-post-thumbnail","6":"product_cat-uncategorized-fi","8":"first","9":"instock","10":"shipping-taxable","11":"purchasable","12":"product-type-simple"},"_links":{"self":[{"href":"https:\/\/nordicmart.andreevmaster.com\/fi\/wp-json\/wp\/v2\/product\/38460","targetHints":{"allow":["GET"]}}],"collection":[{"href":"https:\/\/nordicmart.andreevmaster.com\/fi\/wp-json\/wp\/v2\/product"}],"about":[{"href":"https:\/\/nordicmart.andreevmaster.com\/fi\/wp-json\/wp\/v2\/types\/product"}],"replies":[{"embeddable":true,"href":"https:\/\/nordicmart.andreevmaster.com\/fi\/wp-json\/wp\/v2\/comments?post=38460"}],"wp:featuredmedia":[{"embeddable":true,"href":"https:\/\/nordicmart.andreevmaster.com\/fi\/wp-json\/wp\/v2\/media\/46252"}],"wp:attachment":[{"href":"https:\/\/nordicmart.andreevmaster.com\/fi\/wp-json\/wp\/v2\/media?parent=38460"}],"wp:term":[{"taxonomy":"product_brand","embeddable":true,"href":"https:\/\/nordicmart.andreevmaster.com\/fi\/wp-json\/wp\/v2\/product_brand?post=38460"},{"taxonomy":"product_cat","embeddable":true,"href":"https:\/\/nordicmart.andreevmaster.com\/fi\/wp-json\/wp\/v2\/product_cat?post=38460"},{"taxonomy":"product_tag","embeddable":true,"href":"https:\/\/nordicmart.andreevmaster.com\/fi\/wp-json\/wp\/v2\/product_tag?post=38460"}],"curies":[{"name":"wp","href":"https:\/\/api.w.org\/{rel}","templated":true}]}}