{"id":38458,"date":"2026-02-27T00:44:07","date_gmt":"2026-02-27T00:44:07","guid":{"rendered":"https:\/\/nordicmart.andreevmaster.com\/product\/songmics-suuri-kangaspukukaappi-175-x-150-cm-beige\/"},"modified":"2026-02-27T09:59:37","modified_gmt":"2026-02-27T09:59:37","slug":"songmics-suuri-kangaspukukaappi-175-x-150-cm-beige","status":"publish","type":"product","link":"https:\/\/nordicmart.andreevmaster.com\/fi\/tuote\/songmics-suuri-kangaspukukaappi-175-x-150-cm-beige\/","title":{"rendered":"SONGMICS Suuri kangaspukukaappi 175 x 150 cm Beige"},"content":{"rendered":"<p>Aseta t\u00e4m\u00e4 kangaspukukaappi kotiisi ja siisti kotisi. SONGMICS ei koskaan pet\u00e4 sinua! Paidat ja mekot ilman ryppyj\u00e4 T\u00e4m\u00e4n taitettavan kangaspukukaapin ansiosta sinun ei en\u00e4\u00e4 tarvitse etsi\u00e4 sopivaa asua sekavasta vaatekasasta, mik\u00e4 s\u00e4\u00e4st\u00e4\u00e4 aamuisin paljon aikaa ja vaivaa. T\u00e4m\u00e4 kaappi on varustettu kahdella vaatetangolla, joihin voit ripustaa seuraavan ty\u00f6p\u00e4iv\u00e4n asun siististi ja k\u00e4tev\u00e4sti saataville. Mit\u00e4 tehd\u00e4, jos kangasp\u00e4\u00e4llyste tai suojus likaantuu? \u00c4l\u00e4 huoli! Fleece-kangas on helppohoitoinen ja vett\u00e4 hylkiv\u00e4, joten sen puhdistamiseen riitt\u00e4\u00e4 kostealla liinalla pyyhkiminen. Tuotetiedot: &#8211; V\u00e4ri: beige &#8211; Materiaali: 95 g\/m\u00b2 kuitukangas, 16 mm metalliputket, muoviset liitoskappaleet &#8211; Koko: 150 x 45 x 175 cm (P x L x K) &#8211; Paino: 5,8 kg &#8211; Jokaisen hyllyn enimm\u00e4iskuormitus: 5 kg &#8211; Vaateripustimen enimm\u00e4iskuormitus: 15 kg Toimitus sis\u00e4lt\u00e4\u00e4:- 1 x kangaskaappi &#8211; 1 x ohjeet (EN, DE, FR, ES, IT) SONGMICS-ohjeet: &#8211; \u00c4l\u00e4 altista t\u00e4t\u00e4 tuotetta voimakkaalle auringonvalolle, jotta se kest\u00e4\u00e4 k\u00e4yt\u00f6ss\u00e4 pidemp\u00e4\u00e4n. Sijoita se kuivaan, viile\u00e4\u00e4n paikkaan homeen muodostumisen est\u00e4miseksi. &#8211; Tekstiss\u00e4 mainittu enimm\u00e4iskuormituskyky viittaa staattiseen enimm\u00e4ispainoon.<\/p>\n","protected":false},"excerpt":{"rendered":"<p>SONGMICS vaatekaappi, kangaskaappi, taitettava vaatekaappi vaatetangoilla, vaateteline, s\u00e4ilytys, laukut, lelut, keng\u00e4t, makuuhuone, pukeutumishuone, 150 x 45 x 175 cm, beige RYG12M<\/p>\n","protected":false},"featured_media":46250,"comment_status":"open","ping_status":"closed","template":"","meta":[],"product_brand":[],"product_cat":[32],"product_tag":[],"class_list":{"0":"post-38458","1":"product","2":"type-product","3":"status-publish","4":"has-post-thumbnail","6":"product_cat-uncategorized-fi","8":"first","9":"instock","10":"shipping-taxable","11":"purchasable","12":"product-type-simple"},"_links":{"self":[{"href":"https:\/\/nordicmart.andreevmaster.com\/fi\/wp-json\/wp\/v2\/product\/38458","targetHints":{"allow":["GET"]}}],"collection":[{"href":"https:\/\/nordicmart.andreevmaster.com\/fi\/wp-json\/wp\/v2\/product"}],"about":[{"href":"https:\/\/nordicmart.andreevmaster.com\/fi\/wp-json\/wp\/v2\/types\/product"}],"replies":[{"embeddable":true,"href":"https:\/\/nordicmart.andreevmaster.com\/fi\/wp-json\/wp\/v2\/comments?post=38458"}],"wp:featuredmedia":[{"embeddable":true,"href":"https:\/\/nordicmart.andreevmaster.com\/fi\/wp-json\/wp\/v2\/media\/46250"}],"wp:attachment":[{"href":"https:\/\/nordicmart.andreevmaster.com\/fi\/wp-json\/wp\/v2\/media?parent=38458"}],"wp:term":[{"taxonomy":"product_brand","embeddable":true,"href":"https:\/\/nordicmart.andreevmaster.com\/fi\/wp-json\/wp\/v2\/product_brand?post=38458"},{"taxonomy":"product_cat","embeddable":true,"href":"https:\/\/nordicmart.andreevmaster.com\/fi\/wp-json\/wp\/v2\/product_cat?post=38458"},{"taxonomy":"product_tag","embeddable":true,"href":"https:\/\/nordicmart.andreevmaster.com\/fi\/wp-json\/wp\/v2\/product_tag?post=38458"}],"curies":[{"name":"wp","href":"https:\/\/api.w.org\/{rel}","templated":true}]}}