{"id":38449,"date":"2026-02-27T00:44:04","date_gmt":"2026-02-27T00:44:04","guid":{"rendered":"https:\/\/nordicmart.andreevmaster.com\/product\/songmics-wc-hylly-kylpyhuonehylly-puusta-pesukonehylly\/"},"modified":"2026-02-27T09:59:36","modified_gmt":"2026-02-27T09:59:36","slug":"songmics-wc-hylly-kylpyhuonehylly-puusta-pesukonehylly","status":"publish","type":"product","link":"https:\/\/nordicmart.andreevmaster.com\/fi\/tuote\/songmics-wc-hylly-kylpyhuonehylly-puusta-pesukonehylly\/","title":{"rendered":"SONGMICS WC-hylly, kylpyhuonehylly puusta, pesukonehylly"},"content":{"rendered":"<p>Ei en\u00e4\u00e4 rypistyneit\u00e4 paitoja ja vaatteita T\u00e4m\u00e4 t\u00e4ysin j\u00e4rjestetty vaatekaappi s\u00e4\u00e4st\u00e4\u00e4 sinut aamuruuhkassa vaatekasojen seasta oikean asun etsimiselt\u00e4. K\u00e4yt\u00e4 vaatetankoa ripustamaan vaatteesi seuraavaa ty\u00f6p\u00e4iv\u00e4\u00e4 varten siististi, jotta voit tuntea olosi virke\u00e4ksi aamulla. Tuotetiedot: &#8211; V\u00e4ri: harmaa, kalanruotokuvio &#8211; Materiaali: kuitukangas, metalliputki, muoviliittimet &#8211; Koko: 45 x 105 x 168 cm (S x L x K) &#8211; Paino: 3,7 kg &#8211; Tangon maks. staattinen kantavuus: 15 kg &#8211; Hyllyn maks. staattinen kantavuus: 5 kg &#8211; Maks. staattinen kokonaiskantavuus: 45 kgToimitus sis\u00e4lt\u00e4\u00e4:- 1 x kangaskaappi &#8211; 1 x kaatumissuoja &#8211; 1 x ohjeet SONGMICS Huomautukset: &#8211; \u00c4l\u00e4 k\u00e4yt\u00e4 tuotetta ulkona. &#8211; Turvallisuussyist\u00e4 lapset eiv\u00e4t saa kiivet\u00e4 tuotteelle tai leikki\u00e4 sill\u00e4. &#8211; Kiinnit\u00e4 t\u00e4m\u00e4 tuote sein\u00e4\u00e4n mukana toimitetulla kaatumissuojalla turvallisen k\u00e4yt\u00f6n varmistamiseksi.<\/p>\n","protected":false},"excerpt":{"rendered":"<p>SONGMICS vaatekaappi, kangaskaappi, 6 hylly\u00e4, erilaisia asennusmahdollisuuksia, 45 x 105 x 168 cm, makuuhuoneeseen, pukeutumishuoneeseen, musta RYG085B02<\/p>\n","protected":false},"featured_media":46241,"comment_status":"open","ping_status":"closed","template":"","meta":[],"product_brand":[],"product_cat":[32],"product_tag":[],"class_list":{"0":"post-38449","1":"product","2":"type-product","3":"status-publish","4":"has-post-thumbnail","6":"product_cat-uncategorized-fi","8":"first","9":"instock","10":"shipping-taxable","11":"purchasable","12":"product-type-simple"},"_links":{"self":[{"href":"https:\/\/nordicmart.andreevmaster.com\/fi\/wp-json\/wp\/v2\/product\/38449","targetHints":{"allow":["GET"]}}],"collection":[{"href":"https:\/\/nordicmart.andreevmaster.com\/fi\/wp-json\/wp\/v2\/product"}],"about":[{"href":"https:\/\/nordicmart.andreevmaster.com\/fi\/wp-json\/wp\/v2\/types\/product"}],"replies":[{"embeddable":true,"href":"https:\/\/nordicmart.andreevmaster.com\/fi\/wp-json\/wp\/v2\/comments?post=38449"}],"wp:featuredmedia":[{"embeddable":true,"href":"https:\/\/nordicmart.andreevmaster.com\/fi\/wp-json\/wp\/v2\/media\/46241"}],"wp:attachment":[{"href":"https:\/\/nordicmart.andreevmaster.com\/fi\/wp-json\/wp\/v2\/media?parent=38449"}],"wp:term":[{"taxonomy":"product_brand","embeddable":true,"href":"https:\/\/nordicmart.andreevmaster.com\/fi\/wp-json\/wp\/v2\/product_brand?post=38449"},{"taxonomy":"product_cat","embeddable":true,"href":"https:\/\/nordicmart.andreevmaster.com\/fi\/wp-json\/wp\/v2\/product_cat?post=38449"},{"taxonomy":"product_tag","embeddable":true,"href":"https:\/\/nordicmart.andreevmaster.com\/fi\/wp-json\/wp\/v2\/product_tag?post=38449"}],"curies":[{"name":"wp","href":"https:\/\/api.w.org\/{rel}","templated":true}]}}