{"id":38447,"date":"2026-02-27T00:44:03","date_gmt":"2026-02-27T00:44:03","guid":{"rendered":"https:\/\/nordicmart.andreevmaster.com\/product\/songmics-vaatekaappi-vaatetangolla\/"},"modified":"2026-02-27T09:59:35","modified_gmt":"2026-02-27T09:59:35","slug":"songmics-vaatekaappi-vaatetangolla","status":"publish","type":"product","link":"https:\/\/nordicmart.andreevmaster.com\/fi\/tuote\/songmics-vaatekaappi-vaatetangolla\/","title":{"rendered":"SONGMICS-vaatekaappi vaatetangolla"},"content":{"rendered":"<p>Ei en\u00e4\u00e4 rypistyneit\u00e4 paitoja ja vaatteita T\u00e4m\u00e4 t\u00e4ysin j\u00e4rjestetty vaatekaappi s\u00e4\u00e4st\u00e4\u00e4 sinut aamuruuhkassa vaatekasojen seasta oikean asun etsimiselt\u00e4. K\u00e4yt\u00e4 kahta tankoa ripustamaan vaatteesi seuraavaa ty\u00f6p\u00e4iv\u00e4\u00e4 varten siististi, jotta voit aloittaa p\u00e4iv\u00e4n t\u00e4ydellisesti.  Tuotetiedot:  &#8211; V\u00e4ri: musta &#8211; Materiaali: kuitukangas, metalliputki, muoviliittimet &#8211; Tuotteen mitat: 45 x 105 x 168 cm (P x L x K) &#8211; Paino: 3,4 kg &#8211; Vaatetangon maks. staattinen kantavuus: 15 kg &#8211; Hyllyn maks. staattinen kantavuus: 5 kg &#8211; Maks. staattinen kokonaiskantavuus: 45 kg Toimitussis\u00e4lt\u00f6: &#8211; 1 x kangaskaappi &#8211; 1 x kaatumissuoja &#8211; 1 x ohjeet SONGMICS-huomautukset: &#8211; \u00c4l\u00e4 k\u00e4yt\u00e4 tuotetta ulkona.- Turvallisuussyist\u00e4 lapset eiv\u00e4t saa kiivet\u00e4 tuotteelle tai leikki\u00e4 sill\u00e4. &#8211; Kiinnit\u00e4 t\u00e4m\u00e4 tuote sein\u00e4\u00e4n mukana toimitetulla kaatumissuojalla turvallisen k\u00e4yt\u00f6n varmistamiseksi.<\/p>\n","protected":false},"excerpt":{"rendered":"<p>SONGMICS vaatekaappi, kangaskaappi, 6 hylly\u00e4, erilaisia asennusmahdollisuuksia, 45 x 105 x 168 cm, makuuhuoneeseen, pukeutumishuoneeseen, musta RYG085B02<\/p>\n","protected":false},"featured_media":46239,"comment_status":"open","ping_status":"closed","template":"","meta":[],"product_brand":[],"product_cat":[32],"product_tag":[],"class_list":{"0":"post-38447","1":"product","2":"type-product","3":"status-publish","4":"has-post-thumbnail","6":"product_cat-uncategorized-fi","8":"first","9":"instock","10":"shipping-taxable","11":"purchasable","12":"product-type-simple"},"_links":{"self":[{"href":"https:\/\/nordicmart.andreevmaster.com\/fi\/wp-json\/wp\/v2\/product\/38447","targetHints":{"allow":["GET"]}}],"collection":[{"href":"https:\/\/nordicmart.andreevmaster.com\/fi\/wp-json\/wp\/v2\/product"}],"about":[{"href":"https:\/\/nordicmart.andreevmaster.com\/fi\/wp-json\/wp\/v2\/types\/product"}],"replies":[{"embeddable":true,"href":"https:\/\/nordicmart.andreevmaster.com\/fi\/wp-json\/wp\/v2\/comments?post=38447"}],"wp:featuredmedia":[{"embeddable":true,"href":"https:\/\/nordicmart.andreevmaster.com\/fi\/wp-json\/wp\/v2\/media\/46239"}],"wp:attachment":[{"href":"https:\/\/nordicmart.andreevmaster.com\/fi\/wp-json\/wp\/v2\/media?parent=38447"}],"wp:term":[{"taxonomy":"product_brand","embeddable":true,"href":"https:\/\/nordicmart.andreevmaster.com\/fi\/wp-json\/wp\/v2\/product_brand?post=38447"},{"taxonomy":"product_cat","embeddable":true,"href":"https:\/\/nordicmart.andreevmaster.com\/fi\/wp-json\/wp\/v2\/product_cat?post=38447"},{"taxonomy":"product_tag","embeddable":true,"href":"https:\/\/nordicmart.andreevmaster.com\/fi\/wp-json\/wp\/v2\/product_tag?post=38447"}],"curies":[{"name":"wp","href":"https:\/\/api.w.org\/{rel}","templated":true}]}}