{"id":38446,"date":"2026-02-27T00:44:03","date_gmt":"2026-02-27T00:44:03","guid":{"rendered":"https:\/\/nordicmart.andreevmaster.com\/product\/vaatekaappi-jossa-on-1-vaatetanko-2\/"},"modified":"2026-02-27T09:59:35","modified_gmt":"2026-02-27T09:59:35","slug":"vaatekaappi-jossa-on-1-vaatetanko-2","status":"publish","type":"product","link":"https:\/\/nordicmart.andreevmaster.com\/fi\/tuote\/vaatekaappi-jossa-on-1-vaatetanko-2\/","title":{"rendered":"Vaatekaappi, jossa on 1 vaatetanko"},"content":{"rendered":"<p>[Paidat vaatetangolla, housut, sukat ja alusvaatteet hyllyill\u00e4 &#8211; kaikella on oma paikkansa t\u00e4ss\u00e4 vaatekaapissa. P\u00e4\u00e4set vain k\u00e4siksi tarvitsemiinne vaatteisiin ja valmistaudut nopeasti &#8211; upea p\u00e4iv\u00e4 voi alkaa!<\/p>\n<p>[Sinun ei tarvitse tinki\u00e4 tyylist\u00e4] Kenk\u00e4kaapin ei tarvitse n\u00e4ytt\u00e4\u00e4 tyls\u00e4lt\u00e4 ja tyls\u00e4lt\u00e4. Vieh\u00e4tt\u00e4v\u00e4n tummansininen kuitukangas antaa t\u00e4lle vaatekaapille erityisen ilmeen ja tuo kotiisi luonnetta.<\/p>\n<p>[Haluatko suojella vaatteitasi?] Niin mekin haluamme! Lempivaatteidesi ei tarvitse k\u00e4rsi\u00e4 p\u00f6lyst\u00e4. Yksinkertaisesti rullaa ovi alas ja sulje vetoketju &#8211; kangasp\u00e4\u00e4llysteinen suojus antaa optimaalisen suojan.<\/p>\n<p>[Mihin t\u00e4m\u00e4 hylly sijoitetaan?] Vastauksemme: Mihin t\u00e4m\u00e4 hylly sijoitetaan? &#8221;Minne tahansa! Minne ikin\u00e4 haluat!&#8221; Eteisess\u00e4si? Olohuoneeseen tai makuuhuoneeseen? Se on t\u00e4ysin sinun p\u00e4\u00e4tett\u00e4viss\u00e4si! Koko kodin j\u00e4rjestyksen puolustaja<\/p>\n<p>[Kokoaminen ilman stressi\u00e4] &#8221;Voi luoja, miten saan koottua t\u00e4m\u00e4n ison vaatekaapin?&#8221; &#8221;Voi luoja, miten saan koottua t\u00e4m\u00e4n ison vaatekaapin?&#8221; \u00c4l\u00e4 h\u00e4t\u00e4\u00e4nny, SONGMICS auttaa sinua! Selkeiden ohjeiden ja merkittyjen osien ansiosta sinun ei tarvitse huolehtia kokoamisesta!<\/p>\n<p>Tuotetiedot:V\u00e4ri: V\u00e4ri: TummansininenMateriaali: Tummansininen: Materiaali: Kuitukangas, metalliputki, muoviliitinKoko: 45 x 88 x 168 cm (S x L x K). Paino: 2,9 kg. Max. Vaatetuskiskon staattinen kantavuus: 15 kg. Max. Staattinen kuormitettavuus hylly\u00e4 kohti: 5 kg. Max. Staattinen kokonaiskuormitettavuus: 45 kgPakkauksen sis\u00e4lt\u00f6:1 x kangaskaappi, 1 x kallistussuoja, 1 x k\u00e4ytt\u00f6ohje (englannin kieli ei taattu).<\/p>\n","protected":false},"excerpt":{"rendered":"<p>[Paidat vaatetangolla, housut, sukat ja alusvaatteet hyllyill\u00e4 &#8211; kaikella on oma paikkansa t\u00e4ss\u00e4 vaatekaapissa. P\u00e4\u00e4set vain k\u00e4siksi tarvitsemiinne vaatteisiin ja valmistaudut nopeasti &#8211; upea p\u00e4iv\u00e4 voi alkaa! [Sinun ei tarvitse tinki\u00e4 tyylist\u00e4] Kenk\u00e4kaapin ei tarvitse n\u00e4ytt\u00e4\u00e4 tyls\u00e4lt\u00e4 ja tyls\u00e4lt\u00e4. Vieh\u00e4tt\u00e4v\u00e4n tummansininen kuitukangas antaa t\u00e4lle vaatekaapille erityisen ilmeen ja tuo kotiisi luonnetta. [Haluatko suojella vaatteitasi?] Niin [&hellip;]<\/p>\n","protected":false},"featured_media":0,"comment_status":"open","ping_status":"closed","template":"","meta":[],"product_brand":[],"product_cat":[32],"product_tag":[],"class_list":{"0":"post-38446","1":"product","2":"type-product","3":"status-publish","5":"product_cat-uncategorized-fi","7":"first","8":"instock","9":"shipping-taxable","10":"product-type-simple"},"_links":{"self":[{"href":"https:\/\/nordicmart.andreevmaster.com\/fi\/wp-json\/wp\/v2\/product\/38446","targetHints":{"allow":["GET"]}}],"collection":[{"href":"https:\/\/nordicmart.andreevmaster.com\/fi\/wp-json\/wp\/v2\/product"}],"about":[{"href":"https:\/\/nordicmart.andreevmaster.com\/fi\/wp-json\/wp\/v2\/types\/product"}],"replies":[{"embeddable":true,"href":"https:\/\/nordicmart.andreevmaster.com\/fi\/wp-json\/wp\/v2\/comments?post=38446"}],"wp:attachment":[{"href":"https:\/\/nordicmart.andreevmaster.com\/fi\/wp-json\/wp\/v2\/media?parent=38446"}],"wp:term":[{"taxonomy":"product_brand","embeddable":true,"href":"https:\/\/nordicmart.andreevmaster.com\/fi\/wp-json\/wp\/v2\/product_brand?post=38446"},{"taxonomy":"product_cat","embeddable":true,"href":"https:\/\/nordicmart.andreevmaster.com\/fi\/wp-json\/wp\/v2\/product_cat?post=38446"},{"taxonomy":"product_tag","embeddable":true,"href":"https:\/\/nordicmart.andreevmaster.com\/fi\/wp-json\/wp\/v2\/product_tag?post=38446"}],"curies":[{"name":"wp","href":"https:\/\/api.w.org\/{rel}","templated":true}]}}