{"id":38445,"date":"2026-02-27T00:44:03","date_gmt":"2026-02-27T00:44:03","guid":{"rendered":"https:\/\/nordicmart.andreevmaster.com\/product\/songmics-kangaskaappi-metalliputket-harmaa\/"},"modified":"2026-02-27T09:59:35","modified_gmt":"2026-02-27T09:59:35","slug":"songmics-kangaskaappi-metalliputket-harmaa","status":"publish","type":"product","link":"https:\/\/nordicmart.andreevmaster.com\/fi\/tuote\/songmics-kangaskaappi-metalliputket-harmaa\/","title":{"rendered":"SONGMICS kangaskaappi metalliputket harmaa"},"content":{"rendered":"<p>Paidat ja mekot ilman ryppyj\u00e4: t\u00e4m\u00e4n vaatekaapin ansiosta sinun ei en\u00e4\u00e4 tarvitse etsi\u00e4 sopivaa asua sekasotkuisesta vaatekasasta, mik\u00e4 s\u00e4\u00e4st\u00e4\u00e4 paljon aikaa ja vaivaa aamuisin. Kaapissa on 2 vaatetankoa, joihin voit ripustaa seuraavan ty\u00f6p\u00e4iv\u00e4n vaatteet siististi ja k\u00e4tev\u00e4sti saataville. Tuotetiedot: V\u00e4ri: Harmaa Materiaali: Kuitukangas, metalliputki, muoviliitin Koko: 88 x 45 x 168 cm (P x L x K) Paino: 3,4 kg Maks. staattinen kantavuus vaateripustinta kohti: 15 kg Maks. staattinen kantavuus hylly\u00e4 kohti: 5 kg Toimitus sis\u00e4lt\u00e4\u00e4: 1 x kangaskaappi 1 x kaatumissuoja 1 x ohjeet (DE, EN, FR, ES, IT) SONGMICS-huomautukset:\u00c4l\u00e4 k\u00e4yt\u00e4 tuotetta ulkona. Turvallisuussyist\u00e4 lapset eiv\u00e4t saa kiivet\u00e4 tuotteelle tai leikki\u00e4 sill\u00e4. Kiinnit\u00e4 t\u00e4m\u00e4 tuote sein\u00e4\u00e4n mukana toimitetulla kaatumissuojalla turvallisen k\u00e4yt\u00f6n varmistamiseksi.<\/p>\n","protected":false},"excerpt":{"rendered":"<p>SONGMICS vaatekaappi, kangaskaappi, 2 vaatetankoa, 6 hylly\u00e4, 88 x 45 x 168 cm, makuuhuoneeseen, eteiseen, pukuhuoneeseen, kalanruotokuvio, harmaa RYG084G22<\/p>\n","protected":false},"featured_media":46238,"comment_status":"open","ping_status":"closed","template":"","meta":[],"product_brand":[],"product_cat":[32],"product_tag":[],"class_list":{"0":"post-38445","1":"product","2":"type-product","3":"status-publish","4":"has-post-thumbnail","6":"product_cat-uncategorized-fi","8":"first","9":"instock","10":"shipping-taxable","11":"purchasable","12":"product-type-simple"},"_links":{"self":[{"href":"https:\/\/nordicmart.andreevmaster.com\/fi\/wp-json\/wp\/v2\/product\/38445","targetHints":{"allow":["GET"]}}],"collection":[{"href":"https:\/\/nordicmart.andreevmaster.com\/fi\/wp-json\/wp\/v2\/product"}],"about":[{"href":"https:\/\/nordicmart.andreevmaster.com\/fi\/wp-json\/wp\/v2\/types\/product"}],"replies":[{"embeddable":true,"href":"https:\/\/nordicmart.andreevmaster.com\/fi\/wp-json\/wp\/v2\/comments?post=38445"}],"wp:featuredmedia":[{"embeddable":true,"href":"https:\/\/nordicmart.andreevmaster.com\/fi\/wp-json\/wp\/v2\/media\/46238"}],"wp:attachment":[{"href":"https:\/\/nordicmart.andreevmaster.com\/fi\/wp-json\/wp\/v2\/media?parent=38445"}],"wp:term":[{"taxonomy":"product_brand","embeddable":true,"href":"https:\/\/nordicmart.andreevmaster.com\/fi\/wp-json\/wp\/v2\/product_brand?post=38445"},{"taxonomy":"product_cat","embeddable":true,"href":"https:\/\/nordicmart.andreevmaster.com\/fi\/wp-json\/wp\/v2\/product_cat?post=38445"},{"taxonomy":"product_tag","embeddable":true,"href":"https:\/\/nordicmart.andreevmaster.com\/fi\/wp-json\/wp\/v2\/product_tag?post=38445"}],"curies":[{"name":"wp","href":"https:\/\/api.w.org\/{rel}","templated":true}]}}