{"id":38439,"date":"2026-02-27T00:44:01","date_gmt":"2026-02-27T00:44:01","guid":{"rendered":"https:\/\/nordicmart.andreevmaster.com\/product\/songmics-kangaskaappi-vaatetangoilla\/"},"modified":"2026-02-27T09:59:34","modified_gmt":"2026-02-27T09:59:34","slug":"songmics-kangaskaappi-vaatetangoilla","status":"publish","type":"product","link":"https:\/\/nordicmart.andreevmaster.com\/fi\/tuote\/songmics-kangaskaappi-vaatetangoilla\/","title":{"rendered":"SONGMICS kangaskaappi vaatetangoilla"},"content":{"rendered":"<p>Aseta t\u00e4m\u00e4 kangaskaappi kotiisi ja siisti kotisi. SONGMICS ei koskaan pet\u00e4 sinua!<\/p>\n<p>N\u00e4m\u00e4 vaatetangot ovat hieman erilaisia: vaatetankojen kantavuuden lis\u00e4\u00e4miseksi putket ja koukut on vahvistettu molemmista p\u00e4ist\u00e4 ruuveilla, mik\u00e4 takaa hyv\u00e4n muodonpit\u00e4vyyden my\u00f6s jatkuvasti kasvavan vaatekokoelman kanssa.<\/p>\n<p>Paidat ja mekot ilman ryppyj\u00e4: T\u00e4m\u00e4n taitettavan vaatekaapin ansiosta sinun ei en\u00e4\u00e4 tarvitse etsi\u00e4 sopivaa asua kaoottisesta vaatekasasta, mik\u00e4 s\u00e4\u00e4st\u00e4\u00e4 paljon aikaa ja vaivaa aamuisin. Kaapissa on 2 vaatetankoa, joihin voit ripustaa seuraavan ty\u00f6p\u00e4iv\u00e4n vaatteet siististi ja k\u00e4tev\u00e4sti saataville. Tuotetiedot:<br \/>\nV\u00e4ri: harmaa<br \/>\nMateriaali: kuitukangas, metalliputket, muoviliittimet<br \/>\nKoko: 140 x 43 x 174 cm (P x L x K)<br \/>\nPaino: 5,4 kg<br \/>\nHyllyn enimm\u00e4iskuormitus: 10 kg<br \/>\nVaatepidikkeen enimm\u00e4iskuormitus: 30 kg<br \/>\nHyllyn enimm\u00e4iskuormitus: 80 kg<\/p>\n<p>Toimitus sis\u00e4lt\u00e4\u00e4<br \/>\n1 x kangaskaappi<br \/>\n1 x ohjeet (DE, EN, FR, ES, IT)<\/p>\n<p>SONGMICS-huomautukset:<br \/>\nTekstiss\u00e4 mainittu enimm\u00e4iskuormituskyky viittaa staattiseen enimm\u00e4ispainoon.<\/p>\n","protected":false},"excerpt":{"rendered":"<p>SONGMICS vaatekaappi, vaatekaappi vaatetangoilla, vaatteiden s\u00e4ilytys, kangaskaappi, vaateteline, taitettava, pukeutumishuone, makuuhuone, 140 x 43 x 174 cm, harmaa RYG02GY<\/p>\n","protected":false},"featured_media":46232,"comment_status":"open","ping_status":"closed","template":"","meta":[],"product_brand":[],"product_cat":[32],"product_tag":[],"class_list":{"0":"post-38439","1":"product","2":"type-product","3":"status-publish","4":"has-post-thumbnail","6":"product_cat-uncategorized-fi","8":"first","9":"instock","10":"shipping-taxable","11":"purchasable","12":"product-type-simple"},"_links":{"self":[{"href":"https:\/\/nordicmart.andreevmaster.com\/fi\/wp-json\/wp\/v2\/product\/38439","targetHints":{"allow":["GET"]}}],"collection":[{"href":"https:\/\/nordicmart.andreevmaster.com\/fi\/wp-json\/wp\/v2\/product"}],"about":[{"href":"https:\/\/nordicmart.andreevmaster.com\/fi\/wp-json\/wp\/v2\/types\/product"}],"replies":[{"embeddable":true,"href":"https:\/\/nordicmart.andreevmaster.com\/fi\/wp-json\/wp\/v2\/comments?post=38439"}],"wp:featuredmedia":[{"embeddable":true,"href":"https:\/\/nordicmart.andreevmaster.com\/fi\/wp-json\/wp\/v2\/media\/46232"}],"wp:attachment":[{"href":"https:\/\/nordicmart.andreevmaster.com\/fi\/wp-json\/wp\/v2\/media?parent=38439"}],"wp:term":[{"taxonomy":"product_brand","embeddable":true,"href":"https:\/\/nordicmart.andreevmaster.com\/fi\/wp-json\/wp\/v2\/product_brand?post=38439"},{"taxonomy":"product_cat","embeddable":true,"href":"https:\/\/nordicmart.andreevmaster.com\/fi\/wp-json\/wp\/v2\/product_cat?post=38439"},{"taxonomy":"product_tag","embeddable":true,"href":"https:\/\/nordicmart.andreevmaster.com\/fi\/wp-json\/wp\/v2\/product_tag?post=38439"}],"curies":[{"name":"wp","href":"https:\/\/api.w.org\/{rel}","templated":true}]}}