{"id":38438,"date":"2026-02-27T00:44:00","date_gmt":"2026-02-27T00:44:00","guid":{"rendered":"https:\/\/nordicmart.andreevmaster.com\/product\/songmics-kangaskaappi-2-vaatetangolla\/"},"modified":"2026-02-27T09:59:33","modified_gmt":"2026-02-27T09:59:33","slug":"songmics-kangaskaappi-2-vaatetangolla","status":"publish","type":"product","link":"https:\/\/nordicmart.andreevmaster.com\/fi\/tuote\/songmics-kangaskaappi-2-vaatetangolla\/","title":{"rendered":"SONGMICS kangaskaappi 2 vaatetangolla"},"content":{"rendered":"<p>Aseta t\u00e4m\u00e4 kangaskaappi kotiisi ja siisti kotisi. SONGMICS ei koskaan pet\u00e4 sinua! N\u00e4m\u00e4 vaatetangot ovat hieman erilaisia. Vaadetankojen kantavuuden lis\u00e4\u00e4miseksi putket ja koukut on vahvistettu molemmista p\u00e4ist\u00e4 ruuveilla, mik\u00e4 takaa hyv\u00e4n kest\u00e4vyyden my\u00f6s jatkuvasti kasvavan vaatekokoelman kanssa. Paitoja ja mekkoja ilman ryppyj\u00e4 T\u00e4m\u00e4n taitettavan vaatekaapin ansiosta sinun ei en\u00e4\u00e4 tarvitse etsi\u00e4 sopivaa asua sekavasta vaatekasasta, mik\u00e4 s\u00e4\u00e4st\u00e4\u00e4 paljon aikaa ja vaivaa aamuisin. Kaapissa on 2 vaatetankoa, joihin voit ripustaa seuraavan ty\u00f6p\u00e4iv\u00e4n vaatteet siististi ja k\u00e4tev\u00e4sti saataville. Mit\u00e4 tehd\u00e4, jos vaatehylly tai p\u00e4\u00e4llinen likaantuu?\u00c4l\u00e4 huoli! Kuitukangas on helppohoitoinen ja vett\u00e4 hylkiv\u00e4, joten sen puhdistamiseen riitt\u00e4\u00e4 kostealla liinalla pyyhkiminen. Tuotetiedot: &#8211; V\u00e4ri: musta &#8211; Materiaali: kuitukangas, metalliputket, muoviset liitoskappaleet &#8211; Koko: 140 x 43 x 174 cm (P x L x K) &#8211; Paino: 5,4 kg &#8211; Hyllyn enimm\u00e4iskuormitus: 10 kg &#8211; Vaateripustimen enimm\u00e4iskuormitus: 30 kg &#8211; Hyllyn enimm\u00e4iskuormitus: 80 kg Toimitus sis\u00e4lt\u00e4\u00e4: &#8211; 1 x kangashylly telineen enimm\u00e4iskuormitus: 10 kg &#8211; vaatetangon enimm\u00e4iskuormitus: 30 kg &#8211; koko hyllyn enimm\u00e4iskuormitus: 80 kg Toimitus sis\u00e4lt\u00e4\u00e4: &#8211; 1 x kangashylly &#8211; 1 x ohjeet (DE, EN, FR, ES, IT) SONGMICS-huomautukset: &#8211; Tekstiss\u00e4 mainittu enimm\u00e4iskuormitus viittaa staattiseen enimm\u00e4ispainoon.<\/p>\n","protected":false},"excerpt":{"rendered":"<p>SONGMICS vaatekaappi, vaatekaappi vaatetangoilla, vaatteiden s\u00e4ilytys, kangaskaappi, vaateteline, taitettava, pukeutumishuone, makuuhuone, 140 x 43 x 174 cm, harmaa RYG02GY<\/p>\n","protected":false},"featured_media":46231,"comment_status":"open","ping_status":"closed","template":"","meta":[],"product_brand":[],"product_cat":[32],"product_tag":[],"class_list":{"0":"post-38438","1":"product","2":"type-product","3":"status-publish","4":"has-post-thumbnail","6":"product_cat-uncategorized-fi","8":"first","9":"instock","10":"shipping-taxable","11":"purchasable","12":"product-type-simple"},"_links":{"self":[{"href":"https:\/\/nordicmart.andreevmaster.com\/fi\/wp-json\/wp\/v2\/product\/38438","targetHints":{"allow":["GET"]}}],"collection":[{"href":"https:\/\/nordicmart.andreevmaster.com\/fi\/wp-json\/wp\/v2\/product"}],"about":[{"href":"https:\/\/nordicmart.andreevmaster.com\/fi\/wp-json\/wp\/v2\/types\/product"}],"replies":[{"embeddable":true,"href":"https:\/\/nordicmart.andreevmaster.com\/fi\/wp-json\/wp\/v2\/comments?post=38438"}],"wp:featuredmedia":[{"embeddable":true,"href":"https:\/\/nordicmart.andreevmaster.com\/fi\/wp-json\/wp\/v2\/media\/46231"}],"wp:attachment":[{"href":"https:\/\/nordicmart.andreevmaster.com\/fi\/wp-json\/wp\/v2\/media?parent=38438"}],"wp:term":[{"taxonomy":"product_brand","embeddable":true,"href":"https:\/\/nordicmart.andreevmaster.com\/fi\/wp-json\/wp\/v2\/product_brand?post=38438"},{"taxonomy":"product_cat","embeddable":true,"href":"https:\/\/nordicmart.andreevmaster.com\/fi\/wp-json\/wp\/v2\/product_cat?post=38438"},{"taxonomy":"product_tag","embeddable":true,"href":"https:\/\/nordicmart.andreevmaster.com\/fi\/wp-json\/wp\/v2\/product_tag?post=38438"}],"curies":[{"name":"wp","href":"https:\/\/api.w.org\/{rel}","templated":true}]}}