{"id":38435,"date":"2026-02-27T00:44:00","date_gmt":"2026-02-27T00:44:00","guid":{"rendered":"https:\/\/nordicmart.andreevmaster.com\/product\/songmics-avoin-vaatekaappi\/"},"modified":"2026-02-27T09:59:33","modified_gmt":"2026-02-27T09:59:33","slug":"songmics-avoin-vaatekaappi","status":"publish","type":"product","link":"https:\/\/nordicmart.andreevmaster.com\/fi\/tuote\/songmics-avoin-vaatekaappi\/","title":{"rendered":"SONGMICS Avoin vaatekaappi"},"content":{"rendered":"<p>Tuotetiedot: &#8211; V\u00e4ri: musta &#8211; Materiaali: ter\u00e4s, muovi &#8211; Koko: 43 x 138 x 182 cm (S x L x K) &#8211; Paino: 5 kg &#8211; Maks. staattinen kantavuus vaatetankoa kohti: 20 kg &#8211; Maks. staattinen kantavuus hylly\u00e4 kohti: 10 kg Toimitus sis\u00e4lt\u00e4\u00e4: &#8211; 1 x vaatekaappi &#8211; 1 x kaatumissuoja &#8211; 1 x ohjeet SONGMICS Huomautukset: &#8211; Ulkok\u00e4ytt\u00f6 lyhent\u00e4\u00e4 t\u00e4m\u00e4n tuotteen k\u00e4ytt\u00f6ik\u00e4\u00e4 huomattavasti. &#8211; Varmista asennuksen yhteydess\u00e4, ett\u00e4 ter\u00e4sputki ja muoviliittimet ovat tiukasti kiinni. &#8211; \u00c4l\u00e4 siirr\u00e4 tuotetta, jos siin\u00e4 on esineit\u00e4.<\/p>\n","protected":false},"excerpt":{"rendered":"<p>SONGMICS avoin vaatekaappi, vaateteline, vaatetanko, vaatekaappi, 43 x 138 x 182 cm, 3 ripustettavaa lokeroa, paljon tilaa, makuuhuoneeseen, olohuoneeseen, musta RYG025B02<\/p>\n","protected":false},"featured_media":46228,"comment_status":"open","ping_status":"closed","template":"","meta":[],"product_brand":[],"product_cat":[32],"product_tag":[],"class_list":{"0":"post-38435","1":"product","2":"type-product","3":"status-publish","4":"has-post-thumbnail","6":"product_cat-uncategorized-fi","8":"first","9":"instock","10":"shipping-taxable","11":"purchasable","12":"product-type-simple"},"_links":{"self":[{"href":"https:\/\/nordicmart.andreevmaster.com\/fi\/wp-json\/wp\/v2\/product\/38435","targetHints":{"allow":["GET"]}}],"collection":[{"href":"https:\/\/nordicmart.andreevmaster.com\/fi\/wp-json\/wp\/v2\/product"}],"about":[{"href":"https:\/\/nordicmart.andreevmaster.com\/fi\/wp-json\/wp\/v2\/types\/product"}],"replies":[{"embeddable":true,"href":"https:\/\/nordicmart.andreevmaster.com\/fi\/wp-json\/wp\/v2\/comments?post=38435"}],"wp:featuredmedia":[{"embeddable":true,"href":"https:\/\/nordicmart.andreevmaster.com\/fi\/wp-json\/wp\/v2\/media\/46228"}],"wp:attachment":[{"href":"https:\/\/nordicmart.andreevmaster.com\/fi\/wp-json\/wp\/v2\/media?parent=38435"}],"wp:term":[{"taxonomy":"product_brand","embeddable":true,"href":"https:\/\/nordicmart.andreevmaster.com\/fi\/wp-json\/wp\/v2\/product_brand?post=38435"},{"taxonomy":"product_cat","embeddable":true,"href":"https:\/\/nordicmart.andreevmaster.com\/fi\/wp-json\/wp\/v2\/product_cat?post=38435"},{"taxonomy":"product_tag","embeddable":true,"href":"https:\/\/nordicmart.andreevmaster.com\/fi\/wp-json\/wp\/v2\/product_tag?post=38435"}],"curies":[{"name":"wp","href":"https:\/\/api.w.org\/{rel}","templated":true}]}}