{"id":38433,"date":"2026-02-27T00:43:59","date_gmt":"2026-02-27T00:43:59","guid":{"rendered":"https:\/\/nordicmart.andreevmaster.com\/product\/kangasvaatekaappi-kokoontaitettava-vaatekaappi-ripustuskiskolla-vaateteline-sailytysjarjestaja-laukuille-kengille-olohuone-makuuhuone-vaatehuone-45-x-150-x-175-cm-tummansininen-2\/"},"modified":"2026-02-27T09:59:32","modified_gmt":"2026-02-27T09:59:32","slug":"kangasvaatekaappi-kokoontaitettava-vaatekaappi-ripustuskiskolla-vaateteline-sailytysjarjestaja-laukuille-kengille-olohuone-makuuhuone-vaatehuone-45-x-150-x-175-cm-tummansininen-2","status":"publish","type":"product","link":"https:\/\/nordicmart.andreevmaster.com\/fi\/tuote\/kangasvaatekaappi-kokoontaitettava-vaatekaappi-ripustuskiskolla-vaateteline-sailytysjarjestaja-laukuille-kengille-olohuone-makuuhuone-vaatehuone-45-x-150-x-175-cm-tummansininen-2\/","title":{"rendered":"Kangasvaatekaappi, kokoontaitettava vaatekaappi ripustuskiskolla, vaateteline, s\u00e4ilytysj\u00e4rjest\u00e4j\u00e4 laukuille, kengille, olohuone, makuuhuone, vaatehuone, 45 x 150 x 175 cm, tummansininen"},"content":{"rendered":"<p>[Kutsu vaatteesi sis\u00e4\u00e4n] Ripusta vaatteesi kangaskaapin kahteen tankoon siisteihin riveihin. Aseta taitellut vaatteesi hyllyille. Kun sinun on valittava asuja suurta p\u00e4iv\u00e4\u00e4 varten, kaikki mit\u00e4 sinulla on, on aivan k\u00e4den ulottuvilla.[Siin\u00e4 on voimaa] Ripustuskiskon kantavuus on 15 kg ja kangaskerros kest\u00e4\u00e4 5 kg, koska sit\u00e4 tukevat halkaisijaltaan 16 mm:n metalliputket ja laadukas kuitukangas; kokoontaitettavan vaatekaapin j\u00e4m\u00e4kkyys ja kest\u00e4vyys ovat molemmat taattuja.[Pois p\u00f6lylt\u00e4] Uusi suosikkivaatteesi tarvitsee paremman suojan. Vetoketjulla ja tarranauhakiinnikkeill\u00e4 varustettu kangassuojus on k\u00e4sin poimittu, jotta vaatteesi s\u00e4ilyv\u00e4t kunnolla. T\u00e4ll\u00e4 vaatetelineell\u00e4 olet turvassa!<\/p>\n<p>[Helppo koota] Ei en\u00e4\u00e4 tuntikausia kangasvaatekaapin kokoamiseen; t\u00e4ss\u00e4 kokoonpanossa on kyse vain putkien kiinnitt\u00e4misest\u00e4 muoviliittimiin, eik\u00e4 ty\u00f6kaluja tarvita. J\u00e4ljelle j\u00e4\u00e4 vain paitojesi ja mekkojesi esittely ripustuskiskossa<\/p>\n<p>[Mit\u00e4 saat] Kuitukangasvaatekaappi, jossa on ripustustangot ja k\u00e4yt\u00e4nn\u00f6lliset hyllyt, jotka antavat sinulle runsaasti s\u00e4ilytystilaa kaaoksen ratkaisemiseksi, ja hy\u00f6dyllinen, virkist\u00e4v\u00e4 lis\u00e4 makuuhuoneeseesi tai vaatehuoneeseesi.V\u00e4ri: RuskeaIntirilife-taittokaappi 108x170x45 cm.<\/p>\n","protected":false},"excerpt":{"rendered":"<p>[Kutsu vaatteesi sis\u00e4\u00e4n] Ripusta vaatteesi kangaskaapin kahteen tankoon siisteihin riveihin. Aseta taitellut vaatteesi hyllyille. Kun sinun on valittava asuja suurta p\u00e4iv\u00e4\u00e4 varten, kaikki mit\u00e4 sinulla on, on aivan k\u00e4den ulottuvilla.[Siin\u00e4 on voimaa] Ripustuskiskon kantavuus on 15 kg ja kangaskerros kest\u00e4\u00e4 5 kg, koska sit\u00e4 tukevat halkaisijaltaan 16 mm:n metalliputket ja laadukas kuitukangas; kokoontaitettavan vaatekaapin j\u00e4m\u00e4kkyys [&hellip;]<\/p>\n","protected":false},"featured_media":0,"comment_status":"open","ping_status":"closed","template":"","meta":[],"product_brand":[],"product_cat":[32],"product_tag":[],"class_list":{"0":"post-38433","1":"product","2":"type-product","3":"status-publish","5":"product_cat-uncategorized-fi","7":"first","8":"instock","9":"shipping-taxable","10":"product-type-simple"},"_links":{"self":[{"href":"https:\/\/nordicmart.andreevmaster.com\/fi\/wp-json\/wp\/v2\/product\/38433","targetHints":{"allow":["GET"]}}],"collection":[{"href":"https:\/\/nordicmart.andreevmaster.com\/fi\/wp-json\/wp\/v2\/product"}],"about":[{"href":"https:\/\/nordicmart.andreevmaster.com\/fi\/wp-json\/wp\/v2\/types\/product"}],"replies":[{"embeddable":true,"href":"https:\/\/nordicmart.andreevmaster.com\/fi\/wp-json\/wp\/v2\/comments?post=38433"}],"wp:attachment":[{"href":"https:\/\/nordicmart.andreevmaster.com\/fi\/wp-json\/wp\/v2\/media?parent=38433"}],"wp:term":[{"taxonomy":"product_brand","embeddable":true,"href":"https:\/\/nordicmart.andreevmaster.com\/fi\/wp-json\/wp\/v2\/product_brand?post=38433"},{"taxonomy":"product_cat","embeddable":true,"href":"https:\/\/nordicmart.andreevmaster.com\/fi\/wp-json\/wp\/v2\/product_cat?post=38433"},{"taxonomy":"product_tag","embeddable":true,"href":"https:\/\/nordicmart.andreevmaster.com\/fi\/wp-json\/wp\/v2\/product_tag?post=38433"}],"curies":[{"name":"wp","href":"https:\/\/api.w.org\/{rel}","templated":true}]}}