{"id":38432,"date":"2026-02-27T00:43:59","date_gmt":"2026-02-27T00:43:59","guid":{"rendered":"https:\/\/nordicmart.andreevmaster.com\/product\/songmics-suuri-kangaskabinetti-jossa-2-vaatetankoa\/"},"modified":"2026-02-27T09:59:32","modified_gmt":"2026-02-27T09:59:32","slug":"songmics-suuri-kangaskabinetti-jossa-2-vaatetankoa","status":"publish","type":"product","link":"https:\/\/nordicmart.andreevmaster.com\/fi\/tuote\/songmics-suuri-kangaskabinetti-jossa-2-vaatetankoa\/","title":{"rendered":"SONGMICS Suuri kangaskabinetti, jossa 2 vaatetankoa"},"content":{"rendered":"<p>Aseta t\u00e4m\u00e4 kangaskappale kotiisi ja siisti kotisi. SONGMICS ei koskaan pet\u00e4 sinua! Paidat ja mekot ilman ryppyj\u00e4: T\u00e4m\u00e4n taitettavan kangaskappaleen ansiosta sinun ei en\u00e4\u00e4 tarvitse etsi\u00e4 sopivaa asua kaoottisesta vaatekasasta, mik\u00e4 s\u00e4\u00e4st\u00e4\u00e4 paljon aikaa ja vaivaa aamuisin. T\u00e4m\u00e4 kaappi on varustettu 2 vaatetangolla, joihin voit ripustaa seuraavan ty\u00f6p\u00e4iv\u00e4n vaatteet siististi ja k\u00e4tev\u00e4sti saataville. Tuotetiedot: V\u00e4ri: Harmaa Materiaali: 100 g\/m\u00b2 kuitukangas, 16 mm metalliputki, muoviliitin Koko: 150 x 45 x 175 cm (P x L x K) Paino: 4,7 kg Kunkin hyllyn enimm\u00e4iskuormitus: 5 kg Vaateripustimen enimm\u00e4iskuormitus: 15 kg Toimitus sis\u00e4lt\u00e4\u00e4: 1 x kangaskaappi 1 x ohjeet (DE, EN, FR, ES, IT) SONGMICS-huomautukset: \u00c4l\u00e4 k\u00e4yt\u00e4 tuotetta ulkona. Turvallisuussyist\u00e4 lapset eiv\u00e4t saa kiivet\u00e4 tuotteelle tai leikki\u00e4 sill\u00e4.<\/p>\n","protected":false},"excerpt":{"rendered":"<p>SONGMICS vaatekaappi, kangaskaappi, 2 vaatetankoa, kangasp\u00e4\u00e4llyste, 150 x 45 x 175 cm, kalanruotokuvio, harmaa RYG012G22<\/p>\n","protected":false},"featured_media":46226,"comment_status":"open","ping_status":"closed","template":"","meta":[],"product_brand":[],"product_cat":[32],"product_tag":[],"class_list":{"0":"post-38432","1":"product","2":"type-product","3":"status-publish","4":"has-post-thumbnail","6":"product_cat-uncategorized-fi","8":"first","9":"instock","10":"shipping-taxable","11":"purchasable","12":"product-type-simple"},"_links":{"self":[{"href":"https:\/\/nordicmart.andreevmaster.com\/fi\/wp-json\/wp\/v2\/product\/38432","targetHints":{"allow":["GET"]}}],"collection":[{"href":"https:\/\/nordicmart.andreevmaster.com\/fi\/wp-json\/wp\/v2\/product"}],"about":[{"href":"https:\/\/nordicmart.andreevmaster.com\/fi\/wp-json\/wp\/v2\/types\/product"}],"replies":[{"embeddable":true,"href":"https:\/\/nordicmart.andreevmaster.com\/fi\/wp-json\/wp\/v2\/comments?post=38432"}],"wp:featuredmedia":[{"embeddable":true,"href":"https:\/\/nordicmart.andreevmaster.com\/fi\/wp-json\/wp\/v2\/media\/46226"}],"wp:attachment":[{"href":"https:\/\/nordicmart.andreevmaster.com\/fi\/wp-json\/wp\/v2\/media?parent=38432"}],"wp:term":[{"taxonomy":"product_brand","embeddable":true,"href":"https:\/\/nordicmart.andreevmaster.com\/fi\/wp-json\/wp\/v2\/product_brand?post=38432"},{"taxonomy":"product_cat","embeddable":true,"href":"https:\/\/nordicmart.andreevmaster.com\/fi\/wp-json\/wp\/v2\/product_cat?post=38432"},{"taxonomy":"product_tag","embeddable":true,"href":"https:\/\/nordicmart.andreevmaster.com\/fi\/wp-json\/wp\/v2\/product_tag?post=38432"}],"curies":[{"name":"wp","href":"https:\/\/api.w.org\/{rel}","templated":true}]}}