{"id":38431,"date":"2026-02-27T00:43:58","date_gmt":"2026-02-27T00:43:58","guid":{"rendered":"https:\/\/nordicmart.andreevmaster.com\/product\/songmics-vaatekaappi-kangaskaappi-taitettava-vaateripustin\/"},"modified":"2026-02-27T09:59:32","modified_gmt":"2026-02-27T09:59:32","slug":"songmics-vaatekaappi-kangaskaappi-taitettava-vaateripustin","status":"publish","type":"product","link":"https:\/\/nordicmart.andreevmaster.com\/fi\/tuote\/songmics-vaatekaappi-kangaskaappi-taitettava-vaateripustin\/","title":{"rendered":"SONGMICS vaatekaappi kangaskaappi taitettava vaateripustin"},"content":{"rendered":"<p>SONGMICS vaatekaappi, kangaskaappi, 2 vaatetankoa, kangasp\u00e4\u00e4llyste, 150 x 45 x 175 cm, kalanruotokuvio, harmaa RYG012G22<br \/>\nTuotteen mitat: 45 x 150 x 175 cm; 5,3 kg<br \/>\nMallinumero: RYG012C02<br \/>\nKoko: 45 x 150 x 175 cm<br \/>\nV\u00e4ri: salviavihre\u00e4<br \/>\nMuoto: suorakulmainen<br \/>\nKiinnitysprofiili: lattia-asennus<br \/>\nToimitus sis\u00e4lt\u00e4\u00e4: hyllyt<br \/>\nParistot mukana: Ei<br \/>\nTarvittavat paristot: Ei<br \/>\nTuotteen paino: 5,3 kg<\/p>\n","protected":false},"excerpt":{"rendered":"<p>SONGMICS vaatekaappi, kangaskaappi, 2 vaatetankoa, kangasp\u00e4\u00e4llyste, 150 x 45 x 175 cm, kalanruotokuvio, harmaa RYG012G22<\/p>\n","protected":false},"featured_media":46225,"comment_status":"open","ping_status":"closed","template":"","meta":[],"product_brand":[],"product_cat":[32],"product_tag":[],"class_list":{"0":"post-38431","1":"product","2":"type-product","3":"status-publish","4":"has-post-thumbnail","6":"product_cat-uncategorized-fi","8":"first","9":"instock","10":"shipping-taxable","11":"purchasable","12":"product-type-simple"},"_links":{"self":[{"href":"https:\/\/nordicmart.andreevmaster.com\/fi\/wp-json\/wp\/v2\/product\/38431","targetHints":{"allow":["GET"]}}],"collection":[{"href":"https:\/\/nordicmart.andreevmaster.com\/fi\/wp-json\/wp\/v2\/product"}],"about":[{"href":"https:\/\/nordicmart.andreevmaster.com\/fi\/wp-json\/wp\/v2\/types\/product"}],"replies":[{"embeddable":true,"href":"https:\/\/nordicmart.andreevmaster.com\/fi\/wp-json\/wp\/v2\/comments?post=38431"}],"wp:featuredmedia":[{"embeddable":true,"href":"https:\/\/nordicmart.andreevmaster.com\/fi\/wp-json\/wp\/v2\/media\/46225"}],"wp:attachment":[{"href":"https:\/\/nordicmart.andreevmaster.com\/fi\/wp-json\/wp\/v2\/media?parent=38431"}],"wp:term":[{"taxonomy":"product_brand","embeddable":true,"href":"https:\/\/nordicmart.andreevmaster.com\/fi\/wp-json\/wp\/v2\/product_brand?post=38431"},{"taxonomy":"product_cat","embeddable":true,"href":"https:\/\/nordicmart.andreevmaster.com\/fi\/wp-json\/wp\/v2\/product_cat?post=38431"},{"taxonomy":"product_tag","embeddable":true,"href":"https:\/\/nordicmart.andreevmaster.com\/fi\/wp-json\/wp\/v2\/product_tag?post=38431"}],"curies":[{"name":"wp","href":"https:\/\/api.w.org\/{rel}","templated":true}]}}