{"id":38424,"date":"2026-02-27T00:43:56","date_gmt":"2026-02-27T00:43:56","guid":{"rendered":"https:\/\/nordicmart.andreevmaster.com\/product\/songmics-sailytyslaatikkosetti-6-kpl\/"},"modified":"2026-02-27T09:59:30","modified_gmt":"2026-02-27T09:59:30","slug":"songmics-sailytyslaatikkosetti-6-kpl","status":"publish","type":"product","link":"https:\/\/nordicmart.andreevmaster.com\/fi\/tuote\/songmics-sailytyslaatikkosetti-6-kpl\/","title":{"rendered":"SONGMICS s\u00e4ilytyslaatikkosetti, 6 kpl"},"content":{"rendered":"<p>Todellinen s\u00e4ilytystaituri: kuutio-kangaskotelot kaikkiin tilanteisiin: vaatekaappiin, kirjahyllylle, sohvap\u00f6yd\u00e4n alle, ty\u00f6p\u00f6yd\u00e4lle tai lastenhuoneeseen. Kotelot sopivat lis\u00e4ksi useimpiin kuutio-organisaattoreihin. Voit k\u00e4ytt\u00e4\u00e4 n\u00e4it\u00e4 laatikoita yhdess\u00e4 tai erikseen tarpeen mukaan \u2013 p\u00e4\u00e4t\u00f6s on sinun. Edut yhdell\u00e4 silm\u00e4yksell\u00e4: Laadukkaat materiaalit antavat jokaiselle laatikolle muodonpit\u00e4v\u00e4n rakenteen, joka kest\u00e4\u00e4 jopa 5 kg:n painon. Laatikot sopivat useimpiin kuutioj\u00e4rjestelmiin. Laatikot voidaan taittaa litteiksi ja s\u00e4ilytt\u00e4\u00e4 helposti, kun niit\u00e4 ei k\u00e4ytet\u00e4.Laatikoiden silmukoiden ansiosta ne on helppo vet\u00e4\u00e4 hyllylt\u00e4. Sis\u00e4ll\u00e4 oleva silmukka auttaa sinua poistamaan pohjalevyn helposti ja taitamaan kangaslaatikon helposti kasaan. Siistit saumat antavat laadukkaan vaikutelman. Kangaslaatikot ovat hengitt\u00e4v\u00e4mpi\u00e4 kuin muovilaatikot, joten ne p\u00e4\u00e4st\u00e4v\u00e4t aina raitista ilmaa sis\u00e4ll\u00e4 s\u00e4ilytettyihin vaatteisiin.Tuotetiedot: V\u00e4ri: vaaleanharmaa Materiaali: 2 mm paksu pahvi, 80 g\/\u33a1 kuitukangas Koko: 30 x 30 x 30 cm (P x L x K) Paino: 3,4 kg Maks. staattinen kantavuus per laatikko: 5 kg Toimitus sis\u00e4lt\u00e4\u00e4: 6 x s\u00e4ilytyslaatikko SONGMICS-ohjeet:Pyyhi pinta p\u00e4ivitt\u00e4in hieman kostealla liinalla ja anna tuotteen kuivua ilmassa; \u00c4L\u00c4 pese vedell\u00e4. Tuote saattaa tuoksua hieman avattaessa. Siin\u00e4 tapauksessa aseta se muutamaksi tunniksi hyvin tuuletettuun paikkaan.<\/p>\n","protected":false},"excerpt":{"rendered":"<p>SONGMICS s\u00e4ilytyslaatikko, 6 kpl:n sarja, taitettava kangaslaatikko, s\u00e4ilytyskori, j\u00e4rjestelij\u00e4 leluille, vaatteille, savuharmaa RYFB06G<\/p>\n","protected":false},"featured_media":46218,"comment_status":"open","ping_status":"closed","template":"","meta":[],"product_brand":[],"product_cat":[32],"product_tag":[],"class_list":{"0":"post-38424","1":"product","2":"type-product","3":"status-publish","4":"has-post-thumbnail","6":"product_cat-uncategorized-fi","8":"first","9":"instock","10":"shipping-taxable","11":"purchasable","12":"product-type-simple"},"_links":{"self":[{"href":"https:\/\/nordicmart.andreevmaster.com\/fi\/wp-json\/wp\/v2\/product\/38424","targetHints":{"allow":["GET"]}}],"collection":[{"href":"https:\/\/nordicmart.andreevmaster.com\/fi\/wp-json\/wp\/v2\/product"}],"about":[{"href":"https:\/\/nordicmart.andreevmaster.com\/fi\/wp-json\/wp\/v2\/types\/product"}],"replies":[{"embeddable":true,"href":"https:\/\/nordicmart.andreevmaster.com\/fi\/wp-json\/wp\/v2\/comments?post=38424"}],"wp:featuredmedia":[{"embeddable":true,"href":"https:\/\/nordicmart.andreevmaster.com\/fi\/wp-json\/wp\/v2\/media\/46218"}],"wp:attachment":[{"href":"https:\/\/nordicmart.andreevmaster.com\/fi\/wp-json\/wp\/v2\/media?parent=38424"}],"wp:term":[{"taxonomy":"product_brand","embeddable":true,"href":"https:\/\/nordicmart.andreevmaster.com\/fi\/wp-json\/wp\/v2\/product_brand?post=38424"},{"taxonomy":"product_cat","embeddable":true,"href":"https:\/\/nordicmart.andreevmaster.com\/fi\/wp-json\/wp\/v2\/product_cat?post=38424"},{"taxonomy":"product_tag","embeddable":true,"href":"https:\/\/nordicmart.andreevmaster.com\/fi\/wp-json\/wp\/v2\/product_tag?post=38424"}],"curies":[{"name":"wp","href":"https:\/\/api.w.org\/{rel}","templated":true}]}}