{"id":38421,"date":"2026-02-27T00:43:56","date_gmt":"2026-02-27T00:43:56","guid":{"rendered":"https:\/\/nordicmart.andreevmaster.com\/product\/songmics-sailytyslaatikot-kannella\/"},"modified":"2026-02-27T09:59:29","modified_gmt":"2026-02-27T09:59:29","slug":"songmics-sailytyslaatikot-kannella","status":"publish","type":"product","link":"https:\/\/nordicmart.andreevmaster.com\/fi\/tuote\/songmics-sailytyslaatikot-kannella\/","title":{"rendered":"SONGMICS s\u00e4ilytyslaatikot kannella"},"content":{"rendered":"<p>Koska olet kiireinen ihminen, voi olla p\u00e4ivi\u00e4, jolloin tulet kotiin ja kohtaat vuoren sotkua. Jos haluat j\u00e4rjest\u00e4\u00e4 lomamuistosi, siivota vaatekaappisi tai puhdistaa lastesi huoneen kaaoksesta, t\u00e4m\u00e4 3-osainen taitettava laatikkosetti on fiksu s\u00e4ilytysratkaisu sinulle. Laatikot mahtuvat minne tahansa: vaatekaappiisi tai sen p\u00e4\u00e4lle, vaatehyllylle, kirjahyllylle, toimistop\u00f6yd\u00e4lle, lastenhuoneeseen jne. Laatikoiden parhaat ominaisuudet yhdell\u00e4 silm\u00e4yksell\u00e4: &#8211; Laatikoiden laadukkaiden materiaalien ansiosta ne n\u00e4ytt\u00e4v\u00e4t aina uusilta ja ovat kuin uudet. &#8211; Laatikoiden mukana toimitettavat kannet suojaavat tavaroitasi p\u00f6lylt\u00e4 ja lialta.- Laatikot ovat taitettavia, joten ne voidaan s\u00e4ilytt\u00e4\u00e4 tilaa s\u00e4\u00e4st\u00e4en. &#8211; Etikettipidikkeet auttavat l\u00f6yt\u00e4m\u00e4\u00e4n kaikki s\u00e4ilytetyt tavarat helposti. &#8211; Ommellut kahvat helpottavat kuljetusta. &#8211; Laatikoiden pohjalevyss\u00e4 oleva silmukka mahdollistaa helpon taiton ja pystytt\u00e4misen. &#8211; Siistit saumat viimeistelev\u00e4t laatikoiden korkealaatuisen ilmeen. Tuotetiedot: &#8211; V\u00e4ri: harmaa melange &#8211; Materiaali: 80 g\/\u33a1 liinavaatemainen kuitukangas, 2 mm paksu pahvi &#8211; Koko per laatikko: 30 x 40 x 25 cm (P x L x K) &#8211; Paino: 2,4 kg &#8211; Maks. staattinen kantavuus per laatikko: 5 kg Toimitus sis\u00e4lt\u00e4\u00e4:- 3 x s\u00e4ilytyslaatikko SONGMICS-ohjeet: &#8211; Kun avaat tuotteen pakkauksen, se saattaa tuoksua uudelta. Siirr\u00e4 siin\u00e4 tapauksessa tuote muutamaksi tunniksi hyvin ilmastoituun paikkaan. &#8211; Poista tahrat kostealla liinalla ja anna laatikoiden kuivua ilmassa. EI ole pest\u00e4v\u00e4!<\/p>\n","protected":false},"excerpt":{"rendered":"<p>SONGMICS 3 kpl s\u00e4ilytyslaatikoita kannella, taitettavat kangaslaatikot etikettipidikkeell\u00e4, kangaslaatikko, kuutio, 30 x 40 x 25 cm, vaaleanharmaa RYFB03W<\/p>\n","protected":false},"featured_media":46215,"comment_status":"open","ping_status":"closed","template":"","meta":[],"product_brand":[],"product_cat":[32],"product_tag":[],"class_list":{"0":"post-38421","1":"product","2":"type-product","3":"status-publish","4":"has-post-thumbnail","6":"product_cat-uncategorized-fi","8":"first","9":"instock","10":"shipping-taxable","11":"purchasable","12":"product-type-simple"},"_links":{"self":[{"href":"https:\/\/nordicmart.andreevmaster.com\/fi\/wp-json\/wp\/v2\/product\/38421","targetHints":{"allow":["GET"]}}],"collection":[{"href":"https:\/\/nordicmart.andreevmaster.com\/fi\/wp-json\/wp\/v2\/product"}],"about":[{"href":"https:\/\/nordicmart.andreevmaster.com\/fi\/wp-json\/wp\/v2\/types\/product"}],"replies":[{"embeddable":true,"href":"https:\/\/nordicmart.andreevmaster.com\/fi\/wp-json\/wp\/v2\/comments?post=38421"}],"wp:featuredmedia":[{"embeddable":true,"href":"https:\/\/nordicmart.andreevmaster.com\/fi\/wp-json\/wp\/v2\/media\/46215"}],"wp:attachment":[{"href":"https:\/\/nordicmart.andreevmaster.com\/fi\/wp-json\/wp\/v2\/media?parent=38421"}],"wp:term":[{"taxonomy":"product_brand","embeddable":true,"href":"https:\/\/nordicmart.andreevmaster.com\/fi\/wp-json\/wp\/v2\/product_brand?post=38421"},{"taxonomy":"product_cat","embeddable":true,"href":"https:\/\/nordicmart.andreevmaster.com\/fi\/wp-json\/wp\/v2\/product_cat?post=38421"},{"taxonomy":"product_tag","embeddable":true,"href":"https:\/\/nordicmart.andreevmaster.com\/fi\/wp-json\/wp\/v2\/product_tag?post=38421"}],"curies":[{"name":"wp","href":"https:\/\/api.w.org\/{rel}","templated":true}]}}