{"id":38418,"date":"2026-02-27T00:43:55","date_gmt":"2026-02-27T00:43:55","guid":{"rendered":"https:\/\/nordicmart.andreevmaster.com\/product\/songmics-sailytyslaukku-sangyn-alle-vihrea-punainen\/"},"modified":"2026-02-27T09:59:29","modified_gmt":"2026-02-27T09:59:29","slug":"songmics-sailytyslaukku-sangyn-alle-vihrea-punainen","status":"publish","type":"product","link":"https:\/\/nordicmart.andreevmaster.com\/fi\/tuote\/songmics-sailytyslaukku-sangyn-alle-vihrea-punainen\/","title":{"rendered":"SONGMICS s\u00e4ilytyslaukku s\u00e4ngyn alle, vihre\u00e4-punainen"},"content":{"rendered":"<p>Ei vain rentouttavaa joulua varten&#8230; Viimein on tullut p\u00e4iv\u00e4, jota olet odottanut kauan! Olet katannut p\u00f6yd\u00e4n ja koristellut talon&#8230; Hetkinen! Jotain puuttuu viel\u00e4. Et ole viel\u00e4 paketoinut lahjoja! \u00c4l\u00e4 huoli, lahjapaperi, v\u00e4rikk\u00e4\u00e4t nauhat ja kortit ovat siististi t\u00e4ss\u00e4 SONGMICS-s\u00e4ilytyslaukussa. Ennen vieraiden saapumista kaikki lahjat ovat kauniisti pakattuina joulukuusen alla. &#8230;vaan my\u00f6s rentouttavaa arkea varten! Puuttuuko sinulta s\u00e4ilytystilaa vuodenaikaan sopimattomille vaatteille tai lakanoille? T\u00e4m\u00e4 laukku auttaa sinua. Siin\u00e4 on v\u00e4lisein\u00e4, joten voit s\u00e4ilytt\u00e4\u00e4 lakanat ja vaatteet erill\u00e4\u00e4n toisistaan. Lis\u00e4ksi voit s\u00e4ilytt\u00e4\u00e4 sukkia PVC-pussissa ja kiinnitt\u00e4\u00e4 huivit kuminauhoilla. Kaikki kunnossa! Tuotetiedot: &#8211; V\u00e4ri: punainen-vihre\u00e4 &#8211; Materiaali: pahvi, kuitukangas, PVC &#8211; Koko: 102 x 40 x 15 cm (P x L x K) &#8211; Paino: 1,15 kg Toimitus sis\u00e4lt\u00e4\u00e4: &#8211; 1 x s\u00e4ilytyslaukku &#8211; 2 x sivulevy SONGMICS Huomautukset:- \u00c4l\u00e4 s\u00e4ilyt\u00e4 tuotteessa painavia tai ter\u00e4vi\u00e4 esineit\u00e4. &#8211; \u00c4l\u00e4 pese tuotetta suoraan vedell\u00e4. Pyyhi se kostealla liinalla lian poistamiseksi. &#8211; Tuote saattaa tuoksua hieman avattaessa. Siirr\u00e4 se t\u00e4ll\u00f6in hyvin tuuletettuun paikkaan. Tuoksu h\u00e4vi\u00e4\u00e4 pian.<\/p>\n","protected":false},"excerpt":{"rendered":"<p>SONGMICS s\u00e4ilytyslaukku lahjapaperille, ripustettava s\u00e4ilytysj\u00e4rjestelm\u00e4, lahjapaperin s\u00e4ilytys, kaksipuolinen, lahjapaperirullille enint\u00e4\u00e4n 100 cm, julisteille, joulu, punainen RXH001R01<\/p>\n","protected":false},"featured_media":46212,"comment_status":"open","ping_status":"closed","template":"","meta":[],"product_brand":[],"product_cat":[32],"product_tag":[],"class_list":{"0":"post-38418","1":"product","2":"type-product","3":"status-publish","4":"has-post-thumbnail","6":"product_cat-uncategorized-fi","8":"first","9":"instock","10":"shipping-taxable","11":"purchasable","12":"product-type-simple"},"_links":{"self":[{"href":"https:\/\/nordicmart.andreevmaster.com\/fi\/wp-json\/wp\/v2\/product\/38418","targetHints":{"allow":["GET"]}}],"collection":[{"href":"https:\/\/nordicmart.andreevmaster.com\/fi\/wp-json\/wp\/v2\/product"}],"about":[{"href":"https:\/\/nordicmart.andreevmaster.com\/fi\/wp-json\/wp\/v2\/types\/product"}],"replies":[{"embeddable":true,"href":"https:\/\/nordicmart.andreevmaster.com\/fi\/wp-json\/wp\/v2\/comments?post=38418"}],"wp:featuredmedia":[{"embeddable":true,"href":"https:\/\/nordicmart.andreevmaster.com\/fi\/wp-json\/wp\/v2\/media\/46212"}],"wp:attachment":[{"href":"https:\/\/nordicmart.andreevmaster.com\/fi\/wp-json\/wp\/v2\/media?parent=38418"}],"wp:term":[{"taxonomy":"product_brand","embeddable":true,"href":"https:\/\/nordicmart.andreevmaster.com\/fi\/wp-json\/wp\/v2\/product_brand?post=38418"},{"taxonomy":"product_cat","embeddable":true,"href":"https:\/\/nordicmart.andreevmaster.com\/fi\/wp-json\/wp\/v2\/product_cat?post=38418"},{"taxonomy":"product_tag","embeddable":true,"href":"https:\/\/nordicmart.andreevmaster.com\/fi\/wp-json\/wp\/v2\/product_tag?post=38418"}],"curies":[{"name":"wp","href":"https:\/\/api.w.org\/{rel}","templated":true}]}}