{"id":38417,"date":"2026-02-27T00:43:54","date_gmt":"2026-02-27T00:43:54","guid":{"rendered":"https:\/\/nordicmart.andreevmaster.com\/product\/songmics-sailytyslaukut-2-kpl-kahvat-vihrea\/"},"modified":"2026-02-27T09:59:29","modified_gmt":"2026-02-27T09:59:29","slug":"songmics-sailytyslaukut-2-kpl-kahvat-vihrea","status":"publish","type":"product","link":"https:\/\/nordicmart.andreevmaster.com\/fi\/tuote\/songmics-sailytyslaukut-2-kpl-kahvat-vihrea\/","title":{"rendered":"SONGMICS s\u00e4ilytyslaukut, 2 kpl, kahvat, vihre\u00e4"},"content":{"rendered":"<p>N\u00e4in voit k\u00e4ytt\u00e4\u00e4 joulukoristeitasi uudelleen Kun joulu on ohi, adventtiseppele on t\u00e4ytt\u00e4nyt teht\u00e4v\u00e4ns\u00e4. Heit\u00e4tk\u00f6 sen vain roskakoriin tai laitatko sen nurkkaan p\u00f6lyttym\u00e4\u00e4n? Ei! Laita seppele yhteen n\u00e4ist\u00e4 600D Oxford-kankaasta valmistetuista ja vett\u00e4 hylkiv\u00e4ll\u00e4 pinnoitteella varustetuista pusseista ja suojaa se p\u00f6lylt\u00e4 ja kosteudelta. Kun joulu taas koittaa, ota seppele pussista ja koristele kotisi! Joulukoristeiden s\u00e4ilytt\u00e4minen on n\u00e4in helppoa! Vaihe 1: Avaa pussit vetoketjun avulla. Vaihe 2: Laita koristeet pussiin ja sulje vetoketju. Vaihe 3: Merkitse sis\u00e4lt\u00f6 etikettipidikkeell\u00e4. Vaihe 4: Kuljeta pussit k\u00e4tevill\u00e4 kahvoilla kellariin tai ripusta ne tilaa s\u00e4\u00e4st\u00e4v\u00e4ll\u00e4 tavalla. Tuotetiedot: &#8211; V\u00e4ri: vihre\u00e4 &#8211; Materiaali: 600D Oxford-kangas, PVC-pinnoite &#8211; Kokonaismitat: 76,2 x 16 cm (\u00d8 x H) &#8211; Paino per pussi: 450 g &#8211; Maks. staattinen kantavuus per pussi: 3 kg Toimitus sis\u00e4lt\u00e4\u00e4: &#8211; 2 x s\u00e4ilytyspussia SONGICSin huomautukset:- Tuote saattaa tuoksua hieman avattaessa. Siirr\u00e4 se t\u00e4ll\u00f6in hyvin tuuletettuun paikkaan. Tuoksu h\u00e4vi\u00e4\u00e4 pian. &#8211; \u00c4l\u00e4 altista tuotetta pitk\u00e4\u00e4n suoralle auringonvalolle tai korkealle kosteudelle. &#8211; Kunkin pussin suurin staattinen kantavuus on 3 kg. \u00c4l\u00e4 ylit\u00e4 t\u00e4t\u00e4 enimm\u00e4ispainoa.<\/p>\n","protected":false},"excerpt":{"rendered":"<p>SONGMICS s\u00e4ilytyslaukku lahjapaperille, ripustettava s\u00e4ilytysj\u00e4rjestelm\u00e4, lahjapaperin s\u00e4ilytys, kaksipuolinen, lahjapaperirullille enint\u00e4\u00e4n 100 cm, julisteille, joulu, punainen RXH001R01<\/p>\n","protected":false},"featured_media":46211,"comment_status":"open","ping_status":"closed","template":"","meta":[],"product_brand":[],"product_cat":[32],"product_tag":[],"class_list":{"0":"post-38417","1":"product","2":"type-product","3":"status-publish","4":"has-post-thumbnail","6":"product_cat-uncategorized-fi","8":"first","9":"instock","10":"shipping-taxable","11":"purchasable","12":"product-type-simple"},"_links":{"self":[{"href":"https:\/\/nordicmart.andreevmaster.com\/fi\/wp-json\/wp\/v2\/product\/38417","targetHints":{"allow":["GET"]}}],"collection":[{"href":"https:\/\/nordicmart.andreevmaster.com\/fi\/wp-json\/wp\/v2\/product"}],"about":[{"href":"https:\/\/nordicmart.andreevmaster.com\/fi\/wp-json\/wp\/v2\/types\/product"}],"replies":[{"embeddable":true,"href":"https:\/\/nordicmart.andreevmaster.com\/fi\/wp-json\/wp\/v2\/comments?post=38417"}],"wp:featuredmedia":[{"embeddable":true,"href":"https:\/\/nordicmart.andreevmaster.com\/fi\/wp-json\/wp\/v2\/media\/46211"}],"wp:attachment":[{"href":"https:\/\/nordicmart.andreevmaster.com\/fi\/wp-json\/wp\/v2\/media?parent=38417"}],"wp:term":[{"taxonomy":"product_brand","embeddable":true,"href":"https:\/\/nordicmart.andreevmaster.com\/fi\/wp-json\/wp\/v2\/product_brand?post=38417"},{"taxonomy":"product_cat","embeddable":true,"href":"https:\/\/nordicmart.andreevmaster.com\/fi\/wp-json\/wp\/v2\/product_cat?post=38417"},{"taxonomy":"product_tag","embeddable":true,"href":"https:\/\/nordicmart.andreevmaster.com\/fi\/wp-json\/wp\/v2\/product_tag?post=38417"}],"curies":[{"name":"wp","href":"https:\/\/api.w.org\/{rel}","templated":true}]}}