{"id":38416,"date":"2026-02-27T00:43:54","date_gmt":"2026-02-27T00:43:54","guid":{"rendered":"https:\/\/nordicmart.andreevmaster.com\/product\/songmics-sailytyslaukku-joulukuuselle\/"},"modified":"2026-02-27T09:59:28","modified_gmt":"2026-02-27T09:59:28","slug":"songmics-sailytyslaukku-joulukuuselle","status":"publish","type":"product","link":"https:\/\/nordicmart.andreevmaster.com\/fi\/tuote\/songmics-sailytyslaukku-joulukuuselle\/","title":{"rendered":"SONGMICS s\u00e4ilytyslaukku joulukuuselle"},"content":{"rendered":"<p>SONGMICS-s\u00e4ilytyslaukku joulukuuselle, py\u00f6rill\u00e4 varustettu kantolaukku, jopa 229 cm:n pituisille kuusille, purettavalle joulukuuselle, pituuss\u00e4\u00e4dett\u00e4v\u00e4t kahvat, 600D Oxford-kangas<\/p>\n","protected":false},"excerpt":{"rendered":"<p>SONGMICS-s\u00e4ilytyslaukku joulukuuselle, py\u00f6rill\u00e4 varustettu kantolaukku, jopa 229 cm:n pituisille kuusille, purettavalle joulukuuselle, pituuss\u00e4\u00e4dett\u00e4v\u00e4t kahvat, 600D Oxford-kangas<\/p>\n","protected":false},"featured_media":46210,"comment_status":"open","ping_status":"closed","template":"","meta":[],"product_brand":[],"product_cat":[32],"product_tag":[],"class_list":{"0":"post-38416","1":"product","2":"type-product","3":"status-publish","4":"has-post-thumbnail","6":"product_cat-uncategorized-fi","8":"first","9":"instock","10":"shipping-taxable","11":"purchasable","12":"product-type-simple"},"_links":{"self":[{"href":"https:\/\/nordicmart.andreevmaster.com\/fi\/wp-json\/wp\/v2\/product\/38416","targetHints":{"allow":["GET"]}}],"collection":[{"href":"https:\/\/nordicmart.andreevmaster.com\/fi\/wp-json\/wp\/v2\/product"}],"about":[{"href":"https:\/\/nordicmart.andreevmaster.com\/fi\/wp-json\/wp\/v2\/types\/product"}],"replies":[{"embeddable":true,"href":"https:\/\/nordicmart.andreevmaster.com\/fi\/wp-json\/wp\/v2\/comments?post=38416"}],"wp:featuredmedia":[{"embeddable":true,"href":"https:\/\/nordicmart.andreevmaster.com\/fi\/wp-json\/wp\/v2\/media\/46210"}],"wp:attachment":[{"href":"https:\/\/nordicmart.andreevmaster.com\/fi\/wp-json\/wp\/v2\/media?parent=38416"}],"wp:term":[{"taxonomy":"product_brand","embeddable":true,"href":"https:\/\/nordicmart.andreevmaster.com\/fi\/wp-json\/wp\/v2\/product_brand?post=38416"},{"taxonomy":"product_cat","embeddable":true,"href":"https:\/\/nordicmart.andreevmaster.com\/fi\/wp-json\/wp\/v2\/product_cat?post=38416"},{"taxonomy":"product_tag","embeddable":true,"href":"https:\/\/nordicmart.andreevmaster.com\/fi\/wp-json\/wp\/v2\/product_tag?post=38416"}],"curies":[{"name":"wp","href":"https:\/\/api.w.org\/{rel}","templated":true}]}}