{"id":38412,"date":"2026-02-27T00:43:53","date_gmt":"2026-02-27T00:43:53","guid":{"rendered":"https:\/\/nordicmart.andreevmaster.com\/product\/songmics-sailytyspussi-joulukuuselle-vihrea\/"},"modified":"2026-02-27T09:59:28","modified_gmt":"2026-02-27T09:59:28","slug":"songmics-sailytyspussi-joulukuuselle-vihrea","status":"publish","type":"product","link":"https:\/\/nordicmart.andreevmaster.com\/fi\/tuote\/songmics-sailytyspussi-joulukuuselle-vihrea\/","title":{"rendered":"SONGMICS s\u00e4ilytyspussi joulukuuselle, vihre\u00e4"},"content":{"rendered":"<p>Laukku joulukuusellesi Vaikka keinotekoinen joulukuusi on 330 p\u00e4iv\u00e4\u00e4 vuodesta kellarissa, se pysyy sinulle aina uskollisena. S\u00e4ilyt\u00e4 se siis turvallisesti ja osoita sille, ett\u00e4 se on sinulle t\u00e4rke\u00e4 sek\u00e4 jouluna ett\u00e4 sen j\u00e4lkeen. 600D Oxford-kankaasta valmistettu SONGMICS-laukku on kest\u00e4v\u00e4, pitk\u00e4ik\u00e4inen, kosteudenkest\u00e4v\u00e4 ja helppohoitoinen. Kun otat puusi laukusta ensi vuonna, se n\u00e4ytt\u00e4\u00e4 yh\u00e4 silt\u00e4 kuin olisit juuri ostanut sen. Mihin t\u00e4m\u00e4 s\u00e4ilytyslaukku sopii? Autotalliin, s\u00e4ngyn alle tai vaatekaapin p\u00e4\u00e4lle&#8230;Kompakti laukku auttaa s\u00e4\u00e4st\u00e4m\u00e4\u00e4n tilaa kotona. Lis\u00e4ksi se on varustettu korkealaatuisella vetoketjulla, joka suojaa tavaroitasi p\u00f6lylt\u00e4. Lis\u00e4ksi sit\u00e4 voi kuljettaa mihin tahansa kahden vahvistetun suuren kahvan ja kahden pienemm\u00e4n kahvan avulla. Tuotetiedot: &#8211; V\u00e4ri: vihre\u00e4 &#8211; Materiaali: 600D Oxford-kangas &#8211; Koko: 164 x 38 x 76 cm (P x L x K) &#8211; Kahvan leveys: 3,5 cm &#8211; Puille, joiden korkeus on enint\u00e4\u00e4n: 160 cm &#8211; Paino: 1,3 kg Toimitus sis\u00e4lt\u00e4\u00e4: &#8211; 1 x s\u00e4ilytyslaukku SONGICSin ohjeet:- \u00c4l\u00e4 s\u00e4ilyt\u00e4 tuotteessa painavia tai ter\u00e4vi\u00e4 esineit\u00e4. &#8211; Tuote saattaa tuoksua hieman avattaessa. Siirr\u00e4 se t\u00e4ll\u00f6in hyvin tuuletettuun paikkaan. Tuoksu h\u00e4vi\u00e4\u00e4 pian. &#8211; Tuote voidaan puhdistaa suoraan vedell\u00e4.<\/p>\n","protected":false},"excerpt":{"rendered":"<p>SONGMICS s\u00e4ilytyslaukku joulukuuselle, kantolaukku, puille jopa 160 cm, 600D Oxford-kangasta, kest\u00e4v\u00e4, kevyt, vedenpit\u00e4v\u00e4, tukevilla kahvoilla, punainen RXS003R01<\/p>\n","protected":false},"featured_media":46206,"comment_status":"open","ping_status":"closed","template":"","meta":[],"product_brand":[],"product_cat":[32],"product_tag":[],"class_list":{"0":"post-38412","1":"product","2":"type-product","3":"status-publish","4":"has-post-thumbnail","6":"product_cat-uncategorized-fi","8":"first","9":"instock","10":"shipping-taxable","11":"purchasable","12":"product-type-simple"},"_links":{"self":[{"href":"https:\/\/nordicmart.andreevmaster.com\/fi\/wp-json\/wp\/v2\/product\/38412","targetHints":{"allow":["GET"]}}],"collection":[{"href":"https:\/\/nordicmart.andreevmaster.com\/fi\/wp-json\/wp\/v2\/product"}],"about":[{"href":"https:\/\/nordicmart.andreevmaster.com\/fi\/wp-json\/wp\/v2\/types\/product"}],"replies":[{"embeddable":true,"href":"https:\/\/nordicmart.andreevmaster.com\/fi\/wp-json\/wp\/v2\/comments?post=38412"}],"wp:featuredmedia":[{"embeddable":true,"href":"https:\/\/nordicmart.andreevmaster.com\/fi\/wp-json\/wp\/v2\/media\/46206"}],"wp:attachment":[{"href":"https:\/\/nordicmart.andreevmaster.com\/fi\/wp-json\/wp\/v2\/media?parent=38412"}],"wp:term":[{"taxonomy":"product_brand","embeddable":true,"href":"https:\/\/nordicmart.andreevmaster.com\/fi\/wp-json\/wp\/v2\/product_brand?post=38412"},{"taxonomy":"product_cat","embeddable":true,"href":"https:\/\/nordicmart.andreevmaster.com\/fi\/wp-json\/wp\/v2\/product_cat?post=38412"},{"taxonomy":"product_tag","embeddable":true,"href":"https:\/\/nordicmart.andreevmaster.com\/fi\/wp-json\/wp\/v2\/product_tag?post=38412"}],"curies":[{"name":"wp","href":"https:\/\/api.w.org\/{rel}","templated":true}]}}