{"id":38411,"date":"2026-02-27T00:43:52","date_gmt":"2026-02-27T00:43:52","guid":{"rendered":"https:\/\/nordicmart.andreevmaster.com\/product\/songmics-kenkahylly-10-tasoa-kenkakaappi-kenkien-sailytys\/"},"modified":"2026-02-27T09:59:27","modified_gmt":"2026-02-27T09:59:27","slug":"songmics-kenkahylly-10-tasoa-kenkakaappi-kenkien-sailytys","status":"publish","type":"product","link":"https:\/\/nordicmart.andreevmaster.com\/fi\/tuote\/songmics-kenkahylly-10-tasoa-kenkakaappi-kenkien-sailytys\/","title":{"rendered":"SONGMICS kenk\u00e4hylly 10 tasoa, kenk\u00e4kaappi, kenkien s\u00e4ilytys"},"content":{"rendered":"<p>Kuvaus: Hanki t\u00e4m\u00e4 kenk\u00e4hylly kotiisi ja siisti asuntosi. SONGMICS ei koskaan pet\u00e4 sinua! Pelasta kotisi kenk\u00e4kaoselta. Ovatko korkokeng\u00e4t, kumppanisi saappaat ja lastesi keng\u00e4t hajallaan lattialla, joten sinulla on vaikeuksia l\u00f6yt\u00e4\u00e4 sopivaa paria, kun l\u00e4hdet aamulla kotoa? T\u00e4st\u00e4 p\u00e4iv\u00e4st\u00e4 l\u00e4htien etsiminen on ohi! T\u00e4m\u00e4 kenk\u00e4hylly auttaa sinua s\u00e4ilytt\u00e4m\u00e4\u00e4n kaikki kenk\u00e4si siististi. Vihdoin keng\u00e4t, jotka ovat olleet pitk\u00e4\u00e4n piilossa kenk\u00e4kasojen alla, saavat taas mahdollisuuden tulla k\u00e4ytetyiksi! Mit\u00e4 sinun pit\u00e4isi tehd\u00e4, jos kangashylly likaantuu? \u00c4l\u00e4 huoli! Kuitukangas on helppohoitoinen ja vett\u00e4 hylkiv\u00e4, joten sen puhdistamiseen riitt\u00e4\u00e4 kostealla liinalla pyyhkiminen.Haluatko s\u00e4ilytt\u00e4\u00e4 saappaasi? Ei h\u00e4t\u00e4\u00e4! T\u00e4m\u00e4 kenk\u00e4hylly on helppo koota ja s\u00e4\u00e4t\u00e4\u00e4. Asennuksen yhteydess\u00e4 voit j\u00e4tt\u00e4\u00e4 yhden tai kaksi hylly\u00e4 pois, jotta saat tilaa uusille saappaille! Huolehdimme my\u00f6s siit\u00e4, ett\u00e4 muut kenk\u00e4tarvikkeet, kuten kenk\u00e4voide tai keng\u00e4nnauhat, voidaan s\u00e4ilytt\u00e4\u00e4 siististi. Katso vain hyllyn sivutaskut! Eritt\u00e4in k\u00e4yt\u00e4nn\u00f6lliset! Tuotetiedot: &#8211; V\u00e4ri: harmaa &#8211; Materiaali: kuitukangas, metalliputket, muoviliittimet &#8211; Hyllyjen v\u00e4linen et\u00e4isyys: 17 cm &#8211; Mitat: 88 x 28 x 160 cm (P x L x K) &#8211; Paino: 2,7 kg &#8211; Hyllyn enimm\u00e4iskuormitus: 3 kg &#8211; Hyllyjen enimm\u00e4iskuormitus yhteens\u00e4: 27 kg &#8211; Toimitus sis\u00e4lt\u00e4\u00e4: &#8211; 1 x kenk\u00e4hylly &#8211; 1 x ohjeet (DE, EN, FR, ES, IT) SONGMICS-ohjeet: &#8211; \u00c4l\u00e4 k\u00e4yt\u00e4 tuotetta, jos se on vaurioitunut tai puutteellinen. Koko hyllyn enimm\u00e4iskuormitus: 27 kgToimitus sis\u00e4lt\u00e4\u00e4:- 1 x kenk\u00e4hylly- 1 x ohjeet (DE, EN, FR, ES, IT)SONGMICS-ohjeet:- \u00c4l\u00e4 k\u00e4yt\u00e4 tuotetta ulkona.<\/p>\n","protected":false},"excerpt":{"rendered":"<p>Kenk\u00e4hylly 10 tasoa, kenk\u00e4kaappi, kenkien s\u00e4ilytys, p\u00e4\u00e4llysteell\u00e4, kenkien j\u00e4rjestelij\u00e4, korkokengille, urheilukengille, metallirunko, harmaa<\/p>\n","protected":false},"featured_media":46205,"comment_status":"open","ping_status":"closed","template":"","meta":[],"product_brand":[],"product_cat":[32],"product_tag":[],"class_list":{"0":"post-38411","1":"product","2":"type-product","3":"status-publish","4":"has-post-thumbnail","6":"product_cat-uncategorized-fi","8":"first","9":"instock","10":"shipping-taxable","11":"purchasable","12":"product-type-simple"},"_links":{"self":[{"href":"https:\/\/nordicmart.andreevmaster.com\/fi\/wp-json\/wp\/v2\/product\/38411","targetHints":{"allow":["GET"]}}],"collection":[{"href":"https:\/\/nordicmart.andreevmaster.com\/fi\/wp-json\/wp\/v2\/product"}],"about":[{"href":"https:\/\/nordicmart.andreevmaster.com\/fi\/wp-json\/wp\/v2\/types\/product"}],"replies":[{"embeddable":true,"href":"https:\/\/nordicmart.andreevmaster.com\/fi\/wp-json\/wp\/v2\/comments?post=38411"}],"wp:featuredmedia":[{"embeddable":true,"href":"https:\/\/nordicmart.andreevmaster.com\/fi\/wp-json\/wp\/v2\/media\/46205"}],"wp:attachment":[{"href":"https:\/\/nordicmart.andreevmaster.com\/fi\/wp-json\/wp\/v2\/media?parent=38411"}],"wp:term":[{"taxonomy":"product_brand","embeddable":true,"href":"https:\/\/nordicmart.andreevmaster.com\/fi\/wp-json\/wp\/v2\/product_brand?post=38411"},{"taxonomy":"product_cat","embeddable":true,"href":"https:\/\/nordicmart.andreevmaster.com\/fi\/wp-json\/wp\/v2\/product_cat?post=38411"},{"taxonomy":"product_tag","embeddable":true,"href":"https:\/\/nordicmart.andreevmaster.com\/fi\/wp-json\/wp\/v2\/product_tag?post=38411"}],"curies":[{"name":"wp","href":"https:\/\/api.w.org\/{rel}","templated":true}]}}