{"id":38405,"date":"2026-02-27T00:43:50","date_gmt":"2026-02-27T00:43:50","guid":{"rendered":"https:\/\/nordicmart.andreevmaster.com\/product\/10-tasoinen-kenkateline-polytiiviilla-suojalla-sailytyskaappi-jarjestaja-joka-pitaa-jopa-40-paria-kenkia-olohuoneessa-eteisessa-88-x-28-x-160-cm-harmaa-2\/"},"modified":"2026-02-27T09:59:26","modified_gmt":"2026-02-27T09:59:26","slug":"10-tasoinen-kenkateline-polytiiviilla-suojalla-sailytyskaappi-jarjestaja-joka-pitaa-jopa-40-paria-kenkia-olohuoneessa-eteisessa-88-x-28-x-160-cm-harmaa-2","status":"publish","type":"product","link":"https:\/\/nordicmart.andreevmaster.com\/fi\/tuote\/10-tasoinen-kenkateline-polytiiviilla-suojalla-sailytyskaappi-jarjestaja-joka-pitaa-jopa-40-paria-kenkia-olohuoneessa-eteisessa-88-x-28-x-160-cm-harmaa-2\/","title":{"rendered":"10-tasoinen kenk\u00e4teline p\u00f6lytiiviill\u00e4 suojalla, s\u00e4ilytyskaappi, j\u00e4rjest\u00e4j\u00e4, joka pit\u00e4\u00e4 jopa 40 paria kenki\u00e4, olohuoneessa, eteisess\u00e4, 88 x 28 x 160 cm, harmaa"},"content":{"rendered":"","protected":false},"excerpt":{"rendered":"","protected":false},"featured_media":0,"comment_status":"open","ping_status":"closed","template":"","meta":[],"product_brand":[],"product_cat":[32],"product_tag":[],"class_list":{"0":"post-38405","1":"product","2":"type-product","3":"status-publish","5":"product_cat-uncategorized-fi","7":"first","8":"instock","9":"shipping-taxable","10":"product-type-simple"},"_links":{"self":[{"href":"https:\/\/nordicmart.andreevmaster.com\/fi\/wp-json\/wp\/v2\/product\/38405","targetHints":{"allow":["GET"]}}],"collection":[{"href":"https:\/\/nordicmart.andreevmaster.com\/fi\/wp-json\/wp\/v2\/product"}],"about":[{"href":"https:\/\/nordicmart.andreevmaster.com\/fi\/wp-json\/wp\/v2\/types\/product"}],"replies":[{"embeddable":true,"href":"https:\/\/nordicmart.andreevmaster.com\/fi\/wp-json\/wp\/v2\/comments?post=38405"}],"wp:attachment":[{"href":"https:\/\/nordicmart.andreevmaster.com\/fi\/wp-json\/wp\/v2\/media?parent=38405"}],"wp:term":[{"taxonomy":"product_brand","embeddable":true,"href":"https:\/\/nordicmart.andreevmaster.com\/fi\/wp-json\/wp\/v2\/product_brand?post=38405"},{"taxonomy":"product_cat","embeddable":true,"href":"https:\/\/nordicmart.andreevmaster.com\/fi\/wp-json\/wp\/v2\/product_cat?post=38405"},{"taxonomy":"product_tag","embeddable":true,"href":"https:\/\/nordicmart.andreevmaster.com\/fi\/wp-json\/wp\/v2\/product_tag?post=38405"}],"curies":[{"name":"wp","href":"https:\/\/api.w.org\/{rel}","templated":true}]}}