{"id":38400,"date":"2026-02-27T00:43:49","date_gmt":"2026-02-27T00:43:49","guid":{"rendered":"https:\/\/nordicmart.andreevmaster.com\/product\/10-tasoinen-kangashylly-kenkien-jarjestelija-suuri-kapasiteetti-helppo-asentaa-polytiivis-58-x-28-x-160-cm-musta-2\/"},"modified":"2026-02-27T09:59:25","modified_gmt":"2026-02-27T09:59:25","slug":"10-tasoinen-kangashylly-kenkien-jarjestelija-suuri-kapasiteetti-helppo-asentaa-polytiivis-58-x-28-x-160-cm-musta-2","status":"publish","type":"product","link":"https:\/\/nordicmart.andreevmaster.com\/fi\/tuote\/10-tasoinen-kangashylly-kenkien-jarjestelija-suuri-kapasiteetti-helppo-asentaa-polytiivis-58-x-28-x-160-cm-musta-2\/","title":{"rendered":"10-tasoinen kangashylly, kenkien j\u00e4rjestelij\u00e4, suuri kapasiteetti, helppo asentaa, p\u00f6lytiivis, 58 x 28 x 160 cm, musta"},"content":{"rendered":"<p>RAKENNETTU KEST\u00c4V\u00c4KSI: Tukevien ter\u00e4sputkien tukemana t\u00e4m\u00e4 kenk\u00e4teline tarjoaa vankan tuen rakkaille kengillesi. Putkien ruosteen- ja korroosionkest\u00e4v\u00e4n pinnoitteen ansiosta t\u00e4m\u00e4 kenkien koti kest\u00e4\u00e4 aikaa.SUOJAUS LIKAISUUDEN SIJAAN: 75 g\/m\u00b2 kuitukankaasta valmistettu kansi antaa kengillesi ymp\u00e4rivuotisen suojan. Kosteus? P\u00f6lylt\u00e4? Niill\u00e4 ei ole mit\u00e4\u00e4n mahdollisuuksia! Viel\u00e4 parempi, ett\u00e4 kenkien j\u00e4rjest\u00e4j\u00e4n puhdistamiseen tarvitaan vain r\u00e4tti.N\u00c4YT\u00c4 SE, K\u00c4TKE SE: Haluatko esitell\u00e4 kenk\u00e4kokoelmaasi? Se on helppoa! Avaa kansi, rullaa luukku yl\u00f6s ja kiinnit\u00e4 se paikalleen tarranauhakiinnityksell\u00e4. Haluatko piilottaa ne pois n\u00e4kyvist\u00e4? Yht\u00e4 helppoa!<\/p>\n<p>TERVETULOA LIS\u00c4\u00c4N: Kenkien lis\u00e4ksi t\u00e4m\u00e4 10-kerroksinen s\u00e4ilytysteline toivottaa tervetulleeksi my\u00f6s lelut, vaatteet tai s\u00e4ilytyslaatikot. Oletko tarkistanut sivut? Siell\u00e4 on taskuja pienille tavaroille, kuten kenk\u00e4harjoille ja kiillotusaineille&#8230;<\/p>\n<p>MIT\u00c4 SAAT: 10-kerroksinen kenk\u00e4teline, jonka kompakti muotoilu vie vain v\u00e4h\u00e4n lattiatilaa ja joka on helppo tapa siisti\u00e4 kenk\u00e4pinot ja esitell\u00e4 kenk\u00e4kokoelmaasi.<\/p>\n<p>Tekniset tiedot:- V\u00e4ri: Musta- Materiaali: Materiaali: 75 g\/m\u00b2 kuitukangas, ter\u00e4sputki- Tuotteen koko: 58 x 28 x 160 cm (L x S x K)- Tasojen v\u00e4linen korkeus: 17 cm- Tuotteen paino: 2,4 kg Pakkauksen sis\u00e4lt\u00f6:- 1 x kenk\u00e4teline.<\/p>\n","protected":false},"excerpt":{"rendered":"<p>RAKENNETTU KEST\u00c4V\u00c4KSI: Tukevien ter\u00e4sputkien tukemana t\u00e4m\u00e4 kenk\u00e4teline tarjoaa vankan tuen rakkaille kengillesi. Putkien ruosteen- ja korroosionkest\u00e4v\u00e4n pinnoitteen ansiosta t\u00e4m\u00e4 kenkien koti kest\u00e4\u00e4 aikaa.SUOJAUS LIKAISUUDEN SIJAAN: 75 g\/m\u00b2 kuitukankaasta valmistettu kansi antaa kengillesi ymp\u00e4rivuotisen suojan. Kosteus? P\u00f6lylt\u00e4? Niill\u00e4 ei ole mit\u00e4\u00e4n mahdollisuuksia! Viel\u00e4 parempi, ett\u00e4 kenkien j\u00e4rjest\u00e4j\u00e4n puhdistamiseen tarvitaan vain r\u00e4tti.N\u00c4YT\u00c4 SE, K\u00c4TKE SE: Haluatko esitell\u00e4 [&hellip;]<\/p>\n","protected":false},"featured_media":0,"comment_status":"open","ping_status":"closed","template":"","meta":[],"product_brand":[],"product_cat":[32],"product_tag":[],"class_list":{"0":"post-38400","1":"product","2":"type-product","3":"status-publish","5":"product_cat-uncategorized-fi","7":"first","8":"instock","9":"shipping-taxable","10":"product-type-simple"},"_links":{"self":[{"href":"https:\/\/nordicmart.andreevmaster.com\/fi\/wp-json\/wp\/v2\/product\/38400","targetHints":{"allow":["GET"]}}],"collection":[{"href":"https:\/\/nordicmart.andreevmaster.com\/fi\/wp-json\/wp\/v2\/product"}],"about":[{"href":"https:\/\/nordicmart.andreevmaster.com\/fi\/wp-json\/wp\/v2\/types\/product"}],"replies":[{"embeddable":true,"href":"https:\/\/nordicmart.andreevmaster.com\/fi\/wp-json\/wp\/v2\/comments?post=38400"}],"wp:attachment":[{"href":"https:\/\/nordicmart.andreevmaster.com\/fi\/wp-json\/wp\/v2\/media?parent=38400"}],"wp:term":[{"taxonomy":"product_brand","embeddable":true,"href":"https:\/\/nordicmart.andreevmaster.com\/fi\/wp-json\/wp\/v2\/product_brand?post=38400"},{"taxonomy":"product_cat","embeddable":true,"href":"https:\/\/nordicmart.andreevmaster.com\/fi\/wp-json\/wp\/v2\/product_cat?post=38400"},{"taxonomy":"product_tag","embeddable":true,"href":"https:\/\/nordicmart.andreevmaster.com\/fi\/wp-json\/wp\/v2\/product_tag?post=38400"}],"curies":[{"name":"wp","href":"https:\/\/api.w.org\/{rel}","templated":true}]}}