{"id":38399,"date":"2026-02-27T00:43:49","date_gmt":"2026-02-27T00:43:49","guid":{"rendered":"https:\/\/nordicmart.andreevmaster.com\/product\/songmics-kenkahylly-kannella-58-cm-harmaa\/"},"modified":"2026-02-27T09:59:24","modified_gmt":"2026-02-27T09:59:24","slug":"songmics-kenkahylly-kannella-58-cm-harmaa","status":"publish","type":"product","link":"https:\/\/nordicmart.andreevmaster.com\/fi\/tuote\/songmics-kenkahylly-kannella-58-cm-harmaa\/","title":{"rendered":"SONGMICS kenk\u00e4hylly kannella 58 cm harmaa"},"content":{"rendered":"<p>Olipa kyseess\u00e4 vaatehuone, eteinen tai makuuhuone: tyylik\u00e4s kenk\u00e4kaappi sopii mihin tahansa ymp\u00e4rist\u00f6\u00f6n. Jokaiselle kenk\u00e4telineelle mahtuu 3 paria naisten kenki\u00e4 tai 2 paria miesten kenki\u00e4. Ovenverho, jossa on tarranauhat ja vetoketjut, suojaa kenki\u00e4 p\u00f6lylt\u00e4 ja lialta. N\u00e4in kenk\u00e4si eiv\u00e4t en\u00e4\u00e4 loju ymp\u00e4riins\u00e4, vaan ovat siististi j\u00e4rjestyksess\u00e4 uudella hyllyll\u00e4si. Kaikki on siististi ja selke\u00e4sti j\u00e4rjestyksess\u00e4. Tuotetiedot: &#8211; Materiaali: fleece-kangas, ter\u00e4sputki &#8211; V\u00e4ri: harmaa &#8211; Mitat: 58 x 160 x 28 cm (L x K x S) &#8211; Kunkin tason mitat: 58 x 27 x 17 cm &#8211; Pakkauksen mitat: 57 x 21 x 10 cm &#8211; Paino: 2,4 kg Huomautukset:  &#8211; Tuotetta ei saa altistaa suoralle auringonvalolle, muuten sen k\u00e4ytt\u00f6ik\u00e4 voi lyhenty\u00e4. S\u00e4ilyt\u00e4 tuote viile\u00e4ss\u00e4 ja kuivassa paikassa homeen muodostumisen est\u00e4miseksi. &#8211; V\u00e4lt\u00e4 pakkauksen avaamista ja tuotteen kokoamista v\u00e4kisin.  &#8211; Jos kohtaat ongelmia kokoamisessa, ota yhteytt\u00e4 asiakaspalveluumme, autamme mielell\u00e4mme ongelmien ratkaisemisessa tai tarjoamme sinulle ilmaisia varaosia.  &#8211; Jos haluat s\u00e4ilytt\u00e4\u00e4 saappaita, nilkkasaappaita, lumisaappaita tai paksuja kenki\u00e4,  aseta ne joko makuulle tai j\u00e4t\u00e4 yksi tai kaksi hylly\u00e4 pois kokoonpanosta,  mik\u00e4 ei vaikuta hyllyn vakauteen. Toimitussis\u00e4lt\u00f6:  &#8211; 1 x kenk\u00e4hylly ohjeineen<\/p>\n","protected":false},"excerpt":{"rendered":"<p>SONGMICS 10-tasoinen p\u00f6lytiivis kenk\u00e4hylly kenk\u00e4hylly noin 27 parille kenki\u00e4 kenk\u00e4kaappi hyllyt 160 x 58 x 28 cm vaaleanruskea RXJ10K<\/p>\n","protected":false},"featured_media":46196,"comment_status":"open","ping_status":"closed","template":"","meta":[],"product_brand":[],"product_cat":[32],"product_tag":[],"class_list":{"0":"post-38399","1":"product","2":"type-product","3":"status-publish","4":"has-post-thumbnail","6":"product_cat-uncategorized-fi","8":"first","9":"instock","10":"shipping-taxable","11":"purchasable","12":"product-type-simple"},"_links":{"self":[{"href":"https:\/\/nordicmart.andreevmaster.com\/fi\/wp-json\/wp\/v2\/product\/38399","targetHints":{"allow":["GET"]}}],"collection":[{"href":"https:\/\/nordicmart.andreevmaster.com\/fi\/wp-json\/wp\/v2\/product"}],"about":[{"href":"https:\/\/nordicmart.andreevmaster.com\/fi\/wp-json\/wp\/v2\/types\/product"}],"replies":[{"embeddable":true,"href":"https:\/\/nordicmart.andreevmaster.com\/fi\/wp-json\/wp\/v2\/comments?post=38399"}],"wp:featuredmedia":[{"embeddable":true,"href":"https:\/\/nordicmart.andreevmaster.com\/fi\/wp-json\/wp\/v2\/media\/46196"}],"wp:attachment":[{"href":"https:\/\/nordicmart.andreevmaster.com\/fi\/wp-json\/wp\/v2\/media?parent=38399"}],"wp:term":[{"taxonomy":"product_brand","embeddable":true,"href":"https:\/\/nordicmart.andreevmaster.com\/fi\/wp-json\/wp\/v2\/product_brand?post=38399"},{"taxonomy":"product_cat","embeddable":true,"href":"https:\/\/nordicmart.andreevmaster.com\/fi\/wp-json\/wp\/v2\/product_cat?post=38399"},{"taxonomy":"product_tag","embeddable":true,"href":"https:\/\/nordicmart.andreevmaster.com\/fi\/wp-json\/wp\/v2\/product_tag?post=38399"}],"curies":[{"name":"wp","href":"https:\/\/api.w.org\/{rel}","templated":true}]}}