{"id":38398,"date":"2026-02-27T00:43:48","date_gmt":"2026-02-27T00:43:48","guid":{"rendered":"https:\/\/nordicmart.andreevmaster.com\/product\/songmics-kenkahylly-kangaspaallysteella\/"},"modified":"2026-02-27T09:59:24","modified_gmt":"2026-02-27T09:59:24","slug":"songmics-kenkahylly-kangaspaallysteella","status":"publish","type":"product","link":"https:\/\/nordicmart.andreevmaster.com\/fi\/tuote\/songmics-kenkahylly-kangaspaallysteella\/","title":{"rendered":"SONGMICS kenk\u00e4hylly kangasp\u00e4\u00e4llysteell\u00e4"},"content":{"rendered":"<p>Haluatko j\u00e4rjestyst\u00e4 kenk\u00e4kaoosin sijaan? Hanki t\u00e4m\u00e4 SONGMICS-kenk\u00e4hylly \u2013 puolet j\u00e4rjestyksen palauttamisesta on jo hoidettu! Se auttaa sinua s\u00e4ilytt\u00e4m\u00e4\u00e4n kaikki kenk\u00e4si siististi. Metallirunko takaa hyv\u00e4n vakauden. Pelk\u00e4\u00e4v\u00e4tk\u00f6 lenkkarisi p\u00f6ly\u00e4? T\u00e4\u00e4lt\u00e4 saat apua! Kangasp\u00e4\u00e4llyste on optimaalinen suoja. Aikasi on arvokasta! Haluatko puhdistaa t\u00e4m\u00e4n kangasp\u00e4\u00e4llysteisen kaapin? Siihen riitt\u00e4\u00e4, ett\u00e4 pyyhit pinnan liinalla. Se k\u00e4y nopeasti! Haluatko pukeutua t\u00e4n\u00e4\u00e4n valkoisiin lenkkareihin? Ota keng\u00e4t vain kaapista. Kaikki kenk\u00e4si voidaan s\u00e4ilytt\u00e4\u00e4 siististi ja selke\u00e4sti t\u00e4ss\u00e4 kaapissa. Se k\u00e4y nopeasti! Tuotetiedot: &#8211; V\u00e4ri: harmaa &#8211; Materiaali: kuitukangas, metalliputki, muoviliitin &#8211; Koko: 46 x 28 x 126 cm (P x L x K) &#8211; Paino: 1,6 kg &#8211; Maks. staattinen kantavuus per taso: 3 kg &#8211; Maks. staattinen kantavuus yhteens\u00e4: 21 kg Toimitus sis\u00e4lt\u00e4\u00e4:- 1 x kenk\u00e4hylly &#8211; 1 x kaatumissuoja &#8211; 1 x ohjeet (DE, EN, FR, ES, IT) SONGMICS-ohjeet: &#8211; \u00c4l\u00e4 k\u00e4yt\u00e4 tuotetta ulkona. &#8211; Turvallisuussyist\u00e4 lapset eiv\u00e4t saa kiivet\u00e4 tuotteelle tai leikki\u00e4 sill\u00e4. &#8211; Kiinnit\u00e4 t\u00e4m\u00e4 tuote sein\u00e4\u00e4n mukana toimitetulla kaatumissuojalla turvallisen k\u00e4yt\u00f6n varmistamiseksi.<\/p>\n","protected":false},"excerpt":{"rendered":"<p>SONGMICS kenk\u00e4hylly, kenk\u00e4kaappi, 7 tasoa, kangasp\u00e4\u00e4llysteinen, tilava, kangaskaappi, kenkien s\u00e4ilytys, 46 x 28 x 126 cm (P x L x K), harmaa RXJ024G02<\/p>\n","protected":false},"featured_media":46195,"comment_status":"open","ping_status":"closed","template":"","meta":[],"product_brand":[],"product_cat":[32],"product_tag":[],"class_list":{"0":"post-38398","1":"product","2":"type-product","3":"status-publish","4":"has-post-thumbnail","6":"product_cat-uncategorized-fi","8":"first","9":"instock","10":"shipping-taxable","11":"purchasable","12":"product-type-simple"},"_links":{"self":[{"href":"https:\/\/nordicmart.andreevmaster.com\/fi\/wp-json\/wp\/v2\/product\/38398","targetHints":{"allow":["GET"]}}],"collection":[{"href":"https:\/\/nordicmart.andreevmaster.com\/fi\/wp-json\/wp\/v2\/product"}],"about":[{"href":"https:\/\/nordicmart.andreevmaster.com\/fi\/wp-json\/wp\/v2\/types\/product"}],"replies":[{"embeddable":true,"href":"https:\/\/nordicmart.andreevmaster.com\/fi\/wp-json\/wp\/v2\/comments?post=38398"}],"wp:featuredmedia":[{"embeddable":true,"href":"https:\/\/nordicmart.andreevmaster.com\/fi\/wp-json\/wp\/v2\/media\/46195"}],"wp:attachment":[{"href":"https:\/\/nordicmart.andreevmaster.com\/fi\/wp-json\/wp\/v2\/media?parent=38398"}],"wp:term":[{"taxonomy":"product_brand","embeddable":true,"href":"https:\/\/nordicmart.andreevmaster.com\/fi\/wp-json\/wp\/v2\/product_brand?post=38398"},{"taxonomy":"product_cat","embeddable":true,"href":"https:\/\/nordicmart.andreevmaster.com\/fi\/wp-json\/wp\/v2\/product_cat?post=38398"},{"taxonomy":"product_tag","embeddable":true,"href":"https:\/\/nordicmart.andreevmaster.com\/fi\/wp-json\/wp\/v2\/product_tag?post=38398"}],"curies":[{"name":"wp","href":"https:\/\/api.w.org\/{rel}","templated":true}]}}