{"id":38396,"date":"2026-02-27T00:43:48","date_gmt":"2026-02-27T00:43:48","guid":{"rendered":"https:\/\/nordicmart.andreevmaster.com\/product\/10-kerroksinen-kenkahylly-kenkahylly-jopa-54-parille-kenkia-vapaasti-seisova-sailytysjarjestelija-kaappi-100-x-28-x-162-cm-musta-rxj00h\/"},"modified":"2026-02-27T09:59:24","modified_gmt":"2026-02-27T09:59:24","slug":"10-kerroksinen-kenkahylly-kenkahylly-jopa-54-parille-kenkia-vapaasti-seisova-sailytysjarjestelija-kaappi-100-x-28-x-162-cm-musta-rxj00h","status":"publish","type":"product","link":"https:\/\/nordicmart.andreevmaster.com\/fi\/tuote\/10-kerroksinen-kenkahylly-kenkahylly-jopa-54-parille-kenkia-vapaasti-seisova-sailytysjarjestelija-kaappi-100-x-28-x-162-cm-musta-rxj00h\/","title":{"rendered":"10-kerroksinen kenk\u00e4hylly, kenk\u00e4hylly jopa 54 parille kenki\u00e4, vapaasti seisova s\u00e4ilytysj\u00e4rjestelij\u00e4, kaappi, 100 x 28 x 162 cm, musta RXJ00H"},"content":{"rendered":"<p>Laadukkaat ter\u00e4sputket ja muoviliitokset \u2013 sile\u00e4pintaiset ter\u00e4sputket ovat ruostumattomia ja kulutusta kest\u00e4vi\u00e4. Muoviliitokset ovat eritt\u00e4in vakaita<\/p>\n<p>Vedenpit\u00e4v\u00e4t hyllyt \u2013 kuitukankaasta valmistettu p\u00e4\u00e4llyste on hengitt\u00e4v\u00e4 ja kosteutta hylkiv\u00e4. 10 polypropeenikalvolla laminoitua hylly\u00e4 varmistavat kenkien hyv\u00e4n ilmanvaihdon ja antavat kodillesi siistin ja j\u00e4rjestyksellisen ilmeen. Helppo puhdistaa<\/p>\n<p>K\u00e4tev\u00e4 oviverho \u2013 Rullaverho on kiinnitetty tarranauhalla. Valkoiset vetoketjut helpottavat oven avaamista ja sulkemista. Lis\u00e4ksi oviverho takaa kenkien p\u00f6lytt\u00f6m\u00e4n s\u00e4ilytyksen ja pit\u00e4\u00e4 uteliaat katseet loitolla. T\u00e4ytt\u00e4\u00e4 tarkoituksensa t\u00e4ydellisesti \u2013 DIY-muotoilu. Kevyt mutta silti kest\u00e4v\u00e4. Tarpeeksi tilaa useille kenk\u00e4tyypeille, esim. korkokengille, ballerinoille, lasten kengille jne. Voidaan k\u00e4ytt\u00e4\u00e4 my\u00f6s k\u00e4sineiden, peittojen ja vuodevaatteiden s\u00e4ilytykseen. Molemmilla puolilla on 2 taskua (14 x 14 cm), joihin voi s\u00e4ilytt\u00e4\u00e4 kenk\u00e4harjoja, k\u00e4silaukkuja, kenk\u00e4lusikoita jne.Monipuolinen k\u00e4ytt\u00f6: Olipa kyseess\u00e4 kellari, lastenhuone, makuuhuone, ullakko tai leirint\u00e4alue, kenk\u00e4si ovat aina hyvin s\u00e4ilytettyin\u00e4 kannettavassa kenk\u00e4kaapissa. Kaappi on eritt\u00e4in tilaa s\u00e4\u00e4st\u00e4v\u00e4, joten se mahtuu kaikkiin nurkkiin. Helppo p\u00f6lytt\u00e4\u00e4 ja puhdistaa<\/p>\n<p>Vie t\u00e4m\u00e4 kenk\u00e4hylly kotiisi ja pirist\u00e4 kotisi ilmett\u00e4. SONGMICS ei koskaan pet\u00e4 sinua! Pelasta kotisi kenk\u00e4kaoselta: Korkeakorkoiset kenk\u00e4si, kumppanisi saappaat ja lastesi keng\u00e4t ovat lev\u00e4ll\u00e4\u00e4n ymp\u00e4ri lattiaa, mik\u00e4 vaikeuttaa oikean parin l\u00f6yt\u00e4mist\u00e4, kun l\u00e4hdet aamulla kotoa? T\u00e4st\u00e4 p\u00e4iv\u00e4st\u00e4 l\u00e4htien etsiminen on ohi! T\u00e4m\u00e4 kenk\u00e4hylly auttaa sinua j\u00e4rjest\u00e4m\u00e4\u00e4n kaikki kenk\u00e4si. Viimeinkin keng\u00e4t, jotka ovat olleet pitk\u00e4\u00e4n kenk\u00e4kasojen alla, saavat mahdollisuuden tulla uudelleen k\u00e4ytt\u00f6\u00f6n! Mit\u00e4 tehd\u00e4, jos kangashylly likaantuu? \u00c4l\u00e4 siit\u00e4 huoli! Kudottamaton kangas on helppo huoltaa ja vett\u00e4 hylkiv\u00e4, joten sen puhdistamiseen tarvitset vain kostean liinan. Tuotetiedot: V\u00e4ri: Musta Materiaali: Kudottamaton kangas, metalliputket, muoviliittimet Hyllyjen v\u00e4linen et\u00e4isyys: 17 cm Koko: 100 x 28 x 162 cm (P x L x K) Paino: 4,4 kg Hyllyn maks. staattinen kantavuus: 3 kg Hyllyn maks. staattinen kantavuus: 27 kg Toimitus sis\u00e4lt\u00e4\u00e4: 1 x kenk\u00e4teline 1 x k\u00e4ytt\u00f6ohje (DE, EN, FR, ES, IT) SONGMICSin neuvo: \u00c4l\u00e4 k\u00e4yt\u00e4 tuotetta ulkona.<\/p>\n","protected":false},"excerpt":{"rendered":"<p>Laadukkaat ter\u00e4sputket ja muoviliitokset \u2013 sile\u00e4pintaiset ter\u00e4sputket ovat ruostumattomia ja kulutusta kest\u00e4vi\u00e4. Muoviliitokset ovat eritt\u00e4in vakaita Vedenpit\u00e4v\u00e4t hyllyt \u2013 kuitukankaasta valmistettu p\u00e4\u00e4llyste on hengitt\u00e4v\u00e4 ja kosteutta hylkiv\u00e4. 10 polypropeenikalvolla laminoitua hylly\u00e4 varmistavat kenkien hyv\u00e4n ilmanvaihdon ja antavat kodillesi siistin ja j\u00e4rjestyksellisen ilmeen. Helppo puhdistaa K\u00e4tev\u00e4 oviverho \u2013 Rullaverho on kiinnitetty tarranauhalla. Valkoiset vetoketjut helpottavat oven [&hellip;]<\/p>\n","protected":false},"featured_media":0,"comment_status":"open","ping_status":"closed","template":"","meta":[],"product_brand":[],"product_cat":[32],"product_tag":[],"class_list":{"0":"post-38396","1":"product","2":"type-product","3":"status-publish","5":"product_cat-uncategorized-fi","7":"first","8":"instock","9":"shipping-taxable","10":"product-type-simple"},"_links":{"self":[{"href":"https:\/\/nordicmart.andreevmaster.com\/fi\/wp-json\/wp\/v2\/product\/38396","targetHints":{"allow":["GET"]}}],"collection":[{"href":"https:\/\/nordicmart.andreevmaster.com\/fi\/wp-json\/wp\/v2\/product"}],"about":[{"href":"https:\/\/nordicmart.andreevmaster.com\/fi\/wp-json\/wp\/v2\/types\/product"}],"replies":[{"embeddable":true,"href":"https:\/\/nordicmart.andreevmaster.com\/fi\/wp-json\/wp\/v2\/comments?post=38396"}],"wp:attachment":[{"href":"https:\/\/nordicmart.andreevmaster.com\/fi\/wp-json\/wp\/v2\/media?parent=38396"}],"wp:term":[{"taxonomy":"product_brand","embeddable":true,"href":"https:\/\/nordicmart.andreevmaster.com\/fi\/wp-json\/wp\/v2\/product_brand?post=38396"},{"taxonomy":"product_cat","embeddable":true,"href":"https:\/\/nordicmart.andreevmaster.com\/fi\/wp-json\/wp\/v2\/product_cat?post=38396"},{"taxonomy":"product_tag","embeddable":true,"href":"https:\/\/nordicmart.andreevmaster.com\/fi\/wp-json\/wp\/v2\/product_tag?post=38396"}],"curies":[{"name":"wp","href":"https:\/\/api.w.org\/{rel}","templated":true}]}}