{"id":38395,"date":"2026-02-27T00:43:47","date_gmt":"2026-02-27T00:43:47","guid":{"rendered":"https:\/\/nordicmart.andreevmaster.com\/product\/songmics-kenkahylly-10-tasoa\/"},"modified":"2026-02-27T09:59:24","modified_gmt":"2026-02-27T09:59:24","slug":"songmics-kenkahylly-10-tasoa","status":"publish","type":"product","link":"https:\/\/nordicmart.andreevmaster.com\/fi\/tuote\/songmics-kenkahylly-10-tasoa\/","title":{"rendered":"SONGMICS kenk\u00e4hylly, 10 tasoa"},"content":{"rendered":"<p>Hanki t\u00e4m\u00e4 kenk\u00e4hylly kotiisi ja siisti asuntosi. SONGMICS ei koskaan pet\u00e4 sinua! Pelasta kotisi kenk\u00e4kaoselta: ovatko korkokeng\u00e4t, kumppanisi saappaat ja lastesi keng\u00e4t hajallaan lattialla, joten sinulla on vaikeuksia l\u00f6yt\u00e4\u00e4 sopivaa paria, kun l\u00e4hdet aamulla kotoa? T\u00e4st\u00e4 p\u00e4iv\u00e4st\u00e4 l\u00e4htien etsiminen on ohi! T\u00e4m\u00e4 kenk\u00e4teline auttaa sinua s\u00e4ilytt\u00e4m\u00e4\u00e4n kaikki kenk\u00e4si selke\u00e4sti. Vihdoin keng\u00e4t, jotka ovat olleet pitk\u00e4\u00e4n piilossa kenk\u00e4kasojen alla, saavat taas mahdollisuuden tulla k\u00e4ytetyiksi! Mit\u00e4 sinun pit\u00e4isi tehd\u00e4, jos kangasteline likaantuu? \u00c4l\u00e4 huoli! Kuitukangas on helppohoitoinen ja vett\u00e4 hylkiv\u00e4, joten sen puhdistamiseen riitt\u00e4\u00e4 kostealla liinalla pyyhkiminen. Tuotetiedot: V\u00e4ri: harmaa Materiaali: kuitukangas, metalliputket, muoviset liitoskappaleet Hyllyjen v\u00e4linen et\u00e4isyys: 17 cm Koko: 100 x 28 x 162 cm (P x L x K) Paino: 4,4 kg Hyllyn maks. staattinen kantavuus: 3 kg Hyllyn maks. staattinen kantavuus: 27 kg Toimitus sis\u00e4lt\u00e4\u00e4: 1 x kenk\u00e4hylly 1 x ohjeet (DE, EN, FR, ES, IT) SONGMICS-huomautukset: \u00c4l\u00e4 k\u00e4yt\u00e4 tuotetta ulkona.<\/p>\n","protected":false},"excerpt":{"rendered":"<p>SONGMICS 10-tasoinen kenk\u00e4hylly 54 parille kenki\u00e4 Kenk\u00e4kaappi Kangaskaappi musta 100 x 28 x 162 cm RXJ00H<\/p>\n","protected":false},"featured_media":46193,"comment_status":"open","ping_status":"closed","template":"","meta":[],"product_brand":[],"product_cat":[32],"product_tag":[],"class_list":{"0":"post-38395","1":"product","2":"type-product","3":"status-publish","4":"has-post-thumbnail","6":"product_cat-uncategorized-fi","8":"first","9":"instock","10":"shipping-taxable","11":"purchasable","12":"product-type-simple"},"_links":{"self":[{"href":"https:\/\/nordicmart.andreevmaster.com\/fi\/wp-json\/wp\/v2\/product\/38395","targetHints":{"allow":["GET"]}}],"collection":[{"href":"https:\/\/nordicmart.andreevmaster.com\/fi\/wp-json\/wp\/v2\/product"}],"about":[{"href":"https:\/\/nordicmart.andreevmaster.com\/fi\/wp-json\/wp\/v2\/types\/product"}],"replies":[{"embeddable":true,"href":"https:\/\/nordicmart.andreevmaster.com\/fi\/wp-json\/wp\/v2\/comments?post=38395"}],"wp:featuredmedia":[{"embeddable":true,"href":"https:\/\/nordicmart.andreevmaster.com\/fi\/wp-json\/wp\/v2\/media\/46193"}],"wp:attachment":[{"href":"https:\/\/nordicmart.andreevmaster.com\/fi\/wp-json\/wp\/v2\/media?parent=38395"}],"wp:term":[{"taxonomy":"product_brand","embeddable":true,"href":"https:\/\/nordicmart.andreevmaster.com\/fi\/wp-json\/wp\/v2\/product_brand?post=38395"},{"taxonomy":"product_cat","embeddable":true,"href":"https:\/\/nordicmart.andreevmaster.com\/fi\/wp-json\/wp\/v2\/product_cat?post=38395"},{"taxonomy":"product_tag","embeddable":true,"href":"https:\/\/nordicmart.andreevmaster.com\/fi\/wp-json\/wp\/v2\/product_tag?post=38395"}],"curies":[{"name":"wp","href":"https:\/\/api.w.org\/{rel}","templated":true}]}}