{"id":38394,"date":"2026-02-27T00:43:47","date_gmt":"2026-02-27T00:43:47","guid":{"rendered":"https:\/\/nordicmart.andreevmaster.com\/product\/songmics-sailytyspussi-punainen\/"},"modified":"2026-02-27T09:59:23","modified_gmt":"2026-02-27T09:59:23","slug":"songmics-sailytyspussi-punainen","status":"publish","type":"product","link":"https:\/\/nordicmart.andreevmaster.com\/fi\/tuote\/songmics-sailytyspussi-punainen\/","title":{"rendered":"SONGMICS s\u00e4ilytyspussi, punainen"},"content":{"rendered":"<p>Joka vuosi&#8230;joulu, syntym\u00e4p\u00e4iv\u00e4t, \u00e4itien- ja is\u00e4np\u00e4iv\u00e4. Lahja on valmis, puuttuu vain viimeinen silaus oikealla lahjapaperilla. Mutta miss\u00e4 se olikaan? P\u00f6lyttym\u00e4ss\u00e4 kaapin vieress\u00e4 tai rypistyneen\u00e4 laatikossa? Meill\u00e4 on siihen k\u00e4yt\u00e4nn\u00f6llinen ratkaisu! Ripustettava s\u00e4ilytyslaukku, jossa on monia pieni\u00e4 taskuja, s\u00e4ilytt\u00e4\u00e4 lahjapaperin turvallisesti ja luo j\u00e4rjestyst\u00e4. Anna enemm\u00e4n, ota v\u00e4hemm\u00e4n Ripusta t\u00e4m\u00e4 kest\u00e4v\u00e4 s\u00e4ilytyslaukku oveen tai kaappiin, jotta saat tilaa lahjapaperillesi. Kun tuotetta ei k\u00e4ytet\u00e4, se voidaan taittaa kokoon ja s\u00e4ilytt\u00e4\u00e4 tilaa s\u00e4\u00e4st\u00e4en. Tuotetiedot: &#8211; V\u00e4ri: punainen &#8211; Materiaali: PVC-muovi, 600D Oxford-kangas &#8211; Koko: 59,1 x 118,8 cm (P x L) &#8211; Paino: 0,8 kg &#8211; Maks. staattinen kantavuus: 3 kg Toimitus sis\u00e4lt\u00e4\u00e4:- 1 x s\u00e4ilytyslaukku &#8211; 1 x ovenkoukku &#8211; 1 x ripustuskoukku SONGICSin ohjeet: &#8211; Jos tuotteesta tulee avaamisen j\u00e4lkeen &#8221;uuden&#8221; tuoksu, aseta se hetkeksi hyvin tuuletettuun paikkaan. &#8211; \u00c4l\u00e4 altista tuotetta voimakkaalle auringonvalolle pitk\u00e4ksi aikaa. &#8211; K\u00e4yt\u00e4 tuotetta kuivassa paikassa.<\/p>\n","protected":false},"excerpt":{"rendered":"<p>SONGMICS s\u00e4ilytyslaukku lahjapaperille, ripustettava s\u00e4ilytysj\u00e4rjestelm\u00e4, lahjapaperin s\u00e4ilytys, kaksipuolinen, lahjapaperirullille enint\u00e4\u00e4n 100 cm, julisteille, joulu, punainen RXH001R01<\/p>\n","protected":false},"featured_media":46192,"comment_status":"open","ping_status":"closed","template":"","meta":[],"product_brand":[],"product_cat":[32],"product_tag":[],"class_list":{"0":"post-38394","1":"product","2":"type-product","3":"status-publish","4":"has-post-thumbnail","6":"product_cat-uncategorized-fi","8":"first","9":"instock","10":"shipping-taxable","11":"purchasable","12":"product-type-simple"},"_links":{"self":[{"href":"https:\/\/nordicmart.andreevmaster.com\/fi\/wp-json\/wp\/v2\/product\/38394","targetHints":{"allow":["GET"]}}],"collection":[{"href":"https:\/\/nordicmart.andreevmaster.com\/fi\/wp-json\/wp\/v2\/product"}],"about":[{"href":"https:\/\/nordicmart.andreevmaster.com\/fi\/wp-json\/wp\/v2\/types\/product"}],"replies":[{"embeddable":true,"href":"https:\/\/nordicmart.andreevmaster.com\/fi\/wp-json\/wp\/v2\/comments?post=38394"}],"wp:featuredmedia":[{"embeddable":true,"href":"https:\/\/nordicmart.andreevmaster.com\/fi\/wp-json\/wp\/v2\/media\/46192"}],"wp:attachment":[{"href":"https:\/\/nordicmart.andreevmaster.com\/fi\/wp-json\/wp\/v2\/media?parent=38394"}],"wp:term":[{"taxonomy":"product_brand","embeddable":true,"href":"https:\/\/nordicmart.andreevmaster.com\/fi\/wp-json\/wp\/v2\/product_brand?post=38394"},{"taxonomy":"product_cat","embeddable":true,"href":"https:\/\/nordicmart.andreevmaster.com\/fi\/wp-json\/wp\/v2\/product_cat?post=38394"},{"taxonomy":"product_tag","embeddable":true,"href":"https:\/\/nordicmart.andreevmaster.com\/fi\/wp-json\/wp\/v2\/product_tag?post=38394"}],"curies":[{"name":"wp","href":"https:\/\/api.w.org\/{rel}","templated":true}]}}