{"id":38393,"date":"2026-02-27T00:43:47","date_gmt":"2026-02-27T00:43:47","guid":{"rendered":"https:\/\/nordicmart.andreevmaster.com\/product\/songmics-sailytyslaatikot-3-kpl-punainen\/"},"modified":"2026-02-27T09:59:23","modified_gmt":"2026-02-27T09:59:23","slug":"songmics-sailytyslaatikot-3-kpl-punainen","status":"publish","type":"product","link":"https:\/\/nordicmart.andreevmaster.com\/fi\/tuote\/songmics-sailytyslaatikot-3-kpl-punainen\/","title":{"rendered":"SONGMICS s\u00e4ilytyslaatikot, 3 kpl, punainen"},"content":{"rendered":"<p>Siisti kotisi Laukut tuolilla, sukat ja keng\u00e4t nurkassa, vaatekasat s\u00e4ngyll\u00e4 \u2013 asunnossasi vallitsee kaaos ja suosikkivaatteitasi on usein mahdoton l\u00f6yt\u00e4\u00e4? Hanki n\u00e4m\u00e4 3 s\u00e4ilytyslaatikkoa ja pid\u00e4 kaaos kurissa! Etikettien avulla l\u00f6yd\u00e4t helposti laatikoihin s\u00e4il\u00f6tyt tavarat \u2013 riitt\u00e4\u00e4, kun vilkaiset niit\u00e4! Juhlavaa jouluhenke\u00e4 ymp\u00e4ri vuoden! Aseta n\u00e4m\u00e4 jouluaiheiset s\u00e4ilytyslaatikot vaatekaappiisi \u2013 punaisen, vihre\u00e4n ja lumihiutaleiden kuvion yhdistelm\u00e4 tuo kaappiisi suloisen jouluisen tunnelman. N\u00e4in vaatekaapissasi on joulu ymp\u00e4ri vuoden! N\u00e4ihin laatikoihin voit s\u00e4il\u00f6\u00e4 vaatteita, joulu koristeita tai leluja. Tuotetiedot: &#8211; V\u00e4ri: punainen &#8211; Materiaali: pahvi, kuitukangas &#8211; Koko per laatikko: 30 x 40 x 25 cm (P x L x K) &#8211; 3 laatikon kokonaispaino: 2,3 kg &#8211; Maks. staattinen kantavuus per laatikko: 5 kg Toimitus sis\u00e4lt\u00e4\u00e4:- 3 x s\u00e4ilytyslaatikko &#8211; 3 x pohjalevy &#8211; 3 x etiketti SONGMICS-ohjeet: &#8211; Laatikon maks. staattinen kantavuus on 5 kg. \u00c4l\u00e4 s\u00e4ilyt\u00e4 tuotteessa painavampia esineit\u00e4. &#8211; \u00c4l\u00e4 pese tuotetta suoraan vedell\u00e4. Pyyhi se kostealla liinalla lian poistamiseksi.- Tuote saattaa tuoksua hieman avattaessa. Siirr\u00e4 se t\u00e4ll\u00f6in hyvin ilmastoituun paikkaan. Tuoksu h\u00e4vi\u00e4\u00e4 pian. &#8211; \u00c4l\u00e4 altista tuotetta pitk\u00e4\u00e4n suoralle auringonvalolle tai korkealle kosteudelle.<\/p>\n","protected":false},"excerpt":{"rendered":"<p>SONGMICS s\u00e4ilytyslaatikot kannella, 3 kpl, taitettavat laatikot etikettipidikkeell\u00e4 ja etiketeill\u00e4, jouluun, kangaslaatikot, vaatekaappi, 30 x 40 x 25 cm, lumihiutaleilla, punainen RXFB03G<\/p>\n","protected":false},"featured_media":46191,"comment_status":"open","ping_status":"closed","template":"","meta":[],"product_brand":[],"product_cat":[32],"product_tag":[],"class_list":{"0":"post-38393","1":"product","2":"type-product","3":"status-publish","4":"has-post-thumbnail","6":"product_cat-uncategorized-fi","8":"first","9":"instock","10":"shipping-taxable","11":"purchasable","12":"product-type-simple"},"_links":{"self":[{"href":"https:\/\/nordicmart.andreevmaster.com\/fi\/wp-json\/wp\/v2\/product\/38393","targetHints":{"allow":["GET"]}}],"collection":[{"href":"https:\/\/nordicmart.andreevmaster.com\/fi\/wp-json\/wp\/v2\/product"}],"about":[{"href":"https:\/\/nordicmart.andreevmaster.com\/fi\/wp-json\/wp\/v2\/types\/product"}],"replies":[{"embeddable":true,"href":"https:\/\/nordicmart.andreevmaster.com\/fi\/wp-json\/wp\/v2\/comments?post=38393"}],"wp:featuredmedia":[{"embeddable":true,"href":"https:\/\/nordicmart.andreevmaster.com\/fi\/wp-json\/wp\/v2\/media\/46191"}],"wp:attachment":[{"href":"https:\/\/nordicmart.andreevmaster.com\/fi\/wp-json\/wp\/v2\/media?parent=38393"}],"wp:term":[{"taxonomy":"product_brand","embeddable":true,"href":"https:\/\/nordicmart.andreevmaster.com\/fi\/wp-json\/wp\/v2\/product_brand?post=38393"},{"taxonomy":"product_cat","embeddable":true,"href":"https:\/\/nordicmart.andreevmaster.com\/fi\/wp-json\/wp\/v2\/product_cat?post=38393"},{"taxonomy":"product_tag","embeddable":true,"href":"https:\/\/nordicmart.andreevmaster.com\/fi\/wp-json\/wp\/v2\/product_tag?post=38393"}],"curies":[{"name":"wp","href":"https:\/\/api.w.org\/{rel}","templated":true}]}}