{"id":38392,"date":"2026-02-27T00:43:47","date_gmt":"2026-02-27T00:43:47","guid":{"rendered":"https:\/\/nordicmart.andreevmaster.com\/product\/songmics-6-tasoinen-kenkakaappi\/"},"modified":"2026-02-27T09:59:23","modified_gmt":"2026-02-27T09:59:23","slug":"songmics-6-tasoinen-kenkakaappi","status":"publish","type":"product","link":"https:\/\/nordicmart.andreevmaster.com\/fi\/tuote\/songmics-6-tasoinen-kenkakaappi\/","title":{"rendered":"SONGMICS 6-tasoinen kenk\u00e4kaappi"},"content":{"rendered":"<p>Olipa kyseess\u00e4 vaatehuone, eteinen tai makuuhuone: tyylik\u00e4s kenk\u00e4kaappi sopii mihin tahansa ymp\u00e4rist\u00f6\u00f6n. Kahvoilla ja magneeteilla varustettu ovi suojaa kenki\u00e4si p\u00f6lylt\u00e4 ja lialta. N\u00e4in kenk\u00e4si eiv\u00e4t en\u00e4\u00e4 loju ymp\u00e4riins\u00e4, vaan ovat siististi j\u00e4rjestyksess\u00e4 uudella hyllyll\u00e4si. Kaikki on siististi ja selke\u00e4sti j\u00e4rjestyksess\u00e4. Tuotetiedot:  &#8211; V\u00e4ri: musta  &#8211; Mitat: 61 x 89 x 28 cm (L x K x S) &#8211; Jokaisen hyllyn korkeus: 17 cm &#8211; Pakkauksen mitat: 96 x 36 x 6,5 cm &#8211; Paino: 2,3 kg Huomautukset: 1. Tuotetta ei saa altistaa suoralle auringonvalolle, muuten sen k\u00e4ytt\u00f6ik\u00e4 voi lyhenty\u00e4. S\u00e4ilyt\u00e4 tuote viile\u00e4ss\u00e4 ja kuivassa paikassa homeen muodostumisen est\u00e4miseksi. 2. \u00c4l\u00e4 avaa pakkausta tai kokoa tuotetta v\u00e4kisin. 3. Jos kohtaat ongelmia kokoamisessa, ota yhteytt\u00e4 asiakaspalveluumme. Autamme sinua mielell\u00e4mme ongelman ratkaisemisessa tai tarjoamme sinulle ilmaisia varaosia. 4. Jos haluat s\u00e4ilytt\u00e4\u00e4 saappaita, nilkkasaappaita, lumisaappaita tai paksuja kenki\u00e4, aseta ne joko makuulle tai j\u00e4t\u00e4 yksi tai kaksi hylly\u00e4 pois kokoonpanosta, mik\u00e4 ei vaikuta vakauteen. 5. Fleece-kankaasta valmistettu p\u00e4\u00e4llinen ei ole vesipesunkest\u00e4v\u00e4. Toimitus sis\u00e4lt\u00e4\u00e4: 1 x kenk\u00e4kaappi ohjeineen<\/p>\n","protected":false},"excerpt":{"rendered":"<p>SONGMICS 6-tasoinen kenk\u00e4kaappi, kenk\u00e4teline, kenk\u00e4hylly, kenk\u00e4teline, hylly ovella, musta, 61 x 89 x 28 cm (L x K x S) RXA16H<\/p>\n","protected":false},"featured_media":46190,"comment_status":"open","ping_status":"closed","template":"","meta":[],"product_brand":[],"product_cat":[32],"product_tag":[],"class_list":{"0":"post-38392","1":"product","2":"type-product","3":"status-publish","4":"has-post-thumbnail","6":"product_cat-uncategorized-fi","8":"first","9":"instock","10":"shipping-taxable","11":"purchasable","12":"product-type-simple"},"_links":{"self":[{"href":"https:\/\/nordicmart.andreevmaster.com\/fi\/wp-json\/wp\/v2\/product\/38392","targetHints":{"allow":["GET"]}}],"collection":[{"href":"https:\/\/nordicmart.andreevmaster.com\/fi\/wp-json\/wp\/v2\/product"}],"about":[{"href":"https:\/\/nordicmart.andreevmaster.com\/fi\/wp-json\/wp\/v2\/types\/product"}],"replies":[{"embeddable":true,"href":"https:\/\/nordicmart.andreevmaster.com\/fi\/wp-json\/wp\/v2\/comments?post=38392"}],"wp:featuredmedia":[{"embeddable":true,"href":"https:\/\/nordicmart.andreevmaster.com\/fi\/wp-json\/wp\/v2\/media\/46190"}],"wp:attachment":[{"href":"https:\/\/nordicmart.andreevmaster.com\/fi\/wp-json\/wp\/v2\/media?parent=38392"}],"wp:term":[{"taxonomy":"product_brand","embeddable":true,"href":"https:\/\/nordicmart.andreevmaster.com\/fi\/wp-json\/wp\/v2\/product_brand?post=38392"},{"taxonomy":"product_cat","embeddable":true,"href":"https:\/\/nordicmart.andreevmaster.com\/fi\/wp-json\/wp\/v2\/product_cat?post=38392"},{"taxonomy":"product_tag","embeddable":true,"href":"https:\/\/nordicmart.andreevmaster.com\/fi\/wp-json\/wp\/v2\/product_tag?post=38392"}],"curies":[{"name":"wp","href":"https:\/\/api.w.org\/{rel}","templated":true}]}}