{"id":38389,"date":"2026-02-27T00:43:46","date_gmt":"2026-02-27T00:43:46","guid":{"rendered":"https:\/\/nordicmart.andreevmaster.com\/product\/vasagle-meikkauspoyta-jakkara-ja-valaistus-40-x-80-x-1348-cm\/"},"modified":"2026-02-27T09:59:22","modified_gmt":"2026-02-27T09:59:22","slug":"vasagle-meikkauspoyta-jakkara-ja-valaistus-40-x-80-x-1348-cm","status":"publish","type":"product","link":"https:\/\/nordicmart.andreevmaster.com\/fi\/tuote\/vasagle-meikkauspoyta-jakkara-ja-valaistus-40-x-80-x-1348-cm\/","title":{"rendered":"VASAGLE meikkausp\u00f6yt\u00e4, jakkara ja valaistus 40 x 80 x 134,8 cm"},"content":{"rendered":"<p>VASAGLE meikkausp\u00f6yt\u00e4 tuolilla ja valaistuksella, pistorasiat, peili, kampausp\u00f6yt\u00e4, 40 x 100 x 134,8 cm, kosmetiikkap\u00f6yt\u00e4 laatikoilla, pehmustettu tuoli, mattavalkoinen-vaaleankultainen RVT619W01<br \/>\nV\u00e4ri: mattavalkoinen-vaaleankultainen<br \/>\nMateriaali: lastulevy, ter\u00e4s<br \/>\nKoko: 40 x 80 x 134,8 cm (S x L x K)<br \/>\nKokonaispaino: 24,3 kg<br \/>\nP\u00f6yt\u00e4levyn maks. staattinen kantavuus: 100 kg<br \/>\nJakkaran maks. staattinen kantavuus: 120 kg<br \/>\nJokaisen laatikon maks. staattinen kantavuus: 5 kg<\/p>\n","protected":false},"excerpt":{"rendered":"<p>VASAGLE meikkausp\u00f6yt\u00e4 tuolilla ja valaistuksella, pistorasiat, peili, kampausp\u00f6yt\u00e4, 40 x 100 x 134,8 cm, kosmetiikkap\u00f6yt\u00e4 laatikoilla, pehmustettu tuoli, mattavalkoinen-vaaleankultainen RVT619W01<\/p>\n","protected":false},"featured_media":0,"comment_status":"open","ping_status":"closed","template":"","meta":[],"product_brand":[],"product_cat":[32],"product_tag":[],"class_list":{"0":"post-38389","1":"product","2":"type-product","3":"status-publish","5":"product_cat-uncategorized-fi","7":"first","8":"instock","9":"shipping-taxable","10":"purchasable","11":"product-type-simple"},"_links":{"self":[{"href":"https:\/\/nordicmart.andreevmaster.com\/fi\/wp-json\/wp\/v2\/product\/38389","targetHints":{"allow":["GET"]}}],"collection":[{"href":"https:\/\/nordicmart.andreevmaster.com\/fi\/wp-json\/wp\/v2\/product"}],"about":[{"href":"https:\/\/nordicmart.andreevmaster.com\/fi\/wp-json\/wp\/v2\/types\/product"}],"replies":[{"embeddable":true,"href":"https:\/\/nordicmart.andreevmaster.com\/fi\/wp-json\/wp\/v2\/comments?post=38389"}],"wp:attachment":[{"href":"https:\/\/nordicmart.andreevmaster.com\/fi\/wp-json\/wp\/v2\/media?parent=38389"}],"wp:term":[{"taxonomy":"product_brand","embeddable":true,"href":"https:\/\/nordicmart.andreevmaster.com\/fi\/wp-json\/wp\/v2\/product_brand?post=38389"},{"taxonomy":"product_cat","embeddable":true,"href":"https:\/\/nordicmart.andreevmaster.com\/fi\/wp-json\/wp\/v2\/product_cat?post=38389"},{"taxonomy":"product_tag","embeddable":true,"href":"https:\/\/nordicmart.andreevmaster.com\/fi\/wp-json\/wp\/v2\/product_tag?post=38389"}],"curies":[{"name":"wp","href":"https:\/\/api.w.org\/{rel}","templated":true}]}}