{"id":38385,"date":"2026-02-27T00:43:45","date_gmt":"2026-02-27T00:43:45","guid":{"rendered":"https:\/\/nordicmart.andreevmaster.com\/product\/songmics-home-meikkauspoyta-peililla-ja-laatikoilla-boho-tyyli\/"},"modified":"2026-02-27T09:59:21","modified_gmt":"2026-02-27T09:59:21","slug":"songmics-home-meikkauspoyta-peililla-ja-laatikoilla-boho-tyyli","status":"publish","type":"product","link":"https:\/\/nordicmart.andreevmaster.com\/fi\/tuote\/songmics-home-meikkauspoyta-peililla-ja-laatikoilla-boho-tyyli\/","title":{"rendered":"SONGMICS HOME meikkausp\u00f6yt\u00e4 peilill\u00e4 ja laatikoilla, boho-tyyli"},"content":{"rendered":"<p>SONGMICS HOME BOHOVEN -kokoelma \u2013 Meikkausp\u00f6yt\u00e4 peilill\u00e4, valaistus, kosmetiikkap\u00f6yt\u00e4 3 laatikkoa rottinkimallina, kosketusohjaus, 3 valov\u00e4ri\u00e4, himmennett\u00e4v\u00e4, boho-tyyli, makuuhuone, tammibeige<br \/>\nV\u00e4ri: tammibeige<br \/>\nMateriaali: massiivipuujalat, MDF (keskitihe\u00e4 kuitulevy), puulastulevy, lasi<br \/>\nKoko: 43 x 90 x 82 cm (S x L x K)<br \/>\nPaino: 21,6 kg<br \/>\nP\u00f6yt\u00e4levyn maks. staattinen kantavuus: 100 kg<br \/>\nJokaisen laatikon maks. staattinen kantavuus: 10 kg<\/p>\n","protected":false},"excerpt":{"rendered":"<p>SONGMICS HOME BOHOVEN -kokoelma \u2013 Meikkausp\u00f6yt\u00e4 peilill\u00e4, valaistus, kosmetiikkap\u00f6yt\u00e4 3 laatikkoa rottinkimallina, kosketusohjaus, 3 valov\u00e4ri\u00e4, himmennett\u00e4v\u00e4, boho-tyyli, makuuhuone, tammibeige<\/p>\n","protected":false},"featured_media":46185,"comment_status":"open","ping_status":"closed","template":"","meta":[],"product_brand":[],"product_cat":[32],"product_tag":[],"class_list":{"0":"post-38385","1":"product","2":"type-product","3":"status-publish","4":"has-post-thumbnail","6":"product_cat-uncategorized-fi","8":"first","9":"instock","10":"shipping-taxable","11":"purchasable","12":"product-type-simple"},"_links":{"self":[{"href":"https:\/\/nordicmart.andreevmaster.com\/fi\/wp-json\/wp\/v2\/product\/38385","targetHints":{"allow":["GET"]}}],"collection":[{"href":"https:\/\/nordicmart.andreevmaster.com\/fi\/wp-json\/wp\/v2\/product"}],"about":[{"href":"https:\/\/nordicmart.andreevmaster.com\/fi\/wp-json\/wp\/v2\/types\/product"}],"replies":[{"embeddable":true,"href":"https:\/\/nordicmart.andreevmaster.com\/fi\/wp-json\/wp\/v2\/comments?post=38385"}],"wp:featuredmedia":[{"embeddable":true,"href":"https:\/\/nordicmart.andreevmaster.com\/fi\/wp-json\/wp\/v2\/media\/46185"}],"wp:attachment":[{"href":"https:\/\/nordicmart.andreevmaster.com\/fi\/wp-json\/wp\/v2\/media?parent=38385"}],"wp:term":[{"taxonomy":"product_brand","embeddable":true,"href":"https:\/\/nordicmart.andreevmaster.com\/fi\/wp-json\/wp\/v2\/product_brand?post=38385"},{"taxonomy":"product_cat","embeddable":true,"href":"https:\/\/nordicmart.andreevmaster.com\/fi\/wp-json\/wp\/v2\/product_cat?post=38385"},{"taxonomy":"product_tag","embeddable":true,"href":"https:\/\/nordicmart.andreevmaster.com\/fi\/wp-json\/wp\/v2\/product_tag?post=38385"}],"curies":[{"name":"wp","href":"https:\/\/api.w.org\/{rel}","templated":true}]}}