{"id":38382,"date":"2026-02-27T00:43:44","date_gmt":"2026-02-27T00:43:44","guid":{"rendered":"https:\/\/nordicmart.andreevmaster.com\/product\/vasagle-meikkauspoyta-peililla-ja-jakkaralla\/"},"modified":"2026-02-27T09:59:21","modified_gmt":"2026-02-27T09:59:21","slug":"vasagle-meikkauspoyta-peililla-ja-jakkaralla","status":"publish","type":"product","link":"https:\/\/nordicmart.andreevmaster.com\/fi\/tuote\/vasagle-meikkauspoyta-peililla-ja-jakkaralla\/","title":{"rendered":"VASAGLE meikkausp\u00f6yt\u00e4 peilill\u00e4 ja jakkaralla"},"content":{"rendered":"<p>VASAGLE meikkausp\u00f6yt\u00e4, peilip\u00f6yt\u00e4 3-osaisella taitettavalla peilill\u00e4, hiustenkuivaajan pidike, kosmetiikkap\u00f6yt\u00e4 pehmustetulla jakkaralla, 3 laatikkoa, teollinen muotoilu, vintage-ruskea-musta RVT004B01<br \/>\n&#8211; V\u00e4ri: valkoinen<br \/>\n&#8211; Materiaali: lastulevy, ter\u00e4s, lasi, keinonahka, vaahtomuovi<br \/>\n&#8211; P\u00f6yd\u00e4n mitat: 40 x 90 x 141 cm (S x L x K)<br \/>\n&#8211; Jakkaran mitat: 28,6 x 42 x 42,5 cm (L x P x K)<br \/>\n&#8211; Paino: 25,7 kg<br \/>\n&#8211; Jakkaran maks. staattinen kantavuus: 150 kg<\/p>\n","protected":false},"excerpt":{"rendered":"<p>VASAGLE meikkausp\u00f6yt\u00e4, peilip\u00f6yt\u00e4 3-osaisella taitettavalla peilill\u00e4, hiustenkuivaajan pidike, kosmetiikkap\u00f6yt\u00e4 pehmustetulla jakkaralla, 3 laatikkoa, teollinen muotoilu, vintage-ruskea-musta RVT004B01<\/p>\n","protected":false},"featured_media":46182,"comment_status":"open","ping_status":"closed","template":"","meta":[],"product_brand":[],"product_cat":[32],"product_tag":[],"class_list":{"0":"post-38382","1":"product","2":"type-product","3":"status-publish","4":"has-post-thumbnail","6":"product_cat-uncategorized-fi","8":"first","9":"instock","10":"shipping-taxable","11":"purchasable","12":"product-type-simple"},"_links":{"self":[{"href":"https:\/\/nordicmart.andreevmaster.com\/fi\/wp-json\/wp\/v2\/product\/38382","targetHints":{"allow":["GET"]}}],"collection":[{"href":"https:\/\/nordicmart.andreevmaster.com\/fi\/wp-json\/wp\/v2\/product"}],"about":[{"href":"https:\/\/nordicmart.andreevmaster.com\/fi\/wp-json\/wp\/v2\/types\/product"}],"replies":[{"embeddable":true,"href":"https:\/\/nordicmart.andreevmaster.com\/fi\/wp-json\/wp\/v2\/comments?post=38382"}],"wp:featuredmedia":[{"embeddable":true,"href":"https:\/\/nordicmart.andreevmaster.com\/fi\/wp-json\/wp\/v2\/media\/46182"}],"wp:attachment":[{"href":"https:\/\/nordicmart.andreevmaster.com\/fi\/wp-json\/wp\/v2\/media?parent=38382"}],"wp:term":[{"taxonomy":"product_brand","embeddable":true,"href":"https:\/\/nordicmart.andreevmaster.com\/fi\/wp-json\/wp\/v2\/product_brand?post=38382"},{"taxonomy":"product_cat","embeddable":true,"href":"https:\/\/nordicmart.andreevmaster.com\/fi\/wp-json\/wp\/v2\/product_cat?post=38382"},{"taxonomy":"product_tag","embeddable":true,"href":"https:\/\/nordicmart.andreevmaster.com\/fi\/wp-json\/wp\/v2\/product_tag?post=38382"}],"curies":[{"name":"wp","href":"https:\/\/api.w.org\/{rel}","templated":true}]}}