{"id":38380,"date":"2026-02-27T00:43:43","date_gmt":"2026-02-27T00:43:43","guid":{"rendered":"https:\/\/nordicmart.andreevmaster.com\/product\/vasagle-meikkauspoytasetti-taitettavalla-peililla-greige-musta\/"},"modified":"2026-02-27T09:59:20","modified_gmt":"2026-02-27T09:59:20","slug":"vasagle-meikkauspoytasetti-taitettavalla-peililla-greige-musta","status":"publish","type":"product","link":"https:\/\/nordicmart.andreevmaster.com\/fi\/tuote\/vasagle-meikkauspoytasetti-taitettavalla-peililla-greige-musta\/","title":{"rendered":"VASAGLE meikkausp\u00f6yt\u00e4setti taitettavalla peilill\u00e4, greige-musta"},"content":{"rendered":"<p>Tuotetiedot: &#8211; V\u00e4ri: greige-musta &#8211; Materiaali: lastulevy, ter\u00e4s, lasi, keinonahka, vaahtomuovi &#8211; Meikkausp\u00f6yd\u00e4n koko: 90 x 40 x 141 cm (P x L x K) &#8211; Jakkaran koko: 42 x 28,6 x 42,5 cm (P x L x K) &#8211; Paino: 25,7 kg &#8211; Jakkaran maks. staattinen kantavuus: 150 kg Toimitus sis\u00e4lt\u00e4\u00e4: &#8211; 1 x meikkausp\u00f6yt\u00e4 &#8211; 1 x jakkara &#8211; 1 x lis\u00e4varustepaketti &#8211; 1 x ohjeet VASAGLE Huomautukset: &#8211; Turvallisuussyist\u00e4 lapset eiv\u00e4t saa kiivet\u00e4 tuotteelle tai leikki\u00e4 sill\u00e4.- Jakkaran suurin staattinen kantavuus on 150 kg. \u00c4l\u00e4 ylit\u00e4 painorajaa.<\/p>\n","protected":false},"excerpt":{"rendered":"<p>VASAGLE meikkausp\u00f6yt\u00e4, peilip\u00f6yt\u00e4 3-osaisella taitettavalla peilill\u00e4, hiustenkuivaajan pidike, kosmetiikkap\u00f6yt\u00e4 pehmustetulla jakkaralla, 3 laatikkoa, teollinen muotoilu, vintage-ruskea-musta RVT004B01<\/p>\n","protected":false},"featured_media":46180,"comment_status":"open","ping_status":"closed","template":"","meta":[],"product_brand":[],"product_cat":[32],"product_tag":[],"class_list":{"0":"post-38380","1":"product","2":"type-product","3":"status-publish","4":"has-post-thumbnail","6":"product_cat-uncategorized-fi","8":"first","9":"instock","10":"shipping-taxable","11":"purchasable","12":"product-type-simple"},"_links":{"self":[{"href":"https:\/\/nordicmart.andreevmaster.com\/fi\/wp-json\/wp\/v2\/product\/38380","targetHints":{"allow":["GET"]}}],"collection":[{"href":"https:\/\/nordicmart.andreevmaster.com\/fi\/wp-json\/wp\/v2\/product"}],"about":[{"href":"https:\/\/nordicmart.andreevmaster.com\/fi\/wp-json\/wp\/v2\/types\/product"}],"replies":[{"embeddable":true,"href":"https:\/\/nordicmart.andreevmaster.com\/fi\/wp-json\/wp\/v2\/comments?post=38380"}],"wp:featuredmedia":[{"embeddable":true,"href":"https:\/\/nordicmart.andreevmaster.com\/fi\/wp-json\/wp\/v2\/media\/46180"}],"wp:attachment":[{"href":"https:\/\/nordicmart.andreevmaster.com\/fi\/wp-json\/wp\/v2\/media?parent=38380"}],"wp:term":[{"taxonomy":"product_brand","embeddable":true,"href":"https:\/\/nordicmart.andreevmaster.com\/fi\/wp-json\/wp\/v2\/product_brand?post=38380"},{"taxonomy":"product_cat","embeddable":true,"href":"https:\/\/nordicmart.andreevmaster.com\/fi\/wp-json\/wp\/v2\/product_cat?post=38380"},{"taxonomy":"product_tag","embeddable":true,"href":"https:\/\/nordicmart.andreevmaster.com\/fi\/wp-json\/wp\/v2\/product_tag?post=38380"}],"curies":[{"name":"wp","href":"https:\/\/api.w.org\/{rel}","templated":true}]}}