{"id":38378,"date":"2026-02-27T00:43:42","date_gmt":"2026-02-27T00:43:42","guid":{"rendered":"https:\/\/nordicmart.andreevmaster.com\/product\/vasagle-peilipoyta-3-osaisella-taitettavalla-peililla\/"},"modified":"2026-02-27T09:59:20","modified_gmt":"2026-02-27T09:59:20","slug":"vasagle-peilipoyta-3-osaisella-taitettavalla-peililla","status":"publish","type":"product","link":"https:\/\/nordicmart.andreevmaster.com\/fi\/tuote\/vasagle-peilipoyta-3-osaisella-taitettavalla-peililla\/","title":{"rendered":"VASAGLE peilip\u00f6yt\u00e4 3-osaisella taitettavalla peilill\u00e4"},"content":{"rendered":"<p>Tuotetiedot:- V\u00e4ri: luonnonv\u00e4ri-valkoinen- Materiaali: lastulevy, ter\u00e4s, lasi- Peilip\u00f6yd\u00e4n koko: 90 x 40 x 137,5 cm (P x L x K)- Jakkaran koko: 38 x 28 x 43 cm (P x L x K)- Paino: 24,5 kgToimitus sis\u00e4lt\u00e4\u00e4:- 1 x peilip\u00f6yt\u00e4 &#8211; 1 x jakkara &#8211; 1 x lis\u00e4varustepaketti &#8211; 1 x ohjeet (DE, EN, FR, ES, IT) VASAGLE-huomautukset: &#8211; Turvallisuussyist\u00e4 lapset eiv\u00e4t saa kiivet\u00e4 tuotteelle tai leikki\u00e4 sill\u00e4.<\/p>\n","protected":false},"excerpt":{"rendered":"<p>VASAGLE meikkausp\u00f6yt\u00e4, peilip\u00f6yt\u00e4 3-osaisella taitettavalla peilill\u00e4, ter\u00e4srunko, kosmetiikkap\u00f6yt\u00e4 jakkaralla, 3 laatikkoa, luonnonv\u00e4ri-valkoinen RVT002W09<\/p>\n","protected":false},"featured_media":46178,"comment_status":"open","ping_status":"closed","template":"","meta":[],"product_brand":[],"product_cat":[32],"product_tag":[],"class_list":{"0":"post-38378","1":"product","2":"type-product","3":"status-publish","4":"has-post-thumbnail","6":"product_cat-uncategorized-fi","8":"first","9":"instock","10":"shipping-taxable","11":"purchasable","12":"product-type-simple"},"_links":{"self":[{"href":"https:\/\/nordicmart.andreevmaster.com\/fi\/wp-json\/wp\/v2\/product\/38378","targetHints":{"allow":["GET"]}}],"collection":[{"href":"https:\/\/nordicmart.andreevmaster.com\/fi\/wp-json\/wp\/v2\/product"}],"about":[{"href":"https:\/\/nordicmart.andreevmaster.com\/fi\/wp-json\/wp\/v2\/types\/product"}],"replies":[{"embeddable":true,"href":"https:\/\/nordicmart.andreevmaster.com\/fi\/wp-json\/wp\/v2\/comments?post=38378"}],"wp:featuredmedia":[{"embeddable":true,"href":"https:\/\/nordicmart.andreevmaster.com\/fi\/wp-json\/wp\/v2\/media\/46178"}],"wp:attachment":[{"href":"https:\/\/nordicmart.andreevmaster.com\/fi\/wp-json\/wp\/v2\/media?parent=38378"}],"wp:term":[{"taxonomy":"product_brand","embeddable":true,"href":"https:\/\/nordicmart.andreevmaster.com\/fi\/wp-json\/wp\/v2\/product_brand?post=38378"},{"taxonomy":"product_cat","embeddable":true,"href":"https:\/\/nordicmart.andreevmaster.com\/fi\/wp-json\/wp\/v2\/product_cat?post=38378"},{"taxonomy":"product_tag","embeddable":true,"href":"https:\/\/nordicmart.andreevmaster.com\/fi\/wp-json\/wp\/v2\/product_tag?post=38378"}],"curies":[{"name":"wp","href":"https:\/\/api.w.org\/{rel}","templated":true}]}}