{"id":38377,"date":"2026-02-27T00:43:42","date_gmt":"2026-02-27T00:43:42","guid":{"rendered":"https:\/\/nordicmart.andreevmaster.com\/product\/songmics-tyhjiopussit-15-kpl\/"},"modified":"2026-02-27T09:59:20","modified_gmt":"2026-02-27T09:59:20","slug":"songmics-tyhjiopussit-15-kpl","status":"publish","type":"product","link":"https:\/\/nordicmart.andreevmaster.com\/fi\/tuote\/songmics-tyhjiopussit-15-kpl\/","title":{"rendered":"SONGMICS tyhji\u00f6pussit 15 kpl"},"content":{"rendered":"<p>S\u00e4\u00e4st\u00e4 tilaa Songmics-tyhji\u00f6pussien 15 kappaleen setill\u00e4! Suosittu kotitalousapulainen, eri kokoiset tyhji\u00f6pussit vastaavat erilaisiin tarpeisiisi k\u00e4ytt\u00e4m\u00e4tt\u00f6mien vaatteiden ja vuodevaatteiden s\u00e4ilytt\u00e4misess\u00e4. Tyhji\u00f6pakkaus s\u00e4\u00e4st\u00e4\u00e4 75 % s\u00e4ilytystilaa vaatekaapissasi ja suojaa sis\u00e4lt\u00f6\u00e4 p\u00f6lylt\u00e4, homeelta ja kosteudelta. Tilan s\u00e4\u00e4st\u00f6n ansiosta Songmics-tyhji\u00f6pussi sopii erinomaisesti my\u00f6s matkalle. Voit pakata hiihtovaatteet, makuupussit jne. niin pieniksi, ett\u00e4 ne viev\u00e4t vain v\u00e4h\u00e4n tilaa repuissa\/autossa. Songmics-tyhji\u00f6pussit tarjoavat sinulle vuosien ilon. Tuotetiedot: &#8211; V\u00e4ri: l\u00e4pin\u00e4kyv\u00e4 &#8211; Mitat: 50 x 60 cm (5 kpl); 60 x 80 cm (6 kpl); 80 x 100 cm (4 kpl) &#8211; Materiaali: PA + PE &#8211; Paksuus: 0,07 mm &#8211; Pakkauksen mitat: 40 x 27,5 x 14 cm Toimitus sis\u00e4lt\u00e4\u00e4: &#8211; 1 x 15-osainen tyhji\u00f6pussisarja (ilman ilmapumppua)<\/p>\n","protected":false},"excerpt":{"rendered":"<p>SONGMICS tyhji\u00f6pussit, 15 kpl, s\u00e4ilytyspussit, kompressiopussit, uudelleenk\u00e4ytett\u00e4v\u00e4t, vuodevaatteille, vaatteille, tyynyille ja peitoille, 4 isoa (80 x 100 cm), 6 keskikokoista (60 x 80 cm) ja 5 pient\u00e4 (50 x 60 cm) RVM15T<\/p>\n","protected":false},"featured_media":46177,"comment_status":"open","ping_status":"closed","template":"","meta":[],"product_brand":[],"product_cat":[32],"product_tag":[],"class_list":{"0":"post-38377","1":"product","2":"type-product","3":"status-publish","4":"has-post-thumbnail","6":"product_cat-uncategorized-fi","8":"first","9":"instock","10":"shipping-taxable","11":"purchasable","12":"product-type-simple"},"_links":{"self":[{"href":"https:\/\/nordicmart.andreevmaster.com\/fi\/wp-json\/wp\/v2\/product\/38377","targetHints":{"allow":["GET"]}}],"collection":[{"href":"https:\/\/nordicmart.andreevmaster.com\/fi\/wp-json\/wp\/v2\/product"}],"about":[{"href":"https:\/\/nordicmart.andreevmaster.com\/fi\/wp-json\/wp\/v2\/types\/product"}],"replies":[{"embeddable":true,"href":"https:\/\/nordicmart.andreevmaster.com\/fi\/wp-json\/wp\/v2\/comments?post=38377"}],"wp:featuredmedia":[{"embeddable":true,"href":"https:\/\/nordicmart.andreevmaster.com\/fi\/wp-json\/wp\/v2\/media\/46177"}],"wp:attachment":[{"href":"https:\/\/nordicmart.andreevmaster.com\/fi\/wp-json\/wp\/v2\/media?parent=38377"}],"wp:term":[{"taxonomy":"product_brand","embeddable":true,"href":"https:\/\/nordicmart.andreevmaster.com\/fi\/wp-json\/wp\/v2\/product_brand?post=38377"},{"taxonomy":"product_cat","embeddable":true,"href":"https:\/\/nordicmart.andreevmaster.com\/fi\/wp-json\/wp\/v2\/product_cat?post=38377"},{"taxonomy":"product_tag","embeddable":true,"href":"https:\/\/nordicmart.andreevmaster.com\/fi\/wp-json\/wp\/v2\/product_tag?post=38377"}],"curies":[{"name":"wp","href":"https:\/\/api.w.org\/{rel}","templated":true}]}}