{"id":38376,"date":"2026-02-27T00:43:42","date_gmt":"2026-02-27T00:43:42","guid":{"rendered":"https:\/\/nordicmart.andreevmaster.com\/product\/songmics-tyhjiopussit-10-kpl-pituus-128-cm\/"},"modified":"2026-02-27T09:59:19","modified_gmt":"2026-02-27T09:59:19","slug":"songmics-tyhjiopussit-10-kpl-pituus-128-cm","status":"publish","type":"product","link":"https:\/\/nordicmart.andreevmaster.com\/fi\/tuote\/songmics-tyhjiopussit-10-kpl-pituus-128-cm\/","title":{"rendered":"SONGMICS tyhji\u00f6pussit 10 kpl, pituus 128 cm"},"content":{"rendered":"<p>Onko vaatekaapissasi yh\u00e4 v\u00e4hemm\u00e4n tilaa? S\u00e4\u00e4st\u00e4 tilaa Songmics-tyhji\u00f6pussien 10 kappaleen setill\u00e4!  Tyhji\u00f6pakkaus s\u00e4\u00e4st\u00e4\u00e4 75 % tilaa vaatekaapissasi ja suojaa sis\u00e4lt\u00f6\u00e4 p\u00f6lylt\u00e4, homeelta ja kosteudelta. Tilan s\u00e4\u00e4st\u00f6n ansiosta Songmics-tyhji\u00f6pussi sopii erinomaisesti my\u00f6s matkalle. Voit pakata hiihtovaatteet, makuupussit jne. niin pieniksi, ett\u00e4 ne viev\u00e4t vain v\u00e4h\u00e4n tilaa repuissa\/autossa. Songmics-tyhji\u00f6pussit ovat vuosien ajan iloinen hankinta. Tuotetiedot:  &#8211; V\u00e4ri: l\u00e4pin\u00e4kyv\u00e4 &#8211; Mitat:  2 x tyhji\u00f6pussi: noin 128 x 98 cm (jokaiseen pussiin mahtuu enint\u00e4\u00e4n 3 paksua peittoa tai  6 ohutta peittoa) 3 x tyhji\u00f6pussi: noin 98 x 68 cm (jokaiseen pussiin mahtuu enint\u00e4\u00e4n 1 paksu peitto tai  3 isoa tyyny\u00e4) 5 x tyhji\u00f6pussi: noin 78 x 58 cm (jokaiseen pussiin mahtuu enint\u00e4\u00e4n 5 pient\u00e4 tyyny\u00e4 tai  10\u201315 villapaitaa) &#8211; Materiaali: PA + PE &#8211; Pakkauksen mitat: 38 x 27,5 x 10 cm &#8211; Paino: 1,32 kg  Toimitus sis\u00e4lt\u00e4\u00e4:  &#8211; 1 x 10-osainen tyhji\u00f6pussisarja (ilman k\u00e4sipumppua)<\/p>\n","protected":false},"excerpt":{"rendered":"<p>SONGMICS 10-osainen sarja tyhji\u00f6pusseja, tyhji\u00f6s\u00e4ilytyspusseja, kotitalousapuv\u00e4lineit\u00e4, l\u00e4pin\u00e4kyvi\u00e4, 128 x 98 cm, 98 x 68 cm, 78 x 58 cm RVM10T<\/p>\n","protected":false},"featured_media":46176,"comment_status":"open","ping_status":"closed","template":"","meta":[],"product_brand":[],"product_cat":[32],"product_tag":[],"class_list":{"0":"post-38376","1":"product","2":"type-product","3":"status-publish","4":"has-post-thumbnail","6":"product_cat-uncategorized-fi","8":"first","9":"instock","10":"shipping-taxable","11":"purchasable","12":"product-type-simple"},"_links":{"self":[{"href":"https:\/\/nordicmart.andreevmaster.com\/fi\/wp-json\/wp\/v2\/product\/38376","targetHints":{"allow":["GET"]}}],"collection":[{"href":"https:\/\/nordicmart.andreevmaster.com\/fi\/wp-json\/wp\/v2\/product"}],"about":[{"href":"https:\/\/nordicmart.andreevmaster.com\/fi\/wp-json\/wp\/v2\/types\/product"}],"replies":[{"embeddable":true,"href":"https:\/\/nordicmart.andreevmaster.com\/fi\/wp-json\/wp\/v2\/comments?post=38376"}],"wp:featuredmedia":[{"embeddable":true,"href":"https:\/\/nordicmart.andreevmaster.com\/fi\/wp-json\/wp\/v2\/media\/46176"}],"wp:attachment":[{"href":"https:\/\/nordicmart.andreevmaster.com\/fi\/wp-json\/wp\/v2\/media?parent=38376"}],"wp:term":[{"taxonomy":"product_brand","embeddable":true,"href":"https:\/\/nordicmart.andreevmaster.com\/fi\/wp-json\/wp\/v2\/product_brand?post=38376"},{"taxonomy":"product_cat","embeddable":true,"href":"https:\/\/nordicmart.andreevmaster.com\/fi\/wp-json\/wp\/v2\/product_cat?post=38376"},{"taxonomy":"product_tag","embeddable":true,"href":"https:\/\/nordicmart.andreevmaster.com\/fi\/wp-json\/wp\/v2\/product_tag?post=38376"}],"curies":[{"name":"wp","href":"https:\/\/api.w.org\/{rel}","templated":true}]}}