{"id":38375,"date":"2026-02-27T00:43:41","date_gmt":"2026-02-27T00:43:41","guid":{"rendered":"https:\/\/nordicmart.andreevmaster.com\/product\/songmics-tyhjiopussit-10-kpl-enintaan-100-cm\/"},"modified":"2026-02-27T09:59:19","modified_gmt":"2026-02-27T09:59:19","slug":"songmics-tyhjiopussit-10-kpl-enintaan-100-cm","status":"publish","type":"product","link":"https:\/\/nordicmart.andreevmaster.com\/fi\/tuote\/songmics-tyhjiopussit-10-kpl-enintaan-100-cm\/","title":{"rendered":"SONGMICS tyhji\u00f6pussit 10 kpl, enint\u00e4\u00e4n 100 cm"},"content":{"rendered":"<p>Kev\u00e4t on tulossa, ja talvipeitteiden laatikko on taas t\u00e4ynn\u00e4? Songmics-tyhji\u00f6pussien avulla voit litist\u00e4\u00e4 paksut talvipeitteet, takit jne. ja s\u00e4ilytt\u00e4\u00e4 ne p\u00f6lytt\u00f6m\u00e4sti s\u00e4ngyn alla tai ahtaassa kaapissa. Laita tavarat kuivumisen j\u00e4lkeen tyhji\u00f6pussiin, sulje pussin aukko liukukannella, ime ilma pois, ja valmista. Sitten h\u00e4mm\u00e4styt, kuinka paljon tilaa voit s\u00e4\u00e4st\u00e4\u00e4, kun ilma on poistettu! Tilan s\u00e4\u00e4st\u00f6n ansiosta Songmics-tyhji\u00f6pussi sopii erinomaisesti my\u00f6s matkalle. Voit pakata hiihtovaatteet, makuupussit jne. niin pieniksi, ett\u00e4 ne viev\u00e4t vain v\u00e4h\u00e4n tilaa repuissa\/autossa. Songmics-tyhji\u00f6pussit tarjoavat sinulle vuosien ilon. Tuotetiedot:  &#8211; V\u00e4ri: l\u00e4pin\u00e4kyv\u00e4  &#8211; Mitat: 40 x 60 cm (3 kpl); 60 x 80 cm (5 kpl); 80 x 100 cm (2 kpl)  &#8211; Materiaali: PA + PE (paksuus: 0,07 mm)  &#8211; Pakkauksen mitat: 26 x 20 x 12 cm  &#8211; Paino: 2 kg Toimitus sis\u00e4lt\u00e4\u00e4:  &#8211; 1 x 10-osainen tyhji\u00f6pussisarja &#8211; 1 x pieni keltainen pumppu<\/p>\n","protected":false},"excerpt":{"rendered":"<p>SONGMICS 10-osainen sarja tyhji\u00f6pusseja s\u00e4ilytyspusseja kompressiopusseja, eri kokoja, uudelleenk\u00e4ytett\u00e4viss\u00e4 vuodevaatteille, vaatteille, tyynyille, peitoille, 40 x 60 cm, 60 x 80 cm, 80 x 100 cm RVM102<\/p>\n","protected":false},"featured_media":46175,"comment_status":"open","ping_status":"closed","template":"","meta":[],"product_brand":[],"product_cat":[32],"product_tag":[],"class_list":{"0":"post-38375","1":"product","2":"type-product","3":"status-publish","4":"has-post-thumbnail","6":"product_cat-uncategorized-fi","8":"first","9":"instock","10":"shipping-taxable","11":"purchasable","12":"product-type-simple"},"_links":{"self":[{"href":"https:\/\/nordicmart.andreevmaster.com\/fi\/wp-json\/wp\/v2\/product\/38375","targetHints":{"allow":["GET"]}}],"collection":[{"href":"https:\/\/nordicmart.andreevmaster.com\/fi\/wp-json\/wp\/v2\/product"}],"about":[{"href":"https:\/\/nordicmart.andreevmaster.com\/fi\/wp-json\/wp\/v2\/types\/product"}],"replies":[{"embeddable":true,"href":"https:\/\/nordicmart.andreevmaster.com\/fi\/wp-json\/wp\/v2\/comments?post=38375"}],"wp:featuredmedia":[{"embeddable":true,"href":"https:\/\/nordicmart.andreevmaster.com\/fi\/wp-json\/wp\/v2\/media\/46175"}],"wp:attachment":[{"href":"https:\/\/nordicmart.andreevmaster.com\/fi\/wp-json\/wp\/v2\/media?parent=38375"}],"wp:term":[{"taxonomy":"product_brand","embeddable":true,"href":"https:\/\/nordicmart.andreevmaster.com\/fi\/wp-json\/wp\/v2\/product_brand?post=38375"},{"taxonomy":"product_cat","embeddable":true,"href":"https:\/\/nordicmart.andreevmaster.com\/fi\/wp-json\/wp\/v2\/product_cat?post=38375"},{"taxonomy":"product_tag","embeddable":true,"href":"https:\/\/nordicmart.andreevmaster.com\/fi\/wp-json\/wp\/v2\/product_tag?post=38375"}],"curies":[{"name":"wp","href":"https:\/\/api.w.org\/{rel}","templated":true}]}}