{"id":38374,"date":"2026-02-27T00:43:41","date_gmt":"2026-02-27T00:43:41","guid":{"rendered":"https:\/\/nordicmart.andreevmaster.com\/product\/songmics-10-osainen-tyhjiopussisarja\/"},"modified":"2026-02-27T09:59:19","modified_gmt":"2026-02-27T09:59:19","slug":"songmics-10-osainen-tyhjiopussisarja","status":"publish","type":"product","link":"https:\/\/nordicmart.andreevmaster.com\/fi\/tuote\/songmics-10-osainen-tyhjiopussisarja\/","title":{"rendered":"SONGMICS 10-osainen tyhji\u00f6pussisarja"},"content":{"rendered":"<p>Onko vaatekaapissasi yh\u00e4 v\u00e4hemm\u00e4n tilaa? S\u00e4\u00e4st\u00e4 tilaa Songmicsin 10-osaisella tyhji\u00f6pussisarjalla!  Tyhji\u00f6pakkaus s\u00e4\u00e4st\u00e4\u00e4 75 % tilaa vaatekaapissasi ja suojaa sis\u00e4lt\u00f6\u00e4 p\u00f6lylt\u00e4, homeelta ja kosteudelta. Tilan s\u00e4\u00e4st\u00f6n ansiosta Songmicsin tyhji\u00f6pussi sopii erinomaisesti my\u00f6s matkalle. Voit pakata hiihtovaatteet, makuupussit jne. niin pieniksi, ett\u00e4 ne viev\u00e4t vain v\u00e4h\u00e4n tilaa repuissa\/autossa. Songmicsin tyhji\u00f6pussit tarjoavat sinulle vuosien ilon. Tuotetiedot:  &#8211; V\u00e4ri: l\u00e4pin\u00e4kyv\u00e4 &#8211; Mitat: 60 x 80 cm (10 kpl), sis\u00e4lt\u00e4\u00e4 ilmapumpun &#8211; Materiaali: PA + PE &#8211; Paksuus: 0,07 mm &#8211; Pakkauksen mitat: 42 x 31 x 7 cm &#8211; Paino: 1,04 kg  Toimitus sis\u00e4lt\u00e4\u00e4: &#8211; 1 x 10-osainen tyhji\u00f6pussisarja  &#8211; 1 x keltainen ilmapumppu  <\/p>\n","protected":false},"excerpt":{"rendered":"<p>SONGMICS 10-osainen tyhji\u00f6pussisarja, tyhji\u00f6s\u00e4ilytyspussit, kodin apuv\u00e4lineet, ilmapumppu ilmaiseksi, 60 x 80 cm RVM101<\/p>\n","protected":false},"featured_media":0,"comment_status":"open","ping_status":"closed","template":"","meta":[],"product_brand":[],"product_cat":[32],"product_tag":[],"class_list":{"0":"post-38374","1":"product","2":"type-product","3":"status-publish","5":"product_cat-uncategorized-fi","7":"first","8":"instock","9":"shipping-taxable","10":"purchasable","11":"product-type-simple"},"_links":{"self":[{"href":"https:\/\/nordicmart.andreevmaster.com\/fi\/wp-json\/wp\/v2\/product\/38374","targetHints":{"allow":["GET"]}}],"collection":[{"href":"https:\/\/nordicmart.andreevmaster.com\/fi\/wp-json\/wp\/v2\/product"}],"about":[{"href":"https:\/\/nordicmart.andreevmaster.com\/fi\/wp-json\/wp\/v2\/types\/product"}],"replies":[{"embeddable":true,"href":"https:\/\/nordicmart.andreevmaster.com\/fi\/wp-json\/wp\/v2\/comments?post=38374"}],"wp:attachment":[{"href":"https:\/\/nordicmart.andreevmaster.com\/fi\/wp-json\/wp\/v2\/media?parent=38374"}],"wp:term":[{"taxonomy":"product_brand","embeddable":true,"href":"https:\/\/nordicmart.andreevmaster.com\/fi\/wp-json\/wp\/v2\/product_brand?post=38374"},{"taxonomy":"product_cat","embeddable":true,"href":"https:\/\/nordicmart.andreevmaster.com\/fi\/wp-json\/wp\/v2\/product_cat?post=38374"},{"taxonomy":"product_tag","embeddable":true,"href":"https:\/\/nordicmart.andreevmaster.com\/fi\/wp-json\/wp\/v2\/product_tag?post=38374"}],"curies":[{"name":"wp","href":"https:\/\/api.w.org\/{rel}","templated":true}]}}