{"id":38373,"date":"2026-02-27T00:43:41","date_gmt":"2026-02-27T00:43:41","guid":{"rendered":"https:\/\/nordicmart.andreevmaster.com\/product\/songmics-8-osainen-tyhjiopussien-sailytyspussit\/"},"modified":"2026-02-27T09:59:19","modified_gmt":"2026-02-27T09:59:19","slug":"songmics-8-osainen-tyhjiopussien-sailytyspussit","status":"publish","type":"product","link":"https:\/\/nordicmart.andreevmaster.com\/fi\/tuote\/songmics-8-osainen-tyhjiopussien-sailytyspussit\/","title":{"rendered":"SONGMICS 8-osainen tyhji\u00f6pussien s\u00e4ilytyspussit"},"content":{"rendered":"<p>Tyhji\u00f6pussit ovat t\u00e4ysin l\u00e4pin\u00e4kyvi\u00e4, jopa venttiilin suljinosa on l\u00e4pin\u00e4kyv\u00e4. Suljinlistat, venttiili ja suljinliukus\u00e4\u00e4din ovat valkoisia. T\u00e4m\u00e4 yhdistelm\u00e4 tekee pusseista yksinkertaisia ja visuaalisesti kauniita. Suljinliukus\u00e4\u00e4din on muotoiltu soikeaksi, ja molemmat puolet ovat kaarevat sis\u00e4\u00e4np\u00e4in, mik\u00e4 vastaa k\u00e4ytt\u00f6tottumuksia ja tuntuu mukavalta k\u00e4dess\u00e4. Tuotteen mukana toimitetaan k\u00e4ytt\u00f6ohjeet. K\u00e4yt\u00e4 tyhji\u00f6s\u00e4ilytyspusseja vain ohjeiden mukaisesti. Tuotetiedot: &#8211; Mitat: 60 x 40 cm (P x L) &#8211; Pakkauksen mitat: 54 x 50 x 36 cm &#8211; V\u00e4ri: l\u00e4pin\u00e4kyv\u00e4 &#8211; Materiaali: PE + PA &#8211; Paino: 0,61 kg Toimitus sis\u00e4lt\u00e4\u00e4: &#8211; 8 x tyhji\u00f6pussi &#8211; 1 x pieni pumppu <\/p>\n","protected":false},"excerpt":{"rendered":"<p>SONGMICS 8-osainen tyhji\u00f6pussisarja s\u00e4ilytyspussit kompressiopussit pumpulla, uudelleenk\u00e4ytett\u00e4v\u00e4t vuodevaatteille, vaatteille, tyynyille, peitoille, verhoille, pyyhkeille RVM081, 8 60 x 40 cm<\/p>\n","protected":false},"featured_media":46174,"comment_status":"open","ping_status":"closed","template":"","meta":[],"product_brand":[],"product_cat":[32],"product_tag":[],"class_list":{"0":"post-38373","1":"product","2":"type-product","3":"status-publish","4":"has-post-thumbnail","6":"product_cat-uncategorized-fi","8":"first","9":"instock","10":"shipping-taxable","11":"purchasable","12":"product-type-simple"},"_links":{"self":[{"href":"https:\/\/nordicmart.andreevmaster.com\/fi\/wp-json\/wp\/v2\/product\/38373","targetHints":{"allow":["GET"]}}],"collection":[{"href":"https:\/\/nordicmart.andreevmaster.com\/fi\/wp-json\/wp\/v2\/product"}],"about":[{"href":"https:\/\/nordicmart.andreevmaster.com\/fi\/wp-json\/wp\/v2\/types\/product"}],"replies":[{"embeddable":true,"href":"https:\/\/nordicmart.andreevmaster.com\/fi\/wp-json\/wp\/v2\/comments?post=38373"}],"wp:featuredmedia":[{"embeddable":true,"href":"https:\/\/nordicmart.andreevmaster.com\/fi\/wp-json\/wp\/v2\/media\/46174"}],"wp:attachment":[{"href":"https:\/\/nordicmart.andreevmaster.com\/fi\/wp-json\/wp\/v2\/media?parent=38373"}],"wp:term":[{"taxonomy":"product_brand","embeddable":true,"href":"https:\/\/nordicmart.andreevmaster.com\/fi\/wp-json\/wp\/v2\/product_brand?post=38373"},{"taxonomy":"product_cat","embeddable":true,"href":"https:\/\/nordicmart.andreevmaster.com\/fi\/wp-json\/wp\/v2\/product_cat?post=38373"},{"taxonomy":"product_tag","embeddable":true,"href":"https:\/\/nordicmart.andreevmaster.com\/fi\/wp-json\/wp\/v2\/product_tag?post=38373"}],"curies":[{"name":"wp","href":"https:\/\/api.w.org\/{rel}","templated":true}]}}