{"id":38366,"date":"2026-02-27T00:43:39","date_gmt":"2026-02-27T00:43:39","guid":{"rendered":"https:\/\/nordicmart.andreevmaster.com\/product\/songmics-vaatekaapin-jarjestelija-6-kpln-sarja-taitettava-laatikosto-6-lokerolla\/"},"modified":"2026-02-27T09:59:17","modified_gmt":"2026-02-27T09:59:17","slug":"songmics-vaatekaapin-jarjestelija-6-kpln-sarja-taitettava-laatikosto-6-lokerolla","status":"publish","type":"product","link":"https:\/\/nordicmart.andreevmaster.com\/fi\/tuote\/songmics-vaatekaapin-jarjestelija-6-kpln-sarja-taitettava-laatikosto-6-lokerolla\/","title":{"rendered":"SONGMICS vaatekaapin j\u00e4rjestelij\u00e4, 6 kpl:n sarja, taitettava laatikosto 6 lokerolla"},"content":{"rendered":"<p>SONGMICS vaatekaapin j\u00e4rjestelij\u00e4setti, 4 kpl, s\u00e4ilytyslaatikko, 6 lokeroa, laatikoiden j\u00e4rjestelij\u00e4j\u00e4rjestelm\u00e4, taitettavat s\u00e4ilytyslaatikot, 42 x 30 x 17 cm, housuille, vaatteille, harmaansininen RUS009G04<br \/>\nTekniset tiedot:<br \/>\n&#8211; Mitat: 42 x 30 x 17 cm (kukin j\u00e4rjestelij\u00e4)<br \/>\n&#8211; Paino: 2,8 kg (yhteens\u00e4)<br \/>\n&#8211; Materiaali: 80 g\/\u33a1 kuitukangas, pahvi<br \/>\n&#8211; V\u00e4ri: kyyhkynharmaa<\/p>\n","protected":false},"excerpt":{"rendered":"<p>SONGMICS vaatekaapin j\u00e4rjestelij\u00e4setti, 4 kpl, s\u00e4ilytyslaatikko, 6 lokeroa, laatikoiden j\u00e4rjestelij\u00e4j\u00e4rjestelm\u00e4, taitettavat s\u00e4ilytyslaatikot, 42 x 30 x 17 cm, housuille, vaatteille, harmaansininen RUS009G04<\/p>\n","protected":false},"featured_media":46170,"comment_status":"open","ping_status":"closed","template":"","meta":[],"product_brand":[],"product_cat":[32],"product_tag":[],"class_list":{"0":"post-38366","1":"product","2":"type-product","3":"status-publish","4":"has-post-thumbnail","6":"product_cat-uncategorized-fi","8":"first","9":"instock","10":"shipping-taxable","11":"purchasable","12":"product-type-simple"},"_links":{"self":[{"href":"https:\/\/nordicmart.andreevmaster.com\/fi\/wp-json\/wp\/v2\/product\/38366","targetHints":{"allow":["GET"]}}],"collection":[{"href":"https:\/\/nordicmart.andreevmaster.com\/fi\/wp-json\/wp\/v2\/product"}],"about":[{"href":"https:\/\/nordicmart.andreevmaster.com\/fi\/wp-json\/wp\/v2\/types\/product"}],"replies":[{"embeddable":true,"href":"https:\/\/nordicmart.andreevmaster.com\/fi\/wp-json\/wp\/v2\/comments?post=38366"}],"wp:featuredmedia":[{"embeddable":true,"href":"https:\/\/nordicmart.andreevmaster.com\/fi\/wp-json\/wp\/v2\/media\/46170"}],"wp:attachment":[{"href":"https:\/\/nordicmart.andreevmaster.com\/fi\/wp-json\/wp\/v2\/media?parent=38366"}],"wp:term":[{"taxonomy":"product_brand","embeddable":true,"href":"https:\/\/nordicmart.andreevmaster.com\/fi\/wp-json\/wp\/v2\/product_brand?post=38366"},{"taxonomy":"product_cat","embeddable":true,"href":"https:\/\/nordicmart.andreevmaster.com\/fi\/wp-json\/wp\/v2\/product_cat?post=38366"},{"taxonomy":"product_tag","embeddable":true,"href":"https:\/\/nordicmart.andreevmaster.com\/fi\/wp-json\/wp\/v2\/product_tag?post=38366"}],"curies":[{"name":"wp","href":"https:\/\/api.w.org\/{rel}","templated":true}]}}