{"id":38362,"date":"2026-02-27T00:43:38","date_gmt":"2026-02-27T00:43:38","guid":{"rendered":"https:\/\/nordicmart.andreevmaster.com\/product\/songmics-alusvaatteiden-sailytyslaatikot-6-kpl\/"},"modified":"2026-02-27T09:59:16","modified_gmt":"2026-02-27T09:59:16","slug":"songmics-alusvaatteiden-sailytyslaatikot-6-kpl","status":"publish","type":"product","link":"https:\/\/nordicmart.andreevmaster.com\/fi\/tuote\/songmics-alusvaatteiden-sailytyslaatikot-6-kpl\/","title":{"rendered":"SONGMICS alusvaatteiden s\u00e4ilytyslaatikot, 6 kpl"},"content":{"rendered":"<p>T\u00e4\u00e4lt\u00e4 l\u00f6yd\u00e4t oikean s\u00e4ilytyspaikan alusvaatteillesi! N\u00e4iden s\u00e4ilytyskoreilla saat kaoottiset laatikot tai kaapit kuntoon. Rintaliivit, alushousut, sukat ja muut pienet esineet voidaan s\u00e4ilytt\u00e4\u00e4 n\u00e4iss\u00e4 laatikoissa siististi ja k\u00e4tev\u00e4sti saatavilla. J\u00e4rjestys tekee onnelliseksi! Runsaasti s\u00e4ilytystilaa: T\u00e4m\u00e4 sarja koostuu 6 kangaskorista. Jokainen laatikko on jaettu useisiin osastoihin, joten voit s\u00e4ilytt\u00e4\u00e4 erilaisia esineit\u00e4, kuten alusvaatteita, huiveja, solmioita ja sukkia, erill\u00e4\u00e4n toisistaan. Voit k\u00e4ytt\u00e4\u00e4 sarjaa juuri niin kuin haluat! Se sopii hyvin my\u00f6s vauvan tavaroiden s\u00e4ilytykseen. K\u00e4\u00e4ri vauvan vaatteet ja lajittele ne luokittain eri laatikoihin. Jos matkustat paljon, sarja auttaa sinua pit\u00e4m\u00e4\u00e4n tavarasi j\u00e4rjestyksess\u00e4 my\u00f6s hotellissa. Lis\u00e4ksi taitetut laatikot viev\u00e4t vain v\u00e4h\u00e4n tilaa matkalaukussasi. T\u00e4m\u00e4n sarjan avulla voit my\u00f6s j\u00e4rjest\u00e4\u00e4 meikkisi. Tuotetiedot: &#8211; V\u00e4ri: harmaa &#8211; Materiaali: 80 g\/m\u00b2 kuitukangas, PE-levy, pahvi &#8211; Koko: Laatikko 5 lokerolla rintaliiveille: 32 x 32 x 10 cm (P x L x K) Laatikko 6 lokerolla huiveille\/alusvaatteille (2 kpl): 32 x 16 x 10 cm (P x L x K) Laatikko, jossa 8 lokeroa solmioille (2 kpl): 32 x 16 x 10 cm (P x L x K) Laatikko, jossa 24 lokeroa sukkia tai muita asusteita varten: 32 x 32 x 10 cm (P x L x K) Paino: 0,9 kg Toimitus sis\u00e4lt\u00e4\u00e4: &#8211; 1 x sarja, joka koostuu 6 laatikosta &#8211; 4 x ulosvedett\u00e4v\u00e4 PE-levy<\/p>\n","protected":false},"excerpt":{"rendered":"<p>SONGMICS Alusvaatteiden s\u00e4ilytyslaatikot, 6 kpl:n sarja, laatikoiden j\u00e4rjestelij\u00e4, vaatekaapin j\u00e4rjestelij\u00e4j\u00e4rjestelm\u00e4, alusvaatteille, sukkille, solmioille, taitettavat laatikot, kangaslaatikot, harmaa RUS06GY<\/p>\n","protected":false},"featured_media":46166,"comment_status":"open","ping_status":"closed","template":"","meta":[],"product_brand":[],"product_cat":[32],"product_tag":[],"class_list":{"0":"post-38362","1":"product","2":"type-product","3":"status-publish","4":"has-post-thumbnail","6":"product_cat-uncategorized-fi","8":"first","9":"instock","10":"shipping-taxable","11":"purchasable","12":"product-type-simple"},"_links":{"self":[{"href":"https:\/\/nordicmart.andreevmaster.com\/fi\/wp-json\/wp\/v2\/product\/38362","targetHints":{"allow":["GET"]}}],"collection":[{"href":"https:\/\/nordicmart.andreevmaster.com\/fi\/wp-json\/wp\/v2\/product"}],"about":[{"href":"https:\/\/nordicmart.andreevmaster.com\/fi\/wp-json\/wp\/v2\/types\/product"}],"replies":[{"embeddable":true,"href":"https:\/\/nordicmart.andreevmaster.com\/fi\/wp-json\/wp\/v2\/comments?post=38362"}],"wp:featuredmedia":[{"embeddable":true,"href":"https:\/\/nordicmart.andreevmaster.com\/fi\/wp-json\/wp\/v2\/media\/46166"}],"wp:attachment":[{"href":"https:\/\/nordicmart.andreevmaster.com\/fi\/wp-json\/wp\/v2\/media?parent=38362"}],"wp:term":[{"taxonomy":"product_brand","embeddable":true,"href":"https:\/\/nordicmart.andreevmaster.com\/fi\/wp-json\/wp\/v2\/product_brand?post=38362"},{"taxonomy":"product_cat","embeddable":true,"href":"https:\/\/nordicmart.andreevmaster.com\/fi\/wp-json\/wp\/v2\/product_cat?post=38362"},{"taxonomy":"product_tag","embeddable":true,"href":"https:\/\/nordicmart.andreevmaster.com\/fi\/wp-json\/wp\/v2\/product_tag?post=38362"}],"curies":[{"name":"wp","href":"https:\/\/api.w.org\/{rel}","templated":true}]}}