{"id":38361,"date":"2026-02-27T00:43:37","date_gmt":"2026-02-27T00:43:37","guid":{"rendered":"https:\/\/nordicmart.andreevmaster.com\/product\/4-kpl-alusvaatelaatikon-jarjestajia-vaatekaapin-jarjestajat-rintaliiveille-alusvaatteille-solmioille-ja-sukille-kokoontaitettavat-kankaiset-sailytyslaatikot-vaaleanpunaiset-2\/"},"modified":"2026-02-27T09:59:16","modified_gmt":"2026-02-27T09:59:16","slug":"4-kpl-alusvaatelaatikon-jarjestajia-vaatekaapin-jarjestajat-rintaliiveille-alusvaatteille-solmioille-ja-sukille-kokoontaitettavat-kankaiset-sailytyslaatikot-vaaleanpunaiset-2","status":"publish","type":"product","link":"https:\/\/nordicmart.andreevmaster.com\/fi\/tuote\/4-kpl-alusvaatelaatikon-jarjestajia-vaatekaapin-jarjestajat-rintaliiveille-alusvaatteille-solmioille-ja-sukille-kokoontaitettavat-kankaiset-sailytyslaatikot-vaaleanpunaiset-2\/","title":{"rendered":"4 kpl alusvaatelaatikon j\u00e4rjest\u00e4ji\u00e4, vaatekaapin j\u00e4rjest\u00e4j\u00e4t rintaliiveille, alusvaatteille, solmioille ja sukille, kokoontaitettavat kankaiset s\u00e4ilytyslaatikot, vaaleanpunaiset"},"content":{"rendered":"<p>V\u00e4henn\u00e4 sotkua: T\u00e4m\u00e4 alusvaatteiden j\u00e4rjestyssetti auttaa sinua lajittelemaan alusvaatteet tyypin mukaan ja pit\u00e4m\u00e4\u00e4n laatikkosi siististi j\u00e4rjestyksess\u00e4, jotta l\u00f6yd\u00e4t aina nopeasti tarvitsemasi alusvaatteet tai rintaliivit.S\u00e4\u00e4st\u00e4 tilaa: tai taita ne kokoon, kun niit\u00e4 ei k\u00e4ytet\u00e4, jolloin s\u00e4\u00e4st\u00e4t tilaa.Monipuolinen organisointi: 4-osaiset kangaslaatikot t\u00e4ytt\u00e4v\u00e4t erilaiset s\u00e4ilytystarpeet: 5-soluinen j\u00e4rjestelij\u00e4 (32 x 32 x 10 cm) rintaliiveille, 6-osainen (32 x 16 x 10 cm) alusvaatteille, 8-osainen (32 x 16 x 10 cm) solmioille ja 24-osainen (32 x 32 x 10 cm) sukille.Pysy kunnossa: Peitetty 80 g\/m\u00b2 kuitukankaalla ja tuettu pahvilla, n\u00e4iss\u00e4 vaatekaappien j\u00e4rjestelij\u00f6iss\u00e4 on j\u00e4ykk\u00e4, j\u00e4ykk\u00e4 rakenne, joka pit\u00e4\u00e4 muotonsa ja pit\u00e4\u00e4 alusvaatteet t\u00e4ydellisess\u00e4 j\u00e4rjestyksess\u00e4.<\/p>\n<p>Mit\u00e4 saat: 4 laatikon j\u00e4rjestelij\u00e4sarja, jossa on kokoontaitettava muotoilu, joka tarjoaa asianmukaisen paikan rintaliiveille, alusvaatteille, solmioille ja sukille ja mahtuu my\u00f6s mukavasti laatikostoon tai vaatekaapin hyllyille.<\/p>\n<p>Tekniset tiedot:- V\u00e4ri: &#8211; V\u00e4ri: 1: Pink- Materiaali: Materiaali: 80 g\/m\u00b2 kuitukangas, pahvi, PE-paneeli- Tuotteen koko: &#8211; 5-soluinen rintaliiveille: 6-soluinen rintaliiveille: 32 x 32 x 10 cm (P x L x K) &#8211; 6-osainen alusvaatteille: 32 x 32 x 10 cm (P x L x K): 32 x 16 x 10 cm (P x L x K)- 8-soluinen solmio solmioille: 32 x 16 x 10 cm (P x L x K)- 8-soluinen solmio solmioille: Sukat: 32 x 16 x 10 cm (P x L x K) &#8211; 24-soluiset sukat: 32 x 16 x 10 cm (P x L x K): Kokonaispaino: 0,7 kg Pakkauksen sis\u00e4lt\u00f6:- 1 x 4 alusvaatteiden j\u00e4rjestelij\u00e4n sarja (5-soluinen, 6-soluinen, 8-soluinen, 24-soluinen) &#8211; 2 x ulosvedett\u00e4v\u00e4 PE-paneeli.<\/p>\n","protected":false},"excerpt":{"rendered":"<p>V\u00e4henn\u00e4 sotkua: T\u00e4m\u00e4 alusvaatteiden j\u00e4rjestyssetti auttaa sinua lajittelemaan alusvaatteet tyypin mukaan ja pit\u00e4m\u00e4\u00e4n laatikkosi siististi j\u00e4rjestyksess\u00e4, jotta l\u00f6yd\u00e4t aina nopeasti tarvitsemasi alusvaatteet tai rintaliivit.S\u00e4\u00e4st\u00e4 tilaa: tai taita ne kokoon, kun niit\u00e4 ei k\u00e4ytet\u00e4, jolloin s\u00e4\u00e4st\u00e4t tilaa.Monipuolinen organisointi: 4-osaiset kangaslaatikot t\u00e4ytt\u00e4v\u00e4t erilaiset s\u00e4ilytystarpeet: 5-soluinen j\u00e4rjestelij\u00e4 (32 x 32 x 10 cm) rintaliiveille, 6-osainen (32 x 16 [&hellip;]<\/p>\n","protected":false},"featured_media":0,"comment_status":"open","ping_status":"closed","template":"","meta":[],"product_brand":[],"product_cat":[32],"product_tag":[],"class_list":{"0":"post-38361","1":"product","2":"type-product","3":"status-publish","5":"product_cat-uncategorized-fi","7":"first","8":"instock","9":"shipping-taxable","10":"purchasable","11":"product-type-simple"},"_links":{"self":[{"href":"https:\/\/nordicmart.andreevmaster.com\/fi\/wp-json\/wp\/v2\/product\/38361","targetHints":{"allow":["GET"]}}],"collection":[{"href":"https:\/\/nordicmart.andreevmaster.com\/fi\/wp-json\/wp\/v2\/product"}],"about":[{"href":"https:\/\/nordicmart.andreevmaster.com\/fi\/wp-json\/wp\/v2\/types\/product"}],"replies":[{"embeddable":true,"href":"https:\/\/nordicmart.andreevmaster.com\/fi\/wp-json\/wp\/v2\/comments?post=38361"}],"wp:attachment":[{"href":"https:\/\/nordicmart.andreevmaster.com\/fi\/wp-json\/wp\/v2\/media?parent=38361"}],"wp:term":[{"taxonomy":"product_brand","embeddable":true,"href":"https:\/\/nordicmart.andreevmaster.com\/fi\/wp-json\/wp\/v2\/product_brand?post=38361"},{"taxonomy":"product_cat","embeddable":true,"href":"https:\/\/nordicmart.andreevmaster.com\/fi\/wp-json\/wp\/v2\/product_cat?post=38361"},{"taxonomy":"product_tag","embeddable":true,"href":"https:\/\/nordicmart.andreevmaster.com\/fi\/wp-json\/wp\/v2\/product_tag?post=38361"}],"curies":[{"name":"wp","href":"https:\/\/api.w.org\/{rel}","templated":true}]}}