{"id":38356,"date":"2026-02-27T00:43:36","date_gmt":"2026-02-27T00:43:36","guid":{"rendered":"https:\/\/nordicmart.andreevmaster.com\/product\/songmics-alusvaateorganisaattori-4-kpln-sarja-80-lokeroa-musta\/"},"modified":"2026-02-27T09:59:15","modified_gmt":"2026-02-27T09:59:15","slug":"songmics-alusvaateorganisaattori-4-kpln-sarja-80-lokeroa-musta","status":"publish","type":"product","link":"https:\/\/nordicmart.andreevmaster.com\/fi\/tuote\/songmics-alusvaateorganisaattori-4-kpln-sarja-80-lokeroa-musta\/","title":{"rendered":"SONGMICS alusvaateorganisaattori, 4 kpl:n sarja, 80 lokeroa, musta"},"content":{"rendered":"<p>SONGMICS alusvaateorganisaattori, 4 kpl, 80 lokeroa (2&#215;16+2&#215;24), taitettava laatikko-organisaattori, vaatekaapin j\u00e4rjestysj\u00e4rjestelm\u00e4, s\u00e4ilytyslaatikot, sukat, alusvaatteet, solmiot, musta RUS011B01<br \/>\nV\u00e4ri: musta<br \/>\nMateriaali: 80 g\/m\u00b2 kuitukangas, 2 mm paksu PP-pohjalevy<br \/>\nKunkin laatikon koko: 30 x 30 x 10 cm (S x L x K)<br \/>\nKunkin suuren lokeron koko: 7,6 x 7,6 cm<br \/>\nPienen lokeron koko: 7,6 x 5 cm<br \/>\nKokonaispaino: 0,7 kg<\/p>\n","protected":false},"excerpt":{"rendered":"<p>SONGMICS alusvaateorganisaattori, 4 kpl, 80 lokeroa (2&#215;16+2&#215;24), taitettava laatikko-organisaattori, vaatekaapin j\u00e4rjestysj\u00e4rjestelm\u00e4, s\u00e4ilytyslaatikot, sukat, alusvaatteet, solmiot, musta RUS011B01<\/p>\n","protected":false},"featured_media":46161,"comment_status":"open","ping_status":"closed","template":"","meta":[],"product_brand":[],"product_cat":[32],"product_tag":[],"class_list":{"0":"post-38356","1":"product","2":"type-product","3":"status-publish","4":"has-post-thumbnail","6":"product_cat-uncategorized-fi","8":"first","9":"instock","10":"shipping-taxable","11":"purchasable","12":"product-type-simple"},"_links":{"self":[{"href":"https:\/\/nordicmart.andreevmaster.com\/fi\/wp-json\/wp\/v2\/product\/38356","targetHints":{"allow":["GET"]}}],"collection":[{"href":"https:\/\/nordicmart.andreevmaster.com\/fi\/wp-json\/wp\/v2\/product"}],"about":[{"href":"https:\/\/nordicmart.andreevmaster.com\/fi\/wp-json\/wp\/v2\/types\/product"}],"replies":[{"embeddable":true,"href":"https:\/\/nordicmart.andreevmaster.com\/fi\/wp-json\/wp\/v2\/comments?post=38356"}],"wp:featuredmedia":[{"embeddable":true,"href":"https:\/\/nordicmart.andreevmaster.com\/fi\/wp-json\/wp\/v2\/media\/46161"}],"wp:attachment":[{"href":"https:\/\/nordicmart.andreevmaster.com\/fi\/wp-json\/wp\/v2\/media?parent=38356"}],"wp:term":[{"taxonomy":"product_brand","embeddable":true,"href":"https:\/\/nordicmart.andreevmaster.com\/fi\/wp-json\/wp\/v2\/product_brand?post=38356"},{"taxonomy":"product_cat","embeddable":true,"href":"https:\/\/nordicmart.andreevmaster.com\/fi\/wp-json\/wp\/v2\/product_cat?post=38356"},{"taxonomy":"product_tag","embeddable":true,"href":"https:\/\/nordicmart.andreevmaster.com\/fi\/wp-json\/wp\/v2\/product_tag?post=38356"}],"curies":[{"name":"wp","href":"https:\/\/api.w.org\/{rel}","templated":true}]}}