{"id":38347,"date":"2026-02-27T00:43:33","date_gmt":"2026-02-27T00:43:33","guid":{"rendered":"https:\/\/nordicmart.andreevmaster.com\/product\/songmics-vaatekaapin-jarjestelija-6-lokeroa-4-kpln-sarja-harmaansininen\/"},"modified":"2026-02-27T09:59:13","modified_gmt":"2026-02-27T09:59:13","slug":"songmics-vaatekaapin-jarjestelija-6-lokeroa-4-kpln-sarja-harmaansininen","status":"publish","type":"product","link":"https:\/\/nordicmart.andreevmaster.com\/fi\/tuote\/songmics-vaatekaapin-jarjestelija-6-lokeroa-4-kpln-sarja-harmaansininen\/","title":{"rendered":"SONGMICS vaatekaapin j\u00e4rjestelij\u00e4 6 lokeroa, 4 kpl:n sarja, harmaansininen"},"content":{"rendered":"<p>SONGMICS vaatekaapin j\u00e4rjestelij\u00e4, 4 kpl, s\u00e4ilytyslaatikko, 6 lokeroa, laatikoiden j\u00e4rjestelij\u00e4j\u00e4rjestelm\u00e4, taitettavat s\u00e4ilytyslaatikot, 42 x 30 x 17 cm, housuille, vaatteille, kyyhkynharmaa RUS009G04<br \/>\nV\u00e4ri: kyyhkynharmaa<br \/>\nMateriaali: kuitukangas 80 g\/m\u00b2, pahvi<br \/>\nKunkin laatikon koko: 42 x 30 x 17 cm (S x L x K)<br \/>\n4 laatikon paino: 1,7 kg<\/p>\n","protected":false},"excerpt":{"rendered":"<p>SONGMICS vaatekaapin j\u00e4rjestelij\u00e4, 4 kpl, s\u00e4ilytyslaatikko, 6 lokeroa, laatikoiden j\u00e4rjestelij\u00e4j\u00e4rjestelm\u00e4, taitettavat s\u00e4ilytyslaatikot, 42 x 30 x 17 cm, housuille, vaatteille, kyyhkynharmaa RUS009G04<\/p>\n","protected":false},"featured_media":46152,"comment_status":"open","ping_status":"closed","template":"","meta":[],"product_brand":[],"product_cat":[32],"product_tag":[],"class_list":{"0":"post-38347","1":"product","2":"type-product","3":"status-publish","4":"has-post-thumbnail","6":"product_cat-uncategorized-fi","8":"first","9":"instock","10":"shipping-taxable","11":"purchasable","12":"product-type-simple"},"_links":{"self":[{"href":"https:\/\/nordicmart.andreevmaster.com\/fi\/wp-json\/wp\/v2\/product\/38347","targetHints":{"allow":["GET"]}}],"collection":[{"href":"https:\/\/nordicmart.andreevmaster.com\/fi\/wp-json\/wp\/v2\/product"}],"about":[{"href":"https:\/\/nordicmart.andreevmaster.com\/fi\/wp-json\/wp\/v2\/types\/product"}],"replies":[{"embeddable":true,"href":"https:\/\/nordicmart.andreevmaster.com\/fi\/wp-json\/wp\/v2\/comments?post=38347"}],"wp:featuredmedia":[{"embeddable":true,"href":"https:\/\/nordicmart.andreevmaster.com\/fi\/wp-json\/wp\/v2\/media\/46152"}],"wp:attachment":[{"href":"https:\/\/nordicmart.andreevmaster.com\/fi\/wp-json\/wp\/v2\/media?parent=38347"}],"wp:term":[{"taxonomy":"product_brand","embeddable":true,"href":"https:\/\/nordicmart.andreevmaster.com\/fi\/wp-json\/wp\/v2\/product_brand?post=38347"},{"taxonomy":"product_cat","embeddable":true,"href":"https:\/\/nordicmart.andreevmaster.com\/fi\/wp-json\/wp\/v2\/product_cat?post=38347"},{"taxonomy":"product_tag","embeddable":true,"href":"https:\/\/nordicmart.andreevmaster.com\/fi\/wp-json\/wp\/v2\/product_tag?post=38347"}],"curies":[{"name":"wp","href":"https:\/\/api.w.org\/{rel}","templated":true}]}}