{"id":38342,"date":"2026-02-27T00:43:32","date_gmt":"2026-02-27T00:43:32","guid":{"rendered":"https:\/\/nordicmart.andreevmaster.com\/product\/songmics-alusvaateorganisaattori-rintaliiveille-vaaleanpunainen\/"},"modified":"2026-02-27T09:59:12","modified_gmt":"2026-02-27T09:59:12","slug":"songmics-alusvaateorganisaattori-rintaliiveille-vaaleanpunainen","status":"publish","type":"product","link":"https:\/\/nordicmart.andreevmaster.com\/fi\/tuote\/songmics-alusvaateorganisaattori-rintaliiveille-vaaleanpunainen\/","title":{"rendered":"SONGMICS alusvaateorganisaattori rintaliiveille, vaaleanpunainen"},"content":{"rendered":"<p>SONGMICS alusvaatteiden s\u00e4ilytyslaatikot, laatikoiden j\u00e4rjestelij\u00e4t, vaatekaapin j\u00e4rjestelyj\u00e4rjestelm\u00e4, BHS:lle, alusvaatteille, sukkille, solmioille, taitettavat laatikot, kangaslaatikot, 8 kpl:n sarja, harmaa RUS08GY<br \/>\nV\u00e4ri: vaaleanpunainen<br \/>\nMateriaali: 80 g\/m\u00b2 kuitukangas, PE-levy, pahvi<br \/>\nKoko: Laatikko 5 lokerolla rintaliiveille: 32 x 32 x 10 cm (P x L x K) Laatikko 6 lokerolla huiveille\/alusvaatteille: 32 x 16 x 10 cm (P x L x K) Laatikko, jossa 8 lokeroa solmioille: 32 x 16 x 10 cm (P x L x K) Laatikko, jossa 24 lokeroa sukkia tai muita asusteita varten: 32 x 32 x 10 cm (P x L x K)<br \/>\nPaino: 1,3 kg<\/p>\n","protected":false},"excerpt":{"rendered":"<p>SONGMICS alusvaatteiden s\u00e4ilytyslaatikot, laatikoiden j\u00e4rjestelij\u00e4t, vaatekaapin j\u00e4rjestelyj\u00e4rjestelm\u00e4, BHS:lle, alusvaatteille, sukkille, solmioille, taitettavat laatikot, kangaslaatikot, 8 kpl:n sarja, harmaa RUS08GY<\/p>\n","protected":false},"featured_media":46147,"comment_status":"open","ping_status":"closed","template":"","meta":[],"product_brand":[],"product_cat":[32],"product_tag":[],"class_list":{"0":"post-38342","1":"product","2":"type-product","3":"status-publish","4":"has-post-thumbnail","6":"product_cat-uncategorized-fi","8":"first","9":"instock","10":"shipping-taxable","11":"purchasable","12":"product-type-simple"},"_links":{"self":[{"href":"https:\/\/nordicmart.andreevmaster.com\/fi\/wp-json\/wp\/v2\/product\/38342","targetHints":{"allow":["GET"]}}],"collection":[{"href":"https:\/\/nordicmart.andreevmaster.com\/fi\/wp-json\/wp\/v2\/product"}],"about":[{"href":"https:\/\/nordicmart.andreevmaster.com\/fi\/wp-json\/wp\/v2\/types\/product"}],"replies":[{"embeddable":true,"href":"https:\/\/nordicmart.andreevmaster.com\/fi\/wp-json\/wp\/v2\/comments?post=38342"}],"wp:featuredmedia":[{"embeddable":true,"href":"https:\/\/nordicmart.andreevmaster.com\/fi\/wp-json\/wp\/v2\/media\/46147"}],"wp:attachment":[{"href":"https:\/\/nordicmart.andreevmaster.com\/fi\/wp-json\/wp\/v2\/media?parent=38342"}],"wp:term":[{"taxonomy":"product_brand","embeddable":true,"href":"https:\/\/nordicmart.andreevmaster.com\/fi\/wp-json\/wp\/v2\/product_brand?post=38342"},{"taxonomy":"product_cat","embeddable":true,"href":"https:\/\/nordicmart.andreevmaster.com\/fi\/wp-json\/wp\/v2\/product_cat?post=38342"},{"taxonomy":"product_tag","embeddable":true,"href":"https:\/\/nordicmart.andreevmaster.com\/fi\/wp-json\/wp\/v2\/product_tag?post=38342"}],"curies":[{"name":"wp","href":"https:\/\/api.w.org\/{rel}","templated":true}]}}