{"id":38340,"date":"2026-02-27T00:43:31","date_gmt":"2026-02-27T00:43:31","guid":{"rendered":"https:\/\/nordicmart.andreevmaster.com\/product\/songmics-alusvaateorganisaattori-8-kpln-sarja\/"},"modified":"2026-02-27T09:59:11","modified_gmt":"2026-02-27T09:59:11","slug":"songmics-alusvaateorganisaattori-8-kpln-sarja","status":"publish","type":"product","link":"https:\/\/nordicmart.andreevmaster.com\/fi\/tuote\/songmics-alusvaateorganisaattori-8-kpln-sarja\/","title":{"rendered":"SONGMICS alusvaateorganisaattori, 8 kpl:n sarja"},"content":{"rendered":"<p>SONGMICS alusvaatteiden s\u00e4ilytyslaatikot, laatikoiden j\u00e4rjestelij\u00e4t, vaatekaapin j\u00e4rjestelyj\u00e4rjestelm\u00e4, BHS:lle, alusvaatteille, sukkille, solmioille, taitettavat laatikot, kangaslaatikot, 8 kpl:n sarja, harmaa RUS08GY<br \/>\nV\u00e4ri: harmaa<br \/>\nMateriaali: 80 g\/m\u00b2 kuitukangas, pahvi, PE-levy<br \/>\nKoko:<br \/>\n5 lokeroiset laatikot rintaliiveille: 32 x 32 x 10 cm (P x L x K)<br \/>\n6 lokeroinen laatikko alushousuille: 32 x 16 x 10 cm (P x L x K)<br \/>\n8 lokeroiset laatikot solmioille: 32 x 16 x 10 cm (P x L x K)<br \/>\n24 lokeroa sis\u00e4lt\u00e4v\u00e4t laatikot sukkia varten: 32 x 32 x 10 cm (P x L x K)<br \/>\nKokonaispaino: 1,4 kg<\/p>\n","protected":false},"excerpt":{"rendered":"<p>SONGMICS alusvaatteiden s\u00e4ilytyslaatikot, laatikoiden j\u00e4rjestelij\u00e4t, vaatekaapin j\u00e4rjestelyj\u00e4rjestelm\u00e4, BHS:lle, alusvaatteille, sukkille, solmioille, taitettavat laatikot, kangaslaatikot, 8 kpl:n sarja, harmaa RUS08GY<\/p>\n","protected":false},"featured_media":46145,"comment_status":"open","ping_status":"closed","template":"","meta":[],"product_brand":[],"product_cat":[32],"product_tag":[],"class_list":{"0":"post-38340","1":"product","2":"type-product","3":"status-publish","4":"has-post-thumbnail","6":"product_cat-uncategorized-fi","8":"first","9":"instock","10":"shipping-taxable","11":"purchasable","12":"product-type-simple"},"_links":{"self":[{"href":"https:\/\/nordicmart.andreevmaster.com\/fi\/wp-json\/wp\/v2\/product\/38340","targetHints":{"allow":["GET"]}}],"collection":[{"href":"https:\/\/nordicmart.andreevmaster.com\/fi\/wp-json\/wp\/v2\/product"}],"about":[{"href":"https:\/\/nordicmart.andreevmaster.com\/fi\/wp-json\/wp\/v2\/types\/product"}],"replies":[{"embeddable":true,"href":"https:\/\/nordicmart.andreevmaster.com\/fi\/wp-json\/wp\/v2\/comments?post=38340"}],"wp:featuredmedia":[{"embeddable":true,"href":"https:\/\/nordicmart.andreevmaster.com\/fi\/wp-json\/wp\/v2\/media\/46145"}],"wp:attachment":[{"href":"https:\/\/nordicmart.andreevmaster.com\/fi\/wp-json\/wp\/v2\/media?parent=38340"}],"wp:term":[{"taxonomy":"product_brand","embeddable":true,"href":"https:\/\/nordicmart.andreevmaster.com\/fi\/wp-json\/wp\/v2\/product_brand?post=38340"},{"taxonomy":"product_cat","embeddable":true,"href":"https:\/\/nordicmart.andreevmaster.com\/fi\/wp-json\/wp\/v2\/product_cat?post=38340"},{"taxonomy":"product_tag","embeddable":true,"href":"https:\/\/nordicmart.andreevmaster.com\/fi\/wp-json\/wp\/v2\/product_tag?post=38340"}],"curies":[{"name":"wp","href":"https:\/\/api.w.org\/{rel}","templated":true}]}}