{"id":38338,"date":"2026-02-27T00:43:30","date_gmt":"2026-02-27T00:43:30","guid":{"rendered":"https:\/\/nordicmart.andreevmaster.com\/product\/songmics-2-kpl-alusvaatteiden-sailytyslaatikoita\/"},"modified":"2026-02-27T09:59:11","modified_gmt":"2026-02-27T09:59:11","slug":"songmics-2-kpl-alusvaatteiden-sailytyslaatikoita","status":"publish","type":"product","link":"https:\/\/nordicmart.andreevmaster.com\/fi\/tuote\/songmics-2-kpl-alusvaatteiden-sailytyslaatikoita\/","title":{"rendered":"SONGMICS 2 kpl alusvaatteiden s\u00e4ilytyslaatikoita"},"content":{"rendered":"<p>Tuotetiedot: &#8211; V\u00e4ri: harmaa &#8211; Materiaali: pahvi, kuitukangas &#8211; Koko: 32 x 32 x 10 cm (P x L x K) &#8211; Paino: 0,4 kg Toimitus sis\u00e4lt\u00e4\u00e4: &#8211; 2 x s\u00e4ilytyslaatikko SONGMICS-ohjeet: &#8211; \u00c4l\u00e4 pese tuotetta vedell\u00e4, vaan pyyhi se kostealla liinalla.- Tuote saattaa tuoksua &#8221;uudelta&#8221; avattaessa. T\u00e4ll\u00f6in voit sijoittaa sen hyvin ilmastoituun tilaan, jotta tuoksu h\u00e4vi\u00e4\u00e4 lyhyess\u00e4 ajassa. &#8211; \u00c4l\u00e4 altista tuotetta pitk\u00e4\u00e4n suoralle auringonvalolle tai korkealle kosteudelle. &#8211; \u00c4l\u00e4 aseta ter\u00e4vi\u00e4 tai painavia esineit\u00e4 huonekalun p\u00e4\u00e4lle.<\/p>\n","protected":false},"excerpt":{"rendered":"<p>SONGMICS alusvaateorganisaattori, 2 kpl, vaatekaapin j\u00e4rjestelyj\u00e4rjestelm\u00e4, s\u00e4ilytyslaatikko, taitettava, taitettava laatikko, kangaslaatikko sukkia, aluspaitoja ja solmioita varten, harmaa, siksak-kuvio RUS002B01<\/p>\n","protected":false},"featured_media":46143,"comment_status":"open","ping_status":"closed","template":"","meta":[],"product_brand":[],"product_cat":[32],"product_tag":[],"class_list":{"0":"post-38338","1":"product","2":"type-product","3":"status-publish","4":"has-post-thumbnail","6":"product_cat-uncategorized-fi","8":"first","9":"instock","10":"shipping-taxable","11":"purchasable","12":"product-type-simple"},"_links":{"self":[{"href":"https:\/\/nordicmart.andreevmaster.com\/fi\/wp-json\/wp\/v2\/product\/38338","targetHints":{"allow":["GET"]}}],"collection":[{"href":"https:\/\/nordicmart.andreevmaster.com\/fi\/wp-json\/wp\/v2\/product"}],"about":[{"href":"https:\/\/nordicmart.andreevmaster.com\/fi\/wp-json\/wp\/v2\/types\/product"}],"replies":[{"embeddable":true,"href":"https:\/\/nordicmart.andreevmaster.com\/fi\/wp-json\/wp\/v2\/comments?post=38338"}],"wp:featuredmedia":[{"embeddable":true,"href":"https:\/\/nordicmart.andreevmaster.com\/fi\/wp-json\/wp\/v2\/media\/46143"}],"wp:attachment":[{"href":"https:\/\/nordicmart.andreevmaster.com\/fi\/wp-json\/wp\/v2\/media?parent=38338"}],"wp:term":[{"taxonomy":"product_brand","embeddable":true,"href":"https:\/\/nordicmart.andreevmaster.com\/fi\/wp-json\/wp\/v2\/product_brand?post=38338"},{"taxonomy":"product_cat","embeddable":true,"href":"https:\/\/nordicmart.andreevmaster.com\/fi\/wp-json\/wp\/v2\/product_cat?post=38338"},{"taxonomy":"product_tag","embeddable":true,"href":"https:\/\/nordicmart.andreevmaster.com\/fi\/wp-json\/wp\/v2\/product_tag?post=38338"}],"curies":[{"name":"wp","href":"https:\/\/api.w.org\/{rel}","templated":true}]}}